{"id":18079,"date":"2024-11-01T13:07:46","date_gmt":"2024-11-01T13:07:46","guid":{"rendered":"https:\/\/fjolmenning.arborg.is\/?page_id=18079"},"modified":"2025-07-16T13:54:27","modified_gmt":"2025-07-16T13:54:27","slug":"islenskunamskeid","status":"publish","type":"page","link":"https:\/\/fjolmenning.arborg.is\/pl\/islenskunamskeid\/","title":{"rendered":"Kursy j. islandzkiego"},"content":{"rendered":"<h1>\n\t\t\tKursy j. islandzkiego\t<\/h1>\n\t<p>Kursy j. islandzkiego oferowane s\u0105 we Fr\u00e6\u00f0sluneti\u00f0 w Selfoss. Mo\u017cliwa jest r\u00f3wnie\u017c nauka w innych szko\u0142ach w okr\u0119gu sto\u0142ecznym. Niekt\u00f3re szko\u0142y oferuj\u0105 zaj\u0119cia online.<\/p>\n\t<p>Szczeg\u00f3\u0142owe informacje:<\/p>\n<p><a href=\"https:\/\/mcc.is\/is\/ad-bua-a-islandi\/menntun\/islenskunam\" target=\"_blank\" rel=\"noopener\">https:\/\/mcc.is\/is\/ad-bua-a-islandi\/menntun\/islenskunam<\/a><\/p>\n<p><a href=\"https:\/\/fjolmenning.arborg.is\/pl\/menntun\/fraedslunet-sudurlands\/\" target=\"_blank\" rel=\"noopener\">https:\/\/fjolmenning.arborg.is\/menntun\/fraedslunet-sudurlands\/<\/a><\/p>","protected":false},"excerpt":{"rendered":"<p>\u00cdslenskun\u00e1mskei\u00f0 H\u00e6gt er a\u00f0 l\u00e6ra \u00edslensku hj\u00e1 Fr\u00e6\u00f0slunetinu \u00e1 Selfossi. Einnig m\u00e1 s\u00e6kja n\u00e1m \u00ed a\u00f0ra sk\u00f3la \u00e1 h\u00f6fu\u00f0borgarsv\u00e6\u00f0inu. Sumir sk\u00f3lar bj\u00f3\u00f0a upp \u00e1 kennslu \u00e1 netinu. N\u00e1nari uppl\u00fdsingar: https:\/\/mcc.is\/is\/ad-bua-a-islandi\/menntun\/islenskunam https:\/\/fjolmenning.arborg.is\/menntun\/fraedslunet-sudurlands\/<\/p>","protected":false},"author":4,"featured_media":0,"parent":0,"menu_order":0,"comment_status":"closed","ping_status":"closed","template":"","meta":{"inline_featured_image":false,"site-sidebar-layout":"no-sidebar","site-content-layout":"page-builder","ast-site-content-layout":"default","site-content-style":"default","site-sidebar-style":"default","ast-global-header-display":"","ast-banner-title-visibility":"","ast-main-header-display":"","ast-hfb-above-header-display":"","ast-hfb-below-header-display":"","ast-hfb-mobile-header-display":"","site-post-title":"disabled","ast-breadcrumbs-content":"","ast-featured-img":"disabled","footer-sml-layout":"","theme-transparent-header-meta":"default","adv-header-id-meta":"","stick-header-meta":"","header-above-stick-meta":"","header-main-stick-meta":"","header-below-stick-meta":"","astra-migrate-meta-layouts":"default","ast-page-background-enabled":"default","ast-page-background-meta":{"desktop":{"background-color":"","background-image":"","background-repeat":"repeat","background-position":"center center","background-size":"auto","background-attachment":"scroll","background-type":"","background-media":"","overlay-type":"","overlay-color":"","overlay-opacity":"","overlay-gradient":""},"tablet":{"background-color":"","background-image":"","background-repeat":"repeat","background-position":"center center","background-size":"auto","background-attachment":"scroll","background-type":"","background-media":"","overlay-type":"","overlay-color":"","overlay-opacity":"","overlay-gradient":""},"mobile":{"background-color":"","background-image":"","background-repeat":"repeat","background-position":"center center","background-size":"auto","background-attachment":"scroll","background-type":"","background-media":"","overlay-type":"","overlay-color":"","overlay-opacity":"","overlay-gradient":""}},"ast-content-background-meta":{"desktop":{"background-color":"var(--ast-global-color-5)","background-image":"","background-repeat":"repeat","background-position":"center center","background-size":"auto","background-attachment":"scroll","background-type":"","background-media":"","overlay-type":"","overlay-color":"","overlay-opacity":"","overlay-gradient":""},"tablet":{"background-color":"var(--ast-global-color-5)","background-image":"","background-repeat":"repeat","background-position":"center center","background-size":"auto","background-attachment":"scroll","background-type":"","background-media":"","overlay-type":"","overlay-color":"","overlay-opacity":"","overlay-gradient":""},"mobile":{"background-color":"var(--ast-global-color-5)","background-image":"","background-repeat":"repeat","background-position":"center center","background-size":"auto","background-attachment":"scroll","background-type":"","background-media":"","overlay-type":"","overlay-color":"","overlay-opacity":"","overlay-gradient":""}},"footnotes":""},"class_list":["post-18079","page","type-page","status-publish","hentry"],"_links":{"self":[{"href":"https:\/\/fjolmenning.arborg.is\/pl\/wp-json\/wp\/v2\/pages\/18079","targetHints":{"allow":["GET"]}}],"collection":[{"href":"https:\/\/fjolmenning.arborg.is\/pl\/wp-json\/wp\/v2\/pages"}],"about":[{"href":"https:\/\/fjolmenning.arborg.is\/pl\/wp-json\/wp\/v2\/types\/page"}],"author":[{"embeddable":true,"href":"https:\/\/fjolmenning.arborg.is\/pl\/wp-json\/wp\/v2\/users\/4"}],"replies":[{"embeddable":true,"href":"https:\/\/fjolmenning.arborg.is\/pl\/wp-json\/wp\/v2\/comments?post=18079"}],"version-history":[{"count":5,"href":"https:\/\/fjolmenning.arborg.is\/pl\/wp-json\/wp\/v2\/pages\/18079\/revisions"}],"predecessor-version":[{"id":18282,"href":"https:\/\/fjolmenning.arborg.is\/pl\/wp-json\/wp\/v2\/pages\/18079\/revisions\/18282"}],"wp:attachment":[{"href":"https:\/\/fjolmenning.arborg.is\/pl\/wp-json\/wp\/v2\/media?parent=18079"}],"curies":[{"name":"wp","href":"https:\/\/api.w.org\/{rel}","templated":true}]}}