{"id":17874,"date":"2023-01-13T09:03:01","date_gmt":"2023-01-13T09:03:01","guid":{"rendered":"https:\/\/fjolmenning.arborg.is\/?page_id=17874"},"modified":"2025-07-16T11:49:35","modified_gmt":"2025-07-16T11:49:35","slug":"dagforeldrar","status":"publish","type":"page","link":"https:\/\/fjolmenning.arborg.is\/pl\/ibuar\/dagforeldrar\/","title":{"rendered":"Opiekunowie dzienni"},"content":{"rendered":"<h1>\n\t\t\tOpiekunowie dzienni\t<\/h1>\n\tForeldrar hafa sj\u00e1lfir samband vi\u00f0 dagforeldra \u00feegar leita\u00f0 er eftir vistun fyrir barni\u00f0.<br \/>\nDagforeldrar eru sj\u00e1lfst\u00e6\u00f0ir atvinnurekendur og starfa samkv\u00e6mt starfsleyfi sem dagg\u00e6sluteymi fj\u00f6lskyldusvi\u00f0s \u00c1rborgar veitir. Dagg\u00e6sluteymi\u00f0 hefur einnig eftirlit me\u00f0 starfseminni.\n\t<p>Szczeg\u00f3\u0142owe informacje na stronie gminy \u00c1rborg: <a href=\"https:\/\/www.arborg.is\/ibuar\/skolar-og-daggaesla\/dagforeldrar\/\" target=\"_blank\" rel=\"noopener\">https:\/\/www.arborg.is\/ibuar\/skolar-og-daggaesla\/dagforeldrar\/<\/a><\/p>","protected":false},"excerpt":{"rendered":"<p>Dagforeldrar Foreldrar hafa sj\u00e1lfir samband vi\u00f0 dagforeldra \u00feegar leita\u00f0 er eftir vistun fyrir barni\u00f0. Dagforeldrar eru sj\u00e1lfst\u00e6\u00f0ir atvinnurekendur og starfa samkv\u00e6mt starfsleyfi sem dagg\u00e6sluteymi fj\u00f6lskyldusvi\u00f0s \u00c1rborgar veitir. Dagg\u00e6sluteymi\u00f0 hefur einnig eftirlit me\u00f0 starfseminni. N\u00e1nari uppl\u00fdsingar \u00e1 vefs\u00ed\u00f0u \u00c1rborgar: https:\/\/www.arborg.is\/ibuar\/skolar-og-daggaesla\/dagforeldrar\/<\/p>","protected":false},"author":4,"featured_media":0,"parent":16503,"menu_order":0,"comment_status":"closed","ping_status":"closed","template":"","meta":{"inline_featured_image":false,"site-sidebar-layout":"no-sidebar","site-content-layout":"page-builder","ast-site-content-layout":"default","site-content-style":"default","site-sidebar-style":"default","ast-global-header-display":"","ast-banner-title-visibility":"","ast-main-header-display":"","ast-hfb-above-header-display":"","ast-hfb-below-header-display":"","ast-hfb-mobile-header-display":"","site-post-title":"disabled","ast-breadcrumbs-content":"","ast-featured-img":"disabled","footer-sml-layout":"","theme-transparent-header-meta":"default","adv-header-id-meta":"","stick-header-meta":"","header-above-stick-meta":"","header-main-stick-meta":"","header-below-stick-meta":"","astra-migrate-meta-layouts":"default","ast-page-background-enabled":"default","ast-page-background-meta":{"desktop":{"background-color":"","background-image":"","background-repeat":"repeat","background-position":"center center","background-size":"auto","background-attachment":"scroll","background-type":"","background-media":"","overlay-type":"","overlay-color":"","overlay-opacity":"","overlay-gradient":""},"tablet":{"background-color":"","background-image":"","background-repeat":"repeat","background-position":"center center","background-size":"auto","background-attachment":"scroll","background-type":"","background-media":"","overlay-type":"","overlay-color":"","overlay-opacity":"","overlay-gradient":""},"mobile":{"background-color":"","background-image":"","background-repeat":"repeat","background-position":"center center","background-size":"auto","background-attachment":"scroll","background-type":"","background-media":"","overlay-type":"","overlay-color":"","overlay-opacity":"","overlay-gradient":""}},"ast-content-background-meta":{"desktop":{"background-color":"var(--ast-global-color-5)","background-image":"","background-repeat":"repeat","background-position":"center center","background-size":"auto","background-attachment":"scroll","background-type":"","background-media":"","overlay-type":"","overlay-color":"","overlay-opacity":"","overlay-gradient":""},"tablet":{"background-color":"var(--ast-global-color-5)","background-image":"","background-repeat":"repeat","background-position":"center center","background-size":"auto","background-attachment":"scroll","background-type":"","background-media":"","overlay-type":"","overlay-color":"","overlay-opacity":"","overlay-gradient":""},"mobile":{"background-color":"var(--ast-global-color-5)","background-image":"","background-repeat":"repeat","background-position":"center center","background-size":"auto","background-attachment":"scroll","background-type":"","background-media":"","overlay-type":"","overlay-color":"","overlay-opacity":"","overlay-gradient":""}},"footnotes":""},"class_list":["post-17874","page","type-page","status-publish","hentry"],"_links":{"self":[{"href":"https:\/\/fjolmenning.arborg.is\/pl\/wp-json\/wp\/v2\/pages\/17874","targetHints":{"allow":["GET"]}}],"collection":[{"href":"https:\/\/fjolmenning.arborg.is\/pl\/wp-json\/wp\/v2\/pages"}],"about":[{"href":"https:\/\/fjolmenning.arborg.is\/pl\/wp-json\/wp\/v2\/types\/page"}],"author":[{"embeddable":true,"href":"https:\/\/fjolmenning.arborg.is\/pl\/wp-json\/wp\/v2\/users\/4"}],"replies":[{"embeddable":true,"href":"https:\/\/fjolmenning.arborg.is\/pl\/wp-json\/wp\/v2\/comments?post=17874"}],"version-history":[{"count":3,"href":"https:\/\/fjolmenning.arborg.is\/pl\/wp-json\/wp\/v2\/pages\/17874\/revisions"}],"predecessor-version":[{"id":18224,"href":"https:\/\/fjolmenning.arborg.is\/pl\/wp-json\/wp\/v2\/pages\/17874\/revisions\/18224"}],"up":[{"embeddable":true,"href":"https:\/\/fjolmenning.arborg.is\/pl\/wp-json\/wp\/v2\/pages\/16503"}],"wp:attachment":[{"href":"https:\/\/fjolmenning.arborg.is\/pl\/wp-json\/wp\/v2\/media?parent=17874"}],"curies":[{"name":"wp","href":"https:\/\/api.w.org\/{rel}","templated":true}]}}