{"id":17848,"date":"2022-10-28T11:03:39","date_gmt":"2022-10-28T11:03:39","guid":{"rendered":"https:\/\/fjolmenning.arborg.is\/?page_id=17848"},"modified":"2026-03-11T15:14:25","modified_gmt":"2026-03-11T15:14:25","slug":"fristundaheimili","status":"publish","type":"page","link":"https:\/\/fjolmenning.arborg.is\/pl\/menntun\/fristundaheimili\/","title":{"rendered":"\u015awietlica"},"content":{"rendered":"<h1>\n\t\t\t\u015awietlica\t<\/h1>\n\tGmina \u00c1rborg prowadzi \u015bwietlice dla dzieci w klasach 1.-4. w szko\u0142ach podstawowych<br \/>\nsveitarf\u00e9lagsins:\n<ul>\n<li>Bifr\u00f6st\/Vallask\u00f3li<\/li>\n<li>Bjarkarb\u00f3l\/Stekkjask\u00f3li<\/li>\n<li>H\u00f3lar\/Sunnul\u00e6kjarsk\u00f3li<\/li>\n<li>Stj\u00f6rnusteinar\/Barnask\u00f3linn \u00e1 Eyrarbakka og Stokkseyri<\/li>\n<\/ul>\n\t<p>Szczeg\u00f3\u0142owe informacje na stronie gminy \u00c1rborg: <a href=\"https:\/\/fristundamidstod.arborg.is\/fristundaheimili\" target=\"_blank\" rel=\"noopener\">https:\/\/fristundamidstod.arborg.is\/fristundaheimili<\/a><\/p>\n<p>&nbsp;<\/p>\n<p><strong>Podr\u0119cznik dla rodzic\u00f3w dla ka\u017cdej \u015bwietlicy<\/strong><\/p>\n<p>Bifr\u00f6st: <a href=\"https:\/\/fjolmenning.arborg.is\/wp-content\/uploads\/2026\/03\/English-Foreldrahandbok-Bifrost.pdf\" target=\"_blank\" rel=\"noopener\">https:\/\/fjolmenning.arborg.is\/wp-content\/uploads\/2026\/03\/English-Foreldrahandbok-Bifrost.pdf<\/a><\/p>\n<p>Bjarkab\u00f3l: <a href=\"https:\/\/fjolmenning.arborg.is\/wp-content\/uploads\/2026\/03\/English-Foreldrahandbok-Bjarkarbol.pdf\" target=\"_blank\" rel=\"noopener\">https:\/\/fjolmenning.arborg.is\/wp-content\/uploads\/2026\/03\/English-Foreldrahandbok-Bjarkarbol.pdf<\/a><\/p>\n<p>H\u00f3lar: <a href=\"https:\/\/fjolmenning.arborg.is\/wp-content\/uploads\/2026\/03\/English-Foreldrahandbok-Holar.pdf\" target=\"_blank\" rel=\"noopener\">https:\/\/fjolmenning.arborg.is\/wp-content\/uploads\/2026\/03\/English-Foreldrahandbok-Holar.pdf<\/a><\/p>\n<p>Stj\u00f6rnusteinar: <a href=\"https:\/\/fjolmenning.arborg.is\/wp-content\/uploads\/2026\/03\/English-Foreldrahandbok-Stjornusteinar.pdf\" target=\"_blank\" rel=\"noopener\">https:\/\/fjolmenning.arborg.is\/wp-content\/uploads\/2026\/03\/English-Foreldrahandbok-Stjornusteinar.pdf<\/a><\/p>\n<p>&nbsp;<\/p>\n<p><strong>Kalendarz na 2026-27<\/strong><\/p>\n<p>Bifr\u00f6st: <a href=\"https:\/\/fjolmenning.arborg.is\/wp-content\/uploads\/2026\/03\/Fristundadagatal-Bifrost-2026-2027.pdf\" target=\"_blank\" rel=\"noopener\">https:\/\/fjolmenning.arborg.is\/wp-content\/uploads\/2026\/03\/Fristundadagatal-Bifrost-2026-2027.pdf<\/a><\/p>\n<p>Bjarkab\u00f3l: <a href=\"https:\/\/fjolmenning.arborg.is\/wp-content\/uploads\/2026\/03\/Fristundadagatal-Bjarkarbol-2026-2027.pdf\" target=\"_blank\" rel=\"noopener\">https:\/\/fjolmenning.arborg.is\/wp-content\/uploads\/2026\/03\/Fristundadagatal-Bjarkarbol-2026-2027.pdf<\/a><\/p>\n<p>H\u00f3lar:<a href=\"https:\/\/fjolmenning.arborg.is\/wp-content\/uploads\/2026\/03\/Fristundadagatal-Holar-2026-2027.pdf\" target=\"_blank\" rel=\"noopener\"> https:\/\/fjolmenning.arborg.is\/wp-content\/uploads\/2026\/03\/Fristundadagatal-Holar-2026-2027.pdf<\/a><\/p>\n<p>Stj\u00f6rnusteinar: <a href=\"https:\/\/fjolmenning.arborg.is\/wp-content\/uploads\/2026\/03\/Fristundadagatal-Stjornusteinar-2026-2027.pdf\" target=\"_blank\" rel=\"noopener\">https:\/\/fjolmenning.arborg.is\/wp-content\/uploads\/2026\/03\/Fristundadagatal-Stjornusteinar-2026-2027.pdf<\/a><\/p>","protected":false},"excerpt":{"rendered":"<p>Fr\u00edstundaheimili Sveitarf\u00e9lagi\u00f0 \u00c1rborg starfr\u00e6kir fr\u00edstundaheimili fyrir b\u00f6rn \u00ed 1.-4. bekk \u00ed grunnsk\u00f3lum sveitarf\u00e9lagsins: Bifr\u00f6st\/Vallask\u00f3li Bjarkarb\u00f3l\/Stekkjask\u00f3li H\u00f3lar\/Sunnul\u00e6kjarsk\u00f3li Stj\u00f6rnusteinar\/Barnask\u00f3linn \u00e1 Eyrarbakka og Stokkseyri N\u00e1nari almennar uppl\u00fdsingar \u00e1 vefs\u00ed\u00f0u \u00c1rborgar: https:\/\/fristundamidstod.arborg.is\/fristundaheimili &nbsp; Foreldrahandb\u00f3k fyrir hvert fr\u00edstundaheimili Bifr\u00f6st: https:\/\/fjolmenning.arborg.is\/wp-content\/uploads\/2026\/03\/English-Foreldrahandbok-Bifrost.pdf Bjarkab\u00f3l: https:\/\/fjolmenning.arborg.is\/wp-content\/uploads\/2026\/03\/English-Foreldrahandbok-Bjarkarbol.pdf H\u00f3lar: https:\/\/fjolmenning.arborg.is\/wp-content\/uploads\/2026\/03\/English-Foreldrahandbok-Holar.pdf Stj\u00f6rnusteinar: https:\/\/fjolmenning.arborg.is\/wp-content\/uploads\/2026\/03\/English-Foreldrahandbok-Stjornusteinar.pdf &nbsp; Dagat\u00f6l fyrir 2026-27 Bifr\u00f6st: https:\/\/fjolmenning.arborg.is\/wp-content\/uploads\/2026\/03\/Fristundadagatal-Bifrost-2026-2027.pdf Bjarkab\u00f3l: https:\/\/fjolmenning.arborg.is\/wp-content\/uploads\/2026\/03\/Fristundadagatal-Bjarkarbol-2026-2027.pdf H\u00f3lar: https:\/\/fjolmenning.arborg.is\/wp-content\/uploads\/2026\/03\/Fristundadagatal-Holar-2026-2027.pdf Stj\u00f6rnusteinar: https:\/\/fjolmenning.arborg.is\/wp-content\/uploads\/2026\/03\/Fristundadagatal-Stjornusteinar-2026-2027.pdf<\/p>","protected":false},"author":4,"featured_media":0,"parent":16510,"menu_order":0,"comment_status":"closed","ping_status":"closed","template":"","meta":{"inline_featured_image":false,"site-sidebar-layout":"no-sidebar","site-content-layout":"page-builder","ast-site-content-layout":"default","site-content-style":"default","site-sidebar-style":"default","ast-global-header-display":"","ast-banner-title-visibility":"","ast-main-header-display":"","ast-hfb-above-header-display":"","ast-hfb-below-header-display":"","ast-hfb-mobile-header-display":"","site-post-title":"disabled","ast-breadcrumbs-content":"","ast-featured-img":"disabled","footer-sml-layout":"","theme-transparent-header-meta":"default","adv-header-id-meta":"","stick-header-meta":"","header-above-stick-meta":"","header-main-stick-meta":"","header-below-stick-meta":"","astra-migrate-meta-layouts":"default","ast-page-background-enabled":"default","ast-page-background-meta":{"desktop":{"background-color":"","background-image":"","background-repeat":"repeat","background-position":"center center","background-size":"auto","background-attachment":"scroll","background-type":"","background-media":"","overlay-type":"","overlay-color":"","overlay-opacity":"","overlay-gradient":""},"tablet":{"background-color":"","background-image":"","background-repeat":"repeat","background-position":"center center","background-size":"auto","background-attachment":"scroll","background-type":"","background-media":"","overlay-type":"","overlay-color":"","overlay-opacity":"","overlay-gradient":""},"mobile":{"background-color":"","background-image":"","background-repeat":"repeat","background-position":"center center","background-size":"auto","background-attachment":"scroll","background-type":"","background-media":"","overlay-type":"","overlay-color":"","overlay-opacity":"","overlay-gradient":""}},"ast-content-background-meta":{"desktop":{"background-color":"var(--ast-global-color-5)","background-image":"","background-repeat":"repeat","background-position":"center center","background-size":"auto","background-attachment":"scroll","background-type":"","background-media":"","overlay-type":"","overlay-color":"","overlay-opacity":"","overlay-gradient":""},"tablet":{"background-color":"var(--ast-global-color-5)","background-image":"","background-repeat":"repeat","background-position":"center center","background-size":"auto","background-attachment":"scroll","background-type":"","background-media":"","overlay-type":"","overlay-color":"","overlay-opacity":"","overlay-gradient":""},"mobile":{"background-color":"var(--ast-global-color-5)","background-image":"","background-repeat":"repeat","background-position":"center center","background-size":"auto","background-attachment":"scroll","background-type":"","background-media":"","overlay-type":"","overlay-color":"","overlay-opacity":"","overlay-gradient":""}},"footnotes":""},"class_list":["post-17848","page","type-page","status-publish","hentry"],"_links":{"self":[{"href":"https:\/\/fjolmenning.arborg.is\/pl\/wp-json\/wp\/v2\/pages\/17848","targetHints":{"allow":["GET"]}}],"collection":[{"href":"https:\/\/fjolmenning.arborg.is\/pl\/wp-json\/wp\/v2\/pages"}],"about":[{"href":"https:\/\/fjolmenning.arborg.is\/pl\/wp-json\/wp\/v2\/types\/page"}],"author":[{"embeddable":true,"href":"https:\/\/fjolmenning.arborg.is\/pl\/wp-json\/wp\/v2\/users\/4"}],"replies":[{"embeddable":true,"href":"https:\/\/fjolmenning.arborg.is\/pl\/wp-json\/wp\/v2\/comments?post=17848"}],"version-history":[{"count":15,"href":"https:\/\/fjolmenning.arborg.is\/pl\/wp-json\/wp\/v2\/pages\/17848\/revisions"}],"predecessor-version":[{"id":18434,"href":"https:\/\/fjolmenning.arborg.is\/pl\/wp-json\/wp\/v2\/pages\/17848\/revisions\/18434"}],"up":[{"embeddable":true,"href":"https:\/\/fjolmenning.arborg.is\/pl\/wp-json\/wp\/v2\/pages\/16510"}],"wp:attachment":[{"href":"https:\/\/fjolmenning.arborg.is\/pl\/wp-json\/wp\/v2\/media?parent=17848"}],"curies":[{"name":"wp","href":"https:\/\/api.w.org\/{rel}","templated":true}]}}