{"id":17816,"date":"2022-08-25T10:24:17","date_gmt":"2022-08-25T10:24:17","guid":{"rendered":"https:\/\/fjolmenning.arborg.is\/?page_id=17816"},"modified":"2025-07-16T13:50:59","modified_gmt":"2025-07-16T13:50:59","slug":"barnasattmali-sameinudu-thjodanna","status":"publish","type":"page","link":"https:\/\/fjolmenning.arborg.is\/pl\/menntun\/barnasattmali-sameinudu-thjodanna\/","title":{"rendered":"Konwencja o prawach dziecka"},"content":{"rendered":"<h1>\n\t\t\tKonwencja o prawach dziecka\t<\/h1>\n\t<p>Konwencja o prawach dziecka zawiera twierdzenie, \u017ce dzieci na ca\u0142ym \u015bwiecie potrzebuj\u0105 szczeg\u00f3lnej ochrony. Potwierdza, \u017ce \u200b\u200bdzieci s\u0105 niezale\u017cnymi jednostkami posiadaj\u0105cymi pe\u0142ne prawa niezale\u017cne od praw doros\u0142ych. Wszyscy zaanga\u017cowani w sprawy dzieci musz\u0105 zrobi\u0107 wszystko, co w ich mocy, aby egzekwowa\u0107 postanowienia Konwencji. Dotyczy to rz\u0105du, rodzic\u00f3w, szk\u00f3\u0142 i wszystkich innych, kt\u00f3rzy pracuj\u0105 z dzie\u0107mi lub dla nich.<\/p>\n\t<p>Szczeg\u00f3\u0142owe informacje:\u00a0<a href=\"https:\/\/www.barnasattmali.is\/pl\" target=\"_blank\" rel=\"noopener\">https:\/\/www.barnasattmali.is\/pl<\/a><\/p>","protected":false},"excerpt":{"rendered":"<p>Barnas\u00e1ttm\u00e1li Sameinu\u00f0u \u00dej\u00f3\u00f0anna Barnas\u00e1ttm\u00e1linn felur \u00ed s\u00e9r al\u00fej\u00f3\u00f0lega vi\u00f0urkenningu \u00e1 a\u00f0 b\u00f6rn heimsins \u00fearfnist s\u00e9rstakrar verndar umfram hina fullor\u00f0nu. Hann sta\u00f0festir a\u00f0 b\u00f6rn eru sj\u00e1lfst\u00e6\u00f0ir einstaklingar me\u00f0 fullgild r\u00e9ttindi \u00f3h\u00e1\u00f0 r\u00e9ttindum fullor\u00f0inna. \u00d6llum \u00feeim sem koma a\u00f0 m\u00e1lefnum barna ber a\u00f0 gera \u00fea\u00f0 sem \u00ed \u00feeirra valdi stendur til a\u00f0 framfylgja samningnum. H\u00e9r er \u00e1tt [&hellip;]<\/p>\n","protected":false},"author":5,"featured_media":0,"parent":16510,"menu_order":0,"comment_status":"closed","ping_status":"closed","template":"","meta":{"inline_featured_image":false,"site-sidebar-layout":"no-sidebar","site-content-layout":"page-builder","ast-site-content-layout":"default","site-content-style":"default","site-sidebar-style":"default","ast-global-header-display":"","ast-banner-title-visibility":"","ast-main-header-display":"","ast-hfb-above-header-display":"","ast-hfb-below-header-display":"","ast-hfb-mobile-header-display":"","site-post-title":"disabled","ast-breadcrumbs-content":"","ast-featured-img":"disabled","footer-sml-layout":"","theme-transparent-header-meta":"default","adv-header-id-meta":"","stick-header-meta":"","header-above-stick-meta":"","header-main-stick-meta":"","header-below-stick-meta":"","astra-migrate-meta-layouts":"default","ast-page-background-enabled":"default","ast-page-background-meta":{"desktop":{"background-color":"","background-image":"","background-repeat":"repeat","background-position":"center center","background-size":"auto","background-attachment":"scroll","background-type":"","background-media":"","overlay-type":"","overlay-color":"","overlay-opacity":"","overlay-gradient":""},"tablet":{"background-color":"","background-image":"","background-repeat":"repeat","background-position":"center center","background-size":"auto","background-attachment":"scroll","background-type":"","background-media":"","overlay-type":"","overlay-color":"","overlay-opacity":"","overlay-gradient":""},"mobile":{"background-color":"","background-image":"","background-repeat":"repeat","background-position":"center center","background-size":"auto","background-attachment":"scroll","background-type":"","background-media":"","overlay-type":"","overlay-color":"","overlay-opacity":"","overlay-gradient":""}},"ast-content-background-meta":{"desktop":{"background-color":"var(--ast-global-color-5)","background-image":"","background-repeat":"repeat","background-position":"center center","background-size":"auto","background-attachment":"scroll","background-type":"","background-media":"","overlay-type":"","overlay-color":"","overlay-opacity":"","overlay-gradient":""},"tablet":{"background-color":"var(--ast-global-color-5)","background-image":"","background-repeat":"repeat","background-position":"center center","background-size":"auto","background-attachment":"scroll","background-type":"","background-media":"","overlay-type":"","overlay-color":"","overlay-opacity":"","overlay-gradient":""},"mobile":{"background-color":"var(--ast-global-color-5)","background-image":"","background-repeat":"repeat","background-position":"center center","background-size":"auto","background-attachment":"scroll","background-type":"","background-media":"","overlay-type":"","overlay-color":"","overlay-opacity":"","overlay-gradient":""}},"footnotes":""},"class_list":["post-17816","page","type-page","status-publish","hentry"],"_links":{"self":[{"href":"https:\/\/fjolmenning.arborg.is\/pl\/wp-json\/wp\/v2\/pages\/17816","targetHints":{"allow":["GET"]}}],"collection":[{"href":"https:\/\/fjolmenning.arborg.is\/pl\/wp-json\/wp\/v2\/pages"}],"about":[{"href":"https:\/\/fjolmenning.arborg.is\/pl\/wp-json\/wp\/v2\/types\/page"}],"author":[{"embeddable":true,"href":"https:\/\/fjolmenning.arborg.is\/pl\/wp-json\/wp\/v2\/users\/5"}],"replies":[{"embeddable":true,"href":"https:\/\/fjolmenning.arborg.is\/pl\/wp-json\/wp\/v2\/comments?post=17816"}],"version-history":[{"count":3,"href":"https:\/\/fjolmenning.arborg.is\/pl\/wp-json\/wp\/v2\/pages\/17816\/revisions"}],"predecessor-version":[{"id":18275,"href":"https:\/\/fjolmenning.arborg.is\/pl\/wp-json\/wp\/v2\/pages\/17816\/revisions\/18275"}],"up":[{"embeddable":true,"href":"https:\/\/fjolmenning.arborg.is\/pl\/wp-json\/wp\/v2\/pages\/16510"}],"wp:attachment":[{"href":"https:\/\/fjolmenning.arborg.is\/pl\/wp-json\/wp\/v2\/media?parent=17816"}],"curies":[{"name":"wp","href":"https:\/\/api.w.org\/{rel}","templated":true}]}}