{"id":17735,"date":"2022-02-25T11:47:18","date_gmt":"2022-02-25T11:47:18","guid":{"rendered":"https:\/\/fjolmenning.arborg.is\/?page_id=17735"},"modified":"2025-07-16T14:04:07","modified_gmt":"2025-07-16T14:04:07","slug":"throunarmidstod-islenskrar-heilsugaeslu","status":"publish","type":"page","link":"https:\/\/fjolmenning.arborg.is\/pl\/heilsa\/throunarmidstod-islenskrar-heilsugaeslu\/","title":{"rendered":"Islandzkie Centrum Rozwoju Opieki Zdrowotnej"},"content":{"rendered":"<h1>\n\t\t\tIslandzkie Centrum Rozwoju Opieki Zdrowotnej\t<\/h1>\n\t<p>Islandzkie Centrum Rozwoju Opieki Zdrowotnej (\u00der\u00f3unarmi\u00f0st\u00f6\u00f0 \u00edslenskrar heilsug\u00e6slu) zajmuje si\u0119 koordynacj\u0105 procedur i wsp\u00f3\u0142prac\u0105 pomi\u0119dzy pracownikami s\u0142u\u017cby zdrowia, rozwojem jako\u015bci i post\u0119pami w opiece zdrowotnej w porozumieniu z publicznymi i prywatnymi zak\u0142adami opieki zdrowotnej.<\/p>\n\t<p>Na stronie internetowej mo\u017cna znale\u017a\u0107 r\u00f3\u017cnorodne informacje o opiece po\u0142o\u017cniczej,  stomatologicznej, us\u0142ugach psychologicznych, opiece zdrowotnej nad dzie\u0107mi w wieku szkolnym itp.<\/p>\n<p>Szczeg\u00f3\u0142owe informacje: <a href=\"https:\/\/throunarmidstod.is\/\" target=\"_blank\" rel=\"noopener\">https:\/\/throunarmidstod.is<\/a><\/p>","protected":false},"excerpt":{"rendered":"<p>\u00der\u00f3unarmi\u00f0st\u00f6\u00f0 \u00edslenskrar heilsug\u00e6slu \u00der\u00f3unarmi\u00f0st\u00f6\u00f0 vinnur a\u00f0 samr\u00e6mingu verklags og samh\u00e6fingar milli fagf\u00f3lks \u00e1 heilsug\u00e6slust\u00f6\u00f0vum, g\u00e6\u00f0a\u00fer\u00f3un og framf\u00f6rum \u00ed heilsug\u00e6slu \u00ed samr\u00e1\u00f0i vi\u00f0 heilbrig\u00f0isstofnanir sem reka heilsug\u00e6slust\u00f6\u00f0var og sj\u00e1lfst\u00e6tt starfandi heilsug\u00e6slust\u00f6\u00f0var. \u00c1 vefs\u00ed\u00f0unni \u00feeirra m\u00e1 n\u00e1lgast fj\u00f6lbreyttar uppl\u00fdsingar um m\u00e6\u00f0ravernd, tannheilsu, s\u00e1lfr\u00e6\u00f0i\u00fej\u00f3nustu, heilsuvernd sk\u00f3labarna, o.fl. N\u00e1nari uppl\u00fdsingar \u00e1: https:\/\/throunarmidstod.is<\/p>","protected":false},"author":4,"featured_media":0,"parent":16512,"menu_order":0,"comment_status":"closed","ping_status":"closed","template":"","meta":{"inline_featured_image":false,"site-sidebar-layout":"no-sidebar","site-content-layout":"page-builder","ast-site-content-layout":"default","site-content-style":"default","site-sidebar-style":"default","ast-global-header-display":"","ast-banner-title-visibility":"","ast-main-header-display":"","ast-hfb-above-header-display":"","ast-hfb-below-header-display":"","ast-hfb-mobile-header-display":"","site-post-title":"disabled","ast-breadcrumbs-content":"","ast-featured-img":"disabled","footer-sml-layout":"","theme-transparent-header-meta":"default","adv-header-id-meta":"","stick-header-meta":"","header-above-stick-meta":"","header-main-stick-meta":"","header-below-stick-meta":"","astra-migrate-meta-layouts":"default","ast-page-background-enabled":"default","ast-page-background-meta":{"desktop":{"background-color":"","background-image":"","background-repeat":"repeat","background-position":"center center","background-size":"auto","background-attachment":"scroll","background-type":"","background-media":"","overlay-type":"","overlay-color":"","overlay-opacity":"","overlay-gradient":""},"tablet":{"background-color":"","background-image":"","background-repeat":"repeat","background-position":"center center","background-size":"auto","background-attachment":"scroll","background-type":"","background-media":"","overlay-type":"","overlay-color":"","overlay-opacity":"","overlay-gradient":""},"mobile":{"background-color":"","background-image":"","background-repeat":"repeat","background-position":"center center","background-size":"auto","background-attachment":"scroll","background-type":"","background-media":"","overlay-type":"","overlay-color":"","overlay-opacity":"","overlay-gradient":""}},"ast-content-background-meta":{"desktop":{"background-color":"var(--ast-global-color-5)","background-image":"","background-repeat":"repeat","background-position":"center center","background-size":"auto","background-attachment":"scroll","background-type":"","background-media":"","overlay-type":"","overlay-color":"","overlay-opacity":"","overlay-gradient":""},"tablet":{"background-color":"var(--ast-global-color-5)","background-image":"","background-repeat":"repeat","background-position":"center center","background-size":"auto","background-attachment":"scroll","background-type":"","background-media":"","overlay-type":"","overlay-color":"","overlay-opacity":"","overlay-gradient":""},"mobile":{"background-color":"var(--ast-global-color-5)","background-image":"","background-repeat":"repeat","background-position":"center center","background-size":"auto","background-attachment":"scroll","background-type":"","background-media":"","overlay-type":"","overlay-color":"","overlay-opacity":"","overlay-gradient":""}},"footnotes":""},"class_list":["post-17735","page","type-page","status-publish","hentry"],"_links":{"self":[{"href":"https:\/\/fjolmenning.arborg.is\/pl\/wp-json\/wp\/v2\/pages\/17735","targetHints":{"allow":["GET"]}}],"collection":[{"href":"https:\/\/fjolmenning.arborg.is\/pl\/wp-json\/wp\/v2\/pages"}],"about":[{"href":"https:\/\/fjolmenning.arborg.is\/pl\/wp-json\/wp\/v2\/types\/page"}],"author":[{"embeddable":true,"href":"https:\/\/fjolmenning.arborg.is\/pl\/wp-json\/wp\/v2\/users\/4"}],"replies":[{"embeddable":true,"href":"https:\/\/fjolmenning.arborg.is\/pl\/wp-json\/wp\/v2\/comments?post=17735"}],"version-history":[{"count":4,"href":"https:\/\/fjolmenning.arborg.is\/pl\/wp-json\/wp\/v2\/pages\/17735\/revisions"}],"predecessor-version":[{"id":18305,"href":"https:\/\/fjolmenning.arborg.is\/pl\/wp-json\/wp\/v2\/pages\/17735\/revisions\/18305"}],"up":[{"embeddable":true,"href":"https:\/\/fjolmenning.arborg.is\/pl\/wp-json\/wp\/v2\/pages\/16512"}],"wp:attachment":[{"href":"https:\/\/fjolmenning.arborg.is\/pl\/wp-json\/wp\/v2\/media?parent=17735"}],"curies":[{"name":"wp","href":"https:\/\/api.w.org\/{rel}","templated":true}]}}