{"id":17449,"date":"2021-03-18T11:44:01","date_gmt":"2021-03-18T11:44:01","guid":{"rendered":"https:\/\/fjolmenning.arborg.is\/?page_id=17449"},"modified":"2026-02-06T09:31:31","modified_gmt":"2026-02-06T09:31:31","slug":"salfraedithjonusta","status":"publish","type":"page","link":"https:\/\/fjolmenning.arborg.is\/pl\/heilsa\/salfraedithjonusta\/","title":{"rendered":"Pomoc psychologiczna"},"content":{"rendered":"<h1>\n\t\t\tPomoc psychologiczna\t<\/h1>\n\t<p class=\"translation-block\">Przychodnia Zdrowia Okr\u0119gu Po\u0142udniowego (HSU)<\/p>\n<p>Psychologowie z Przychodni Zdrowia Okr\u0119gu Po\u0142udniowego (Heilbrig\u00f0isstofnun Su\u00f0urlands, HSU) prowadz\u0105 leczenie dzieci i m\u0142odzie\u017cy do 18 roku \u017cycia, pacjent\u00f3w zespo\u0142u ds.zdrowia psychicznego, a tak\u017ce wsp\u00f3\u0142pracuj\u0105 z ochron\u0105 niemowl\u0105t i dzieci (ung- og sm\u00e1barnavernd) oraz z opiek\u0105 nad macierzy\u0144stwem (m\u00e6\u00f0ravernd).\u00a0\u00a0<\/p>\n<p>Szczeg\u00f3\u0142owe informacje: <a href=\"https:\/\/island.is\/s\/hsu\/salfraedithjonusta-hsu\" target=\"_blank\" rel=\"noopener\">https:\/\/island.is\/s\/hsu\/salfraedithjonusta-hsu<\/a><\/p>\n<p><strong>Przychodnia Zdrowia Okr\u0119gu Sto\u0142ecznego (HH)<\/strong><\/p>\n<p>Psychologowie z Przychodni Zdrowia Okr\u0119gu Sto\u0142ecznego (Heilsug\u00e6sla h\u00f6fu\u00f0borgsv\u00e6\u00f0isins, HH) prowadz\u0105 leczenie dzieci i m\u0142odzie\u017cy oraz ich rodzin oraz os\u00f3b w wieku 18 lat i starszych.\u00a0<\/p>\n<p>Szczeg\u00f3\u0142owe informacje:\u00a0<a href=\"https:\/\/www.heilsugaeslan.is\/thjonusta-stodvanna\/salfraedithjonusta\/?lang=is\" target=\"_blank\" rel=\"noopener\">https:\/\/www.heilsugaeslan.is\/thjonusta-stodvanna\/salfraedithjonusta\/?lang=is<\/a>\u00a0\u00a0<\/p>\n<p>Szczeg\u00f3\u0142owe informacje w j\u0119zyku polskim:\u00a0<a href=\"https:\/\/www.heilsugaeslan.is\/thjonusta-stodvanna\/salfraedithjonusta\/?lang=en-us\">https:\/\/www.heilsugaeslan.is\/thjonusta-stodvanna\/salfraedithjonusta\/?lang=en-us<\/a>\u00a0\u00a0<\/p>\n<p>Szczeg\u00f3\u0142owe informacje w j\u0119zyku polskim:\u00a0<a href=\"https:\/\/www.heilsugaeslan.is\/thjonusta-stodvanna\/salfraedithjonusta\/?lang=pl\" target=\"_blank\" rel=\"noopener\">https:\/\/www.heilsugaeslan.is\/thjonusta-stodvanna\/salfraedithjonusta\/?lang=pl<\/a>\u00a0\u00a0<\/p>\n<p>Oddzia\u0142y HH oferuj\u0105 specjalistyczne us\u0142ugi zdrowia psychicznego: <a href=\"https:\/\/www.heilsugaeslan.is\/gedheilsa\/\" target=\"_blank\" rel=\"noopener\">https:\/\/www.heilsugaeslan.is\/gedheilsa\/<\/a><\/p>\n<p><strong>Pomoc psychologiczna dla dzieci\u00a0<\/strong><\/p>\n<p>Warunkiem uzyskania zwrotu koszt\u00f3w jest przed\u0142o\u017cenie skierowania do psychologa wystawionego przez interdyscyplinarny zesp\u00f3\u0142 diagnostyczny. Wspomniany psycholog musi pracowa\u0107 zgodnie z umow\u0105 zawart\u0105 mi\u0119dzy Islandzkim Zak\u0142adem Ubezpiecze\u0144 Zdrowotnych (Sj\u00fakratryggingar \u00cdslands) a Stowarzyszeniem Psycholog\u00f3w na Islandii (S\u00e1lfr\u00e6\u00f0ingaf\u00e9lag \u00cdslands).\u00a0<\/p>\n<p>Szczeg\u00f3\u0142owe informacje:\u00a0<a href=\"https:\/\/www.sjukra.is\/heilbrigdisthjonusta\/salfraedithjonusta-vid-born\/\" target=\"_blank\" rel=\"noopener\">https:\/\/www.sjukra.is\/heilbrigdisthjonusta\/salfraedithjonusta-vid-born\/<\/a>\u00a0\u00a0<\/p>\n<b>Baza<\/b><b>\u00a0<\/b><b>psycholog\u00f3w<\/b><b>\u00a0<\/b>\u00a0\n<p class=\"translation-block\">Tutaj mo\u017cna znale\u017a\u0107 psycholog\u00f3w i informacje o pomocy psychologicznej:<\/p>\n<p><a href=\"https:\/\/sal.is\/almenningur\/gagnagrunnur-salfraedinga\/\" target=\"_blank\" rel=\"noopener\">https:\/\/sal.is\/almenningur\/gagnagrunnur-salfraedinga\/<\/a>\u00a0\u00a0<\/p>","protected":false},"excerpt":{"rendered":"<p>S\u00e1lfr\u00e6\u00f0i\u00fej\u00f3nusta Heilbrig\u00f0isstofnun Su\u00f0urlands (HSU) S\u00e1lfr\u00e6\u00f0ingar \u00e1 Heilbrig\u00f0isstofnun Su\u00f0urlands sinna me\u00f0fer\u00f0 barna og ungmenna a\u00f0 18 \u00e1ra aldri, skj\u00f3lst\u00e6\u00f0ingum ge\u00f0heilsuteymis auk samstarfs vi\u00f0 ung- og sm\u00e1barnavernd sem og m\u00e6\u00f0ravernd.\u00a0\u00a0 N\u00e1nari uppl\u00fdsingar: https:\/\/island.is\/s\/hsu\/salfraedithjonusta-hsu Heilsug\u00e6sla h\u00f6fu\u00f0borgsv\u00e6\u00f0isins (HH) S\u00e1lfr\u00e6\u00f0ingar \u00e1 heilsug\u00e6slust\u00f6\u00f0vum Heilsug\u00e6slu h\u00f6fu\u00f0borgarsv\u00e6\u00f0isins (HH) sinna me\u00f0fer\u00f0 barna og ungmenna og fj\u00f6lskyldna \u00feeirra og fullor\u00f0inna 18 \u00e1ra og eldri\u00a0 N\u00e1nari [&hellip;]<\/p>\n","protected":false},"author":4,"featured_media":0,"parent":16512,"menu_order":0,"comment_status":"closed","ping_status":"closed","template":"","meta":{"inline_featured_image":false,"site-sidebar-layout":"no-sidebar","site-content-layout":"page-builder","ast-site-content-layout":"default","site-content-style":"default","site-sidebar-style":"default","ast-global-header-display":"","ast-banner-title-visibility":"","ast-main-header-display":"","ast-hfb-above-header-display":"","ast-hfb-below-header-display":"","ast-hfb-mobile-header-display":"","site-post-title":"disabled","ast-breadcrumbs-content":"","ast-featured-img":"disabled","footer-sml-layout":"","theme-transparent-header-meta":"default","adv-header-id-meta":"","stick-header-meta":"","header-above-stick-meta":"","header-main-stick-meta":"","header-below-stick-meta":"","astra-migrate-meta-layouts":"default","ast-page-background-enabled":"default","ast-page-background-meta":{"desktop":{"background-color":"","background-image":"","background-repeat":"repeat","background-position":"center center","background-size":"auto","background-attachment":"scroll","background-type":"","background-media":"","overlay-type":"","overlay-color":"","overlay-opacity":"","overlay-gradient":""},"tablet":{"background-color":"","background-image":"","background-repeat":"repeat","background-position":"center center","background-size":"auto","background-attachment":"scroll","background-type":"","background-media":"","overlay-type":"","overlay-color":"","overlay-opacity":"","overlay-gradient":""},"mobile":{"background-color":"","background-image":"","background-repeat":"repeat","background-position":"center center","background-size":"auto","background-attachment":"scroll","background-type":"","background-media":"","overlay-type":"","overlay-color":"","overlay-opacity":"","overlay-gradient":""}},"ast-content-background-meta":{"desktop":{"background-color":"var(--ast-global-color-5)","background-image":"","background-repeat":"repeat","background-position":"center center","background-size":"auto","background-attachment":"scroll","background-type":"","background-media":"","overlay-type":"","overlay-color":"","overlay-opacity":"","overlay-gradient":""},"tablet":{"background-color":"var(--ast-global-color-5)","background-image":"","background-repeat":"repeat","background-position":"center center","background-size":"auto","background-attachment":"scroll","background-type":"","background-media":"","overlay-type":"","overlay-color":"","overlay-opacity":"","overlay-gradient":""},"mobile":{"background-color":"var(--ast-global-color-5)","background-image":"","background-repeat":"repeat","background-position":"center center","background-size":"auto","background-attachment":"scroll","background-type":"","background-media":"","overlay-type":"","overlay-color":"","overlay-opacity":"","overlay-gradient":""}},"footnotes":""},"class_list":["post-17449","page","type-page","status-publish","hentry"],"_links":{"self":[{"href":"https:\/\/fjolmenning.arborg.is\/pl\/wp-json\/wp\/v2\/pages\/17449","targetHints":{"allow":["GET"]}}],"collection":[{"href":"https:\/\/fjolmenning.arborg.is\/pl\/wp-json\/wp\/v2\/pages"}],"about":[{"href":"https:\/\/fjolmenning.arborg.is\/pl\/wp-json\/wp\/v2\/types\/page"}],"author":[{"embeddable":true,"href":"https:\/\/fjolmenning.arborg.is\/pl\/wp-json\/wp\/v2\/users\/4"}],"replies":[{"embeddable":true,"href":"https:\/\/fjolmenning.arborg.is\/pl\/wp-json\/wp\/v2\/comments?post=17449"}],"version-history":[{"count":11,"href":"https:\/\/fjolmenning.arborg.is\/pl\/wp-json\/wp\/v2\/pages\/17449\/revisions"}],"predecessor-version":[{"id":18411,"href":"https:\/\/fjolmenning.arborg.is\/pl\/wp-json\/wp\/v2\/pages\/17449\/revisions\/18411"}],"up":[{"embeddable":true,"href":"https:\/\/fjolmenning.arborg.is\/pl\/wp-json\/wp\/v2\/pages\/16512"}],"wp:attachment":[{"href":"https:\/\/fjolmenning.arborg.is\/pl\/wp-json\/wp\/v2\/media?parent=17449"}],"curies":[{"name":"wp","href":"https:\/\/api.w.org\/{rel}","templated":true}]}}