{"id":17437,"date":"2021-03-18T11:18:40","date_gmt":"2021-03-18T11:18:40","guid":{"rendered":"https:\/\/fjolmenning.arborg.is\/?page_id=17437"},"modified":"2025-07-16T13:49:44","modified_gmt":"2025-07-16T13:49:44","slug":"menntastefna-arborgar","status":"publish","type":"page","link":"https:\/\/fjolmenning.arborg.is\/pl\/menntun\/menntastefna-arborgar\/","title":{"rendered":"Polityka edukacyjna w gminie \u00c1rborg"},"content":{"rendered":"<h1>\n\t\t\tPolityka edukacyjna w gminie \u00c1rborg\t<\/h1>\n\t<p class=\"translation-block\">Polityka edukacyjna \u00c1rborg nosi nazw\u0119 <strong>Droga do M\u0105dro\u015bci i dobrobytu <\/strong>i ma stanowi\u0107 \u015bwiat\u0142o przewodnie dla wszystkich os\u00f3b pracuj\u0105cych z dzie\u0107mi i m\u0142odzie\u017c\u0105 w gminie. Jej celem jest wskazanie drogi do owocnej nauki i rekreacji.<\/p>\n\t<p>Polityka edukacyjna obejmuje jeden g\u0142\u00f3wny cel, trzy wytyczne oraz pi\u0119\u0107 filar\u00f3w, kt\u00f3re maj\u0105 wspiera\u0107 i okre\u015bla\u0107 kierunki profesjonalnej realizacji zaj\u0119\u0107 szkolnych i rekreacyjnych w gminie, z naciskiem na dobro dzieci i m\u0142odzie\u017cy.<\/p>\n<p>Szczeg\u00f3\u0142owe informacje:\u00a0<a href=\"https:\/\/www.arborg.is\/ibuar\/skolar-og-daggaesla\/menntastefna-til-2030\/polityka-edukacyjna-gminy-arborg-do-2030-roku\/\" target=\"_blank\" rel=\"noopener\">https:\/\/www.arborg.is\/ibuar\/skolar-og-daggaesla\/menntastefna-til-2030\/polityka-edukacyjna-gminy-arborg-do-2030-roku\/<\/a><\/p>\n<p>&nbsp;<\/p>","protected":false},"excerpt":{"rendered":"<p>Menntastefna \u00c1rborgar Menntastefna \u00c1rborgar ber heiti\u00f0\u00a0Vegur til visku og velfer\u00f0ar\u00a0og er \u00e6tla\u00f0 a\u00f0 vera \u00f6llum \u00feeim sem vinna me\u00f0 b\u00f6rnum og unglingum sveitarf\u00e9lagsins lei\u00f0beinandi lei\u00f0arlj\u00f3s a\u00f0 fars\u00e6lu n\u00e1mi og\u00a0fr\u00edstundastarfi. Menntastefnan inniheldur eitt meginmarki\u00f0, \u00ferj\u00fa lei\u00f0arlj\u00f3s og fimm sto\u00f0ir sem a\u00f0 sty\u00f0ja vi\u00f0 og lei\u00f0beina um \u00fea\u00f0 hvernig faglegt sk\u00f3la- og fr\u00edstundarstarf er framkv\u00e6mt \u00ed sveitarf\u00e9laginu [&hellip;]<\/p>\n","protected":false},"author":4,"featured_media":0,"parent":16510,"menu_order":0,"comment_status":"closed","ping_status":"closed","template":"","meta":{"inline_featured_image":false,"site-sidebar-layout":"no-sidebar","site-content-layout":"page-builder","ast-site-content-layout":"default","site-content-style":"default","site-sidebar-style":"default","ast-global-header-display":"","ast-banner-title-visibility":"","ast-main-header-display":"","ast-hfb-above-header-display":"","ast-hfb-below-header-display":"","ast-hfb-mobile-header-display":"","site-post-title":"disabled","ast-breadcrumbs-content":"","ast-featured-img":"disabled","footer-sml-layout":"","theme-transparent-header-meta":"default","adv-header-id-meta":"","stick-header-meta":"","header-above-stick-meta":"","header-main-stick-meta":"","header-below-stick-meta":"","astra-migrate-meta-layouts":"default","ast-page-background-enabled":"default","ast-page-background-meta":{"desktop":{"background-color":"","background-image":"","background-repeat":"repeat","background-position":"center center","background-size":"auto","background-attachment":"scroll","background-type":"","background-media":"","overlay-type":"","overlay-color":"","overlay-opacity":"","overlay-gradient":""},"tablet":{"background-color":"","background-image":"","background-repeat":"repeat","background-position":"center center","background-size":"auto","background-attachment":"scroll","background-type":"","background-media":"","overlay-type":"","overlay-color":"","overlay-opacity":"","overlay-gradient":""},"mobile":{"background-color":"","background-image":"","background-repeat":"repeat","background-position":"center center","background-size":"auto","background-attachment":"scroll","background-type":"","background-media":"","overlay-type":"","overlay-color":"","overlay-opacity":"","overlay-gradient":""}},"ast-content-background-meta":{"desktop":{"background-color":"var(--ast-global-color-5)","background-image":"","background-repeat":"repeat","background-position":"center center","background-size":"auto","background-attachment":"scroll","background-type":"","background-media":"","overlay-type":"","overlay-color":"","overlay-opacity":"","overlay-gradient":""},"tablet":{"background-color":"var(--ast-global-color-5)","background-image":"","background-repeat":"repeat","background-position":"center center","background-size":"auto","background-attachment":"scroll","background-type":"","background-media":"","overlay-type":"","overlay-color":"","overlay-opacity":"","overlay-gradient":""},"mobile":{"background-color":"var(--ast-global-color-5)","background-image":"","background-repeat":"repeat","background-position":"center center","background-size":"auto","background-attachment":"scroll","background-type":"","background-media":"","overlay-type":"","overlay-color":"","overlay-opacity":"","overlay-gradient":""}},"footnotes":""},"class_list":["post-17437","page","type-page","status-publish","hentry"],"_links":{"self":[{"href":"https:\/\/fjolmenning.arborg.is\/pl\/wp-json\/wp\/v2\/pages\/17437","targetHints":{"allow":["GET"]}}],"collection":[{"href":"https:\/\/fjolmenning.arborg.is\/pl\/wp-json\/wp\/v2\/pages"}],"about":[{"href":"https:\/\/fjolmenning.arborg.is\/pl\/wp-json\/wp\/v2\/types\/page"}],"author":[{"embeddable":true,"href":"https:\/\/fjolmenning.arborg.is\/pl\/wp-json\/wp\/v2\/users\/4"}],"replies":[{"embeddable":true,"href":"https:\/\/fjolmenning.arborg.is\/pl\/wp-json\/wp\/v2\/comments?post=17437"}],"version-history":[{"count":7,"href":"https:\/\/fjolmenning.arborg.is\/pl\/wp-json\/wp\/v2\/pages\/17437\/revisions"}],"predecessor-version":[{"id":18271,"href":"https:\/\/fjolmenning.arborg.is\/pl\/wp-json\/wp\/v2\/pages\/17437\/revisions\/18271"}],"up":[{"embeddable":true,"href":"https:\/\/fjolmenning.arborg.is\/pl\/wp-json\/wp\/v2\/pages\/16510"}],"wp:attachment":[{"href":"https:\/\/fjolmenning.arborg.is\/pl\/wp-json\/wp\/v2\/media?parent=17437"}],"curies":[{"name":"wp","href":"https:\/\/api.w.org\/{rel}","templated":true}]}}