{"id":17425,"date":"2021-03-18T11:05:44","date_gmt":"2021-03-18T11:05:44","guid":{"rendered":"https:\/\/fjolmenning.arborg.is\/?page_id=17425"},"modified":"2025-07-16T13:34:00","modified_gmt":"2025-07-16T13:34:00","slug":"logfraediradgjof","status":"publish","type":"page","link":"https:\/\/fjolmenning.arborg.is\/pl\/samfelag\/logfraediradgjof\/","title":{"rendered":"Misje dyplomatyczne"},"content":{"rendered":"<h1>\n\t\t\tMisje dyplomatyczne\t<\/h1>\n\t<p>Na Islandii dzia\u0142a ponad 15 ambasad, a ponadto wiele pa\u0144stw ma tu swoich konsuli.<\/p>\n\t<p>Lista zagranicznych ambasad i konsulat\u00f3w na Islandii (dane z marca 2025 r., w j. angielskim): <a href=\"https:\/\/www.stjornarradid.is\/library\/04-Raduneytin\/Utanrikisraduneytid\/PDF-skjol\/Diplomatic-List\/Diplomatic%20List.pdf\" target=\"_blank\" rel=\"noopener\">https:\/\/www.stjornarradid.is\/library\/04-Raduneytin\/Utanrikisraduneytid\/PDF-skjol\/Diplomatic-List\/Diplomatic%20List.pdf<\/a><\/p>","protected":false},"excerpt":{"rendered":"<p>Sendiskrifstofur \u00c1 \u00cdslandi starfa yfir 15 sendir\u00e1\u00f0 en auk \u00feess hafa m\u00f6rg erlend r\u00edki r\u00e6\u00f0ismenn h\u00e9r \u00e1 landi. Listi yfir erlend sendir\u00e1\u00f0 og r\u00e6\u00f0ismenn gagnvart \u00cdslandi (fr\u00e1 mars 2025, \u00e1 ensku): https:\/\/www.stjornarradid.is\/library\/04-Raduneytin\/Utanrikisraduneytid\/PDF-skjol\/Diplomatic-List\/Diplomatic%20List.pdf<\/p>","protected":false},"author":4,"featured_media":0,"parent":16506,"menu_order":0,"comment_status":"closed","ping_status":"closed","template":"","meta":{"inline_featured_image":false,"site-sidebar-layout":"no-sidebar","site-content-layout":"page-builder","ast-site-content-layout":"default","site-content-style":"default","site-sidebar-style":"default","ast-global-header-display":"","ast-banner-title-visibility":"","ast-main-header-display":"","ast-hfb-above-header-display":"","ast-hfb-below-header-display":"","ast-hfb-mobile-header-display":"","site-post-title":"disabled","ast-breadcrumbs-content":"","ast-featured-img":"disabled","footer-sml-layout":"","theme-transparent-header-meta":"default","adv-header-id-meta":"","stick-header-meta":"","header-above-stick-meta":"","header-main-stick-meta":"","header-below-stick-meta":"","astra-migrate-meta-layouts":"default","ast-page-background-enabled":"default","ast-page-background-meta":{"desktop":{"background-color":"","background-image":"","background-repeat":"repeat","background-position":"center center","background-size":"auto","background-attachment":"scroll","background-type":"","background-media":"","overlay-type":"","overlay-color":"","overlay-opacity":"","overlay-gradient":""},"tablet":{"background-color":"","background-image":"","background-repeat":"repeat","background-position":"center center","background-size":"auto","background-attachment":"scroll","background-type":"","background-media":"","overlay-type":"","overlay-color":"","overlay-opacity":"","overlay-gradient":""},"mobile":{"background-color":"","background-image":"","background-repeat":"repeat","background-position":"center center","background-size":"auto","background-attachment":"scroll","background-type":"","background-media":"","overlay-type":"","overlay-color":"","overlay-opacity":"","overlay-gradient":""}},"ast-content-background-meta":{"desktop":{"background-color":"var(--ast-global-color-5)","background-image":"","background-repeat":"repeat","background-position":"center center","background-size":"auto","background-attachment":"scroll","background-type":"","background-media":"","overlay-type":"","overlay-color":"","overlay-opacity":"","overlay-gradient":""},"tablet":{"background-color":"var(--ast-global-color-5)","background-image":"","background-repeat":"repeat","background-position":"center center","background-size":"auto","background-attachment":"scroll","background-type":"","background-media":"","overlay-type":"","overlay-color":"","overlay-opacity":"","overlay-gradient":""},"mobile":{"background-color":"var(--ast-global-color-5)","background-image":"","background-repeat":"repeat","background-position":"center center","background-size":"auto","background-attachment":"scroll","background-type":"","background-media":"","overlay-type":"","overlay-color":"","overlay-opacity":"","overlay-gradient":""}},"footnotes":""},"class_list":["post-17425","page","type-page","status-publish","hentry"],"_links":{"self":[{"href":"https:\/\/fjolmenning.arborg.is\/pl\/wp-json\/wp\/v2\/pages\/17425","targetHints":{"allow":["GET"]}}],"collection":[{"href":"https:\/\/fjolmenning.arborg.is\/pl\/wp-json\/wp\/v2\/pages"}],"about":[{"href":"https:\/\/fjolmenning.arborg.is\/pl\/wp-json\/wp\/v2\/types\/page"}],"author":[{"embeddable":true,"href":"https:\/\/fjolmenning.arborg.is\/pl\/wp-json\/wp\/v2\/users\/4"}],"replies":[{"embeddable":true,"href":"https:\/\/fjolmenning.arborg.is\/pl\/wp-json\/wp\/v2\/comments?post=17425"}],"version-history":[{"count":5,"href":"https:\/\/fjolmenning.arborg.is\/pl\/wp-json\/wp\/v2\/pages\/17425\/revisions"}],"predecessor-version":[{"id":18250,"href":"https:\/\/fjolmenning.arborg.is\/pl\/wp-json\/wp\/v2\/pages\/17425\/revisions\/18250"}],"up":[{"embeddable":true,"href":"https:\/\/fjolmenning.arborg.is\/pl\/wp-json\/wp\/v2\/pages\/16506"}],"wp:attachment":[{"href":"https:\/\/fjolmenning.arborg.is\/pl\/wp-json\/wp\/v2\/media?parent=17425"}],"curies":[{"name":"wp","href":"https:\/\/api.w.org\/{rel}","templated":true}]}}