{"id":17420,"date":"2021-03-18T10:59:42","date_gmt":"2021-03-18T10:59:42","guid":{"rendered":"https:\/\/fjolmenning.arborg.is\/?page_id=17420"},"modified":"2025-07-16T13:35:46","modified_gmt":"2025-07-16T13:35:46","slug":"husnaedismal","status":"publish","type":"page","link":"https:\/\/fjolmenning.arborg.is\/pl\/samfelag\/husnaedismal\/","title":{"rendered":"Sprawy mieszkaniowe"},"content":{"rendered":"<h1>\n\t\t\tSprawy mieszkaniowe\t<\/h1>\n\t<p>Do spraw mieszkaniowych na Islandii zaliczaj\u0105 si\u0119 meldunek oraz prawa i obowi\u0105zki zwi\u0105zane z zakupem nieruchomo\u015bci i wynajmem mieszka\u0144, takie jak dodatek za odsetki od prywatnych kredyt\u00f3w hipotecznych czy dodatek mieszkaniowy.<\/p>\n\t<p>Szczeg\u00f3\u0142owe informacje: <a href=\"https:\/\/island.is\/flokkur\/husnaedismal\">https:\/\/island.is\/flokkur\/husnaedismal<\/a><\/p>\n<p><strong>Urz\u0105d Mieszkalnictwa i Budownictwa (H\u00fasn\u00e6\u00f0is- og mannvirkjastofnun, HMS)<\/strong> podejmuje decyzje dotycz\u0105ce prawa do \u015bwiadcze\u0144 mieszkaniowych. Dodatek mieszkaniowy to miesi\u0119czne p\u0142atno\u015bci, kt\u00f3re maj\u0105 pom\u00f3c osobom wynajmuj\u0105cym mieszkanie w ramach opieki spo\u0142ecznej, w domach studenckich lub na prywatnym rynku najmu.<\/p>\n<p>Na stronie internetowej HMS mo\u017cna ubiega\u0107 si\u0119 o dodatek mieszkaniowy i obliczy\u0107 kwot\u0119 \u015bwiadcze\u0144 mieszkaniowych. Szczeg\u00f3\u0142owe informacje: <a href=\"https:\/\/www.hms.is\/husnaedisbaetur\/husnaedisbaetur\/\">https:\/\/www.hms.is\/husnaedisbaetur\/husnaedisbaetur\/<\/a><\/p>\n<p>&nbsp;<\/p>","protected":false},"excerpt":{"rendered":"<p>H\u00fasn\u00e6\u00f0ism\u00e1l \u00ddmislegt \u00fearf a\u00f0 hafa \u00ed huga var\u00f0andi h\u00fasn\u00e6\u00f0ism\u00e1l, m.a. skr\u00e1ningu l\u00f6gheimilis, r\u00e9ttindi og skyldur \u00ed sambandi vi\u00f0 fasteignakaup og leigu \u00e1 h\u00fasn\u00e6\u00f0i, \u00e1 bor\u00f0 vi\u00f0 vaxtab\u00e6tur og h\u00fasaleigub\u00e6tur. N\u00e1nari uppl\u00fdsingar: https:\/\/island.is\/flokkur\/husnaedismal H\u00fasn\u00e6\u00f0is- og mannvirkjastofnun (HMS) tekur \u00e1kvar\u00f0anir um r\u00e9tt til h\u00fasn\u00e6\u00f0isb\u00f3ta. H\u00fasn\u00e6\u00f0isb\u00e6tur eru m\u00e1na\u00f0arlegar grei\u00f0slur sem eru \u00e6tla\u00f0ar til a\u00f0 a\u00f0sto\u00f0a \u00fe\u00e1 sem leigja [&hellip;]<\/p>\n","protected":false},"author":4,"featured_media":0,"parent":16506,"menu_order":0,"comment_status":"closed","ping_status":"closed","template":"","meta":{"inline_featured_image":false,"site-sidebar-layout":"no-sidebar","site-content-layout":"page-builder","ast-site-content-layout":"default","site-content-style":"default","site-sidebar-style":"default","ast-global-header-display":"","ast-banner-title-visibility":"","ast-main-header-display":"","ast-hfb-above-header-display":"","ast-hfb-below-header-display":"","ast-hfb-mobile-header-display":"","site-post-title":"disabled","ast-breadcrumbs-content":"","ast-featured-img":"disabled","footer-sml-layout":"","theme-transparent-header-meta":"default","adv-header-id-meta":"","stick-header-meta":"","header-above-stick-meta":"","header-main-stick-meta":"","header-below-stick-meta":"","astra-migrate-meta-layouts":"default","ast-page-background-enabled":"default","ast-page-background-meta":{"desktop":{"background-color":"","background-image":"","background-repeat":"repeat","background-position":"center center","background-size":"auto","background-attachment":"scroll","background-type":"","background-media":"","overlay-type":"","overlay-color":"","overlay-opacity":"","overlay-gradient":""},"tablet":{"background-color":"","background-image":"","background-repeat":"repeat","background-position":"center center","background-size":"auto","background-attachment":"scroll","background-type":"","background-media":"","overlay-type":"","overlay-color":"","overlay-opacity":"","overlay-gradient":""},"mobile":{"background-color":"","background-image":"","background-repeat":"repeat","background-position":"center center","background-size":"auto","background-attachment":"scroll","background-type":"","background-media":"","overlay-type":"","overlay-color":"","overlay-opacity":"","overlay-gradient":""}},"ast-content-background-meta":{"desktop":{"background-color":"var(--ast-global-color-5)","background-image":"","background-repeat":"repeat","background-position":"center center","background-size":"auto","background-attachment":"scroll","background-type":"","background-media":"","overlay-type":"","overlay-color":"","overlay-opacity":"","overlay-gradient":""},"tablet":{"background-color":"var(--ast-global-color-5)","background-image":"","background-repeat":"repeat","background-position":"center center","background-size":"auto","background-attachment":"scroll","background-type":"","background-media":"","overlay-type":"","overlay-color":"","overlay-opacity":"","overlay-gradient":""},"mobile":{"background-color":"var(--ast-global-color-5)","background-image":"","background-repeat":"repeat","background-position":"center center","background-size":"auto","background-attachment":"scroll","background-type":"","background-media":"","overlay-type":"","overlay-color":"","overlay-opacity":"","overlay-gradient":""}},"footnotes":""},"class_list":["post-17420","page","type-page","status-publish","hentry"],"_links":{"self":[{"href":"https:\/\/fjolmenning.arborg.is\/pl\/wp-json\/wp\/v2\/pages\/17420","targetHints":{"allow":["GET"]}}],"collection":[{"href":"https:\/\/fjolmenning.arborg.is\/pl\/wp-json\/wp\/v2\/pages"}],"about":[{"href":"https:\/\/fjolmenning.arborg.is\/pl\/wp-json\/wp\/v2\/types\/page"}],"author":[{"embeddable":true,"href":"https:\/\/fjolmenning.arborg.is\/pl\/wp-json\/wp\/v2\/users\/4"}],"replies":[{"embeddable":true,"href":"https:\/\/fjolmenning.arborg.is\/pl\/wp-json\/wp\/v2\/comments?post=17420"}],"version-history":[{"count":5,"href":"https:\/\/fjolmenning.arborg.is\/pl\/wp-json\/wp\/v2\/pages\/17420\/revisions"}],"predecessor-version":[{"id":18257,"href":"https:\/\/fjolmenning.arborg.is\/pl\/wp-json\/wp\/v2\/pages\/17420\/revisions\/18257"}],"up":[{"embeddable":true,"href":"https:\/\/fjolmenning.arborg.is\/pl\/wp-json\/wp\/v2\/pages\/16506"}],"wp:attachment":[{"href":"https:\/\/fjolmenning.arborg.is\/pl\/wp-json\/wp\/v2\/media?parent=17420"}],"curies":[{"name":"wp","href":"https:\/\/api.w.org\/{rel}","templated":true}]}}