{"id":17416,"date":"2021-03-18T10:29:15","date_gmt":"2021-03-18T10:29:15","guid":{"rendered":"https:\/\/fjolmenning.arborg.is\/?page_id=17416"},"modified":"2025-07-16T13:34:25","modified_gmt":"2025-07-16T13:34:25","slug":"skatturinn","status":"publish","type":"page","link":"https:\/\/fjolmenning.arborg.is\/pl\/samfelag\/skatturinn\/","title":{"rendered":"Urz\u0105d skarbowy (Skatturinn)"},"content":{"rendered":"<h1>\n\t\t\tUrz\u0105d skarbowy (Skatturinn)\t<\/h1>\n\t<p class=\"translation-block\">Naczelnik urz\u0119du skarbowego (R\u00edkisskattstj\u00f3ri, RSK) jest odpowiedzialny za podatki i c\u0142a oraz zarz\u0105dza urz\u0119dem Skatturinn. Urz\u0105d zajmuje si\u0119 kwestiami podatkowymi, celnymi i zwi\u0105zanymi z innymi op\u0142atami.<\/p>\n\t<p>Szczeg\u00f3\u0142owe informacje: <a href=\"https:\/\/www.rsk.is\/\" target=\"_blank\" rel=\"noopener\">https:\/\/www.rsk.is\/<\/a><\/p>\n<p>Informacje w j\u0119zyku polskim o sk\u0142adaniu zeznania podatkowego: <a href=\"https:\/\/www.rsk.is\/media\/baeklingar\/rsk_0812_2020.pl.pdf\" target=\"_blank\" rel=\"noreferrer noopener\">https:\/\/www.rsk.is\/media\/baeklingar\/rsk_0812_2020.pl.pdf<\/a><\/p>","protected":false},"excerpt":{"rendered":"<p>Skatturinn R\u00edkisskattstj\u00f3ri hefur me\u00f0 h\u00f6ndum skatt- og tollframkv\u00e6md og st\u00fdrir stofnun sem nefnist Skatturinn. Stofnunin annast \u00e1lagningu skatta, tolla og annarra gjalda. N\u00e1nari uppl\u00fdsingar: https:\/\/www.rsk.is\/ Uppl\u00fdsingar um skil \u00e1 skattframtali \u00e1 ensku: https:\/\/www.rsk.is\/media\/baeklingar\/rsk_0812_2020.en.pdf<\/p>","protected":false},"author":4,"featured_media":0,"parent":16506,"menu_order":0,"comment_status":"closed","ping_status":"closed","template":"","meta":{"inline_featured_image":false,"site-sidebar-layout":"no-sidebar","site-content-layout":"page-builder","ast-site-content-layout":"default","site-content-style":"default","site-sidebar-style":"default","ast-global-header-display":"","ast-banner-title-visibility":"","ast-main-header-display":"","ast-hfb-above-header-display":"","ast-hfb-below-header-display":"","ast-hfb-mobile-header-display":"","site-post-title":"disabled","ast-breadcrumbs-content":"","ast-featured-img":"disabled","footer-sml-layout":"","theme-transparent-header-meta":"default","adv-header-id-meta":"","stick-header-meta":"","header-above-stick-meta":"","header-main-stick-meta":"","header-below-stick-meta":"","astra-migrate-meta-layouts":"default","ast-page-background-enabled":"default","ast-page-background-meta":{"desktop":{"background-color":"","background-image":"","background-repeat":"repeat","background-position":"center center","background-size":"auto","background-attachment":"scroll","background-type":"","background-media":"","overlay-type":"","overlay-color":"","overlay-opacity":"","overlay-gradient":""},"tablet":{"background-color":"","background-image":"","background-repeat":"repeat","background-position":"center center","background-size":"auto","background-attachment":"scroll","background-type":"","background-media":"","overlay-type":"","overlay-color":"","overlay-opacity":"","overlay-gradient":""},"mobile":{"background-color":"","background-image":"","background-repeat":"repeat","background-position":"center center","background-size":"auto","background-attachment":"scroll","background-type":"","background-media":"","overlay-type":"","overlay-color":"","overlay-opacity":"","overlay-gradient":""}},"ast-content-background-meta":{"desktop":{"background-color":"var(--ast-global-color-5)","background-image":"","background-repeat":"repeat","background-position":"center center","background-size":"auto","background-attachment":"scroll","background-type":"","background-media":"","overlay-type":"","overlay-color":"","overlay-opacity":"","overlay-gradient":""},"tablet":{"background-color":"var(--ast-global-color-5)","background-image":"","background-repeat":"repeat","background-position":"center center","background-size":"auto","background-attachment":"scroll","background-type":"","background-media":"","overlay-type":"","overlay-color":"","overlay-opacity":"","overlay-gradient":""},"mobile":{"background-color":"var(--ast-global-color-5)","background-image":"","background-repeat":"repeat","background-position":"center center","background-size":"auto","background-attachment":"scroll","background-type":"","background-media":"","overlay-type":"","overlay-color":"","overlay-opacity":"","overlay-gradient":""}},"footnotes":""},"class_list":["post-17416","page","type-page","status-publish","hentry"],"_links":{"self":[{"href":"https:\/\/fjolmenning.arborg.is\/pl\/wp-json\/wp\/v2\/pages\/17416","targetHints":{"allow":["GET"]}}],"collection":[{"href":"https:\/\/fjolmenning.arborg.is\/pl\/wp-json\/wp\/v2\/pages"}],"about":[{"href":"https:\/\/fjolmenning.arborg.is\/pl\/wp-json\/wp\/v2\/types\/page"}],"author":[{"embeddable":true,"href":"https:\/\/fjolmenning.arborg.is\/pl\/wp-json\/wp\/v2\/users\/4"}],"replies":[{"embeddable":true,"href":"https:\/\/fjolmenning.arborg.is\/pl\/wp-json\/wp\/v2\/comments?post=17416"}],"version-history":[{"count":3,"href":"https:\/\/fjolmenning.arborg.is\/pl\/wp-json\/wp\/v2\/pages\/17416\/revisions"}],"predecessor-version":[{"id":18252,"href":"https:\/\/fjolmenning.arborg.is\/pl\/wp-json\/wp\/v2\/pages\/17416\/revisions\/18252"}],"up":[{"embeddable":true,"href":"https:\/\/fjolmenning.arborg.is\/pl\/wp-json\/wp\/v2\/pages\/16506"}],"wp:attachment":[{"href":"https:\/\/fjolmenning.arborg.is\/pl\/wp-json\/wp\/v2\/media?parent=17416"}],"curies":[{"name":"wp","href":"https:\/\/api.w.org\/{rel}","templated":true}]}}