{"id":17369,"date":"2021-02-18T08:55:43","date_gmt":"2021-02-18T08:55:43","guid":{"rendered":"https:\/\/fjolmenning.arborg.is\/?page_id=17369"},"modified":"2025-07-16T13:33:18","modified_gmt":"2025-07-16T13:33:18","slug":"logreglan","status":"publish","type":"page","link":"https:\/\/fjolmenning.arborg.is\/pl\/samfelag\/logreglan\/","title":{"rendered":"Policja (L\u00f6greglan)"},"content":{"rendered":"<h1>\n\t\t\tPolicja (L\u00f6greglan)\t<\/h1>\n\t<p>Hlutverk l\u00f6greglu er a\u00f0 g\u00e6ta almanna\u00f6ryggis og tryggja r\u00e9ttar\u00f6ryggi.\u00a0<\/p>\n\t<p><strong>Ef \u00fe\u00fa \u00fearft a\u00f0sto\u00f0 l\u00f6greglu strax &#8211; hringdu \u00ed 112!\u00a0<\/strong><\/p>\n<p>L\u00f6greglust\u00f6\u00f0in \u00e1 Selfossi\u00a0er sta\u00f0sett\u00a0\u00e1\u00a0H\u00f6r\u00f0uv\u00f6llum\u00a01\u00a0og opin\u00a0m\u00e1nudaga til f\u00f6studaga\u00a0milli 09:00-16:00.\u00a0\u00a0<\/p>\n<p>Szczeg\u00f3\u0142owe informacje:\u00a0<a href=\"https:\/\/www.logreglan.is\/logreglan\/umdaemin\/sudurland\/logreglustodin-a-selfossi\/\" target=\"_blank\" rel=\"noopener\">https:\/\/www.logreglan.is\/logreglan\/umdaemin\/sudurland\/logreglustodin-a-selfossi\/<\/a>\u00a0<\/p>","protected":false},"excerpt":{"rendered":"<p>L\u00f6greglan Hlutverk l\u00f6greglu er a\u00f0 g\u00e6ta almanna\u00f6ryggis og tryggja r\u00e9ttar\u00f6ryggi.\u00a0 Ef \u00fe\u00fa \u00fearft a\u00f0sto\u00f0 l\u00f6greglu strax &#8211; hringdu \u00ed 112!\u00a0 L\u00f6greglust\u00f6\u00f0in \u00e1 Selfossi\u00a0er sta\u00f0sett\u00a0\u00e1\u00a0H\u00f6r\u00f0uv\u00f6llum\u00a01\u00a0og opin\u00a0m\u00e1nudaga til f\u00f6studaga\u00a0milli 09:00-16:00.\u00a0\u00a0 N\u00e1nari uppl\u00fdsingar:\u00a0https:\/\/www.logreglan.is\/logreglan\/umdaemin\/sudurland\/logreglustodin-a-selfossi\/\u00a0<\/p>","protected":false},"author":4,"featured_media":0,"parent":16506,"menu_order":0,"comment_status":"closed","ping_status":"closed","template":"","meta":{"inline_featured_image":false,"site-sidebar-layout":"no-sidebar","site-content-layout":"page-builder","ast-site-content-layout":"default","site-content-style":"default","site-sidebar-style":"default","ast-global-header-display":"","ast-banner-title-visibility":"","ast-main-header-display":"","ast-hfb-above-header-display":"","ast-hfb-below-header-display":"","ast-hfb-mobile-header-display":"","site-post-title":"disabled","ast-breadcrumbs-content":"","ast-featured-img":"disabled","footer-sml-layout":"","theme-transparent-header-meta":"default","adv-header-id-meta":"","stick-header-meta":"","header-above-stick-meta":"","header-main-stick-meta":"","header-below-stick-meta":"","astra-migrate-meta-layouts":"default","ast-page-background-enabled":"default","ast-page-background-meta":{"desktop":{"background-color":"","background-image":"","background-repeat":"repeat","background-position":"center center","background-size":"auto","background-attachment":"scroll","background-type":"","background-media":"","overlay-type":"","overlay-color":"","overlay-opacity":"","overlay-gradient":""},"tablet":{"background-color":"","background-image":"","background-repeat":"repeat","background-position":"center center","background-size":"auto","background-attachment":"scroll","background-type":"","background-media":"","overlay-type":"","overlay-color":"","overlay-opacity":"","overlay-gradient":""},"mobile":{"background-color":"","background-image":"","background-repeat":"repeat","background-position":"center center","background-size":"auto","background-attachment":"scroll","background-type":"","background-media":"","overlay-type":"","overlay-color":"","overlay-opacity":"","overlay-gradient":""}},"ast-content-background-meta":{"desktop":{"background-color":"var(--ast-global-color-5)","background-image":"","background-repeat":"repeat","background-position":"center center","background-size":"auto","background-attachment":"scroll","background-type":"","background-media":"","overlay-type":"","overlay-color":"","overlay-opacity":"","overlay-gradient":""},"tablet":{"background-color":"var(--ast-global-color-5)","background-image":"","background-repeat":"repeat","background-position":"center center","background-size":"auto","background-attachment":"scroll","background-type":"","background-media":"","overlay-type":"","overlay-color":"","overlay-opacity":"","overlay-gradient":""},"mobile":{"background-color":"var(--ast-global-color-5)","background-image":"","background-repeat":"repeat","background-position":"center center","background-size":"auto","background-attachment":"scroll","background-type":"","background-media":"","overlay-type":"","overlay-color":"","overlay-opacity":"","overlay-gradient":""}},"footnotes":""},"class_list":["post-17369","page","type-page","status-publish","hentry"],"_links":{"self":[{"href":"https:\/\/fjolmenning.arborg.is\/pl\/wp-json\/wp\/v2\/pages\/17369","targetHints":{"allow":["GET"]}}],"collection":[{"href":"https:\/\/fjolmenning.arborg.is\/pl\/wp-json\/wp\/v2\/pages"}],"about":[{"href":"https:\/\/fjolmenning.arborg.is\/pl\/wp-json\/wp\/v2\/types\/page"}],"author":[{"embeddable":true,"href":"https:\/\/fjolmenning.arborg.is\/pl\/wp-json\/wp\/v2\/users\/4"}],"replies":[{"embeddable":true,"href":"https:\/\/fjolmenning.arborg.is\/pl\/wp-json\/wp\/v2\/comments?post=17369"}],"version-history":[{"count":4,"href":"https:\/\/fjolmenning.arborg.is\/pl\/wp-json\/wp\/v2\/pages\/17369\/revisions"}],"predecessor-version":[{"id":18248,"href":"https:\/\/fjolmenning.arborg.is\/pl\/wp-json\/wp\/v2\/pages\/17369\/revisions\/18248"}],"up":[{"embeddable":true,"href":"https:\/\/fjolmenning.arborg.is\/pl\/wp-json\/wp\/v2\/pages\/16506"}],"wp:attachment":[{"href":"https:\/\/fjolmenning.arborg.is\/pl\/wp-json\/wp\/v2\/media?parent=17369"}],"curies":[{"name":"wp","href":"https:\/\/api.w.org\/{rel}","templated":true}]}}