{"id":17298,"date":"2021-01-19T13:31:58","date_gmt":"2021-01-19T13:31:58","guid":{"rendered":"https:\/\/fjolmenning.arborg.is\/?page_id=17298"},"modified":"2026-02-06T09:37:18","modified_gmt":"2026-02-06T09:37:18","slug":"stodumat","status":"publish","type":"page","link":"https:\/\/fjolmenning.arborg.is\/pl\/menntun\/stodumat\/","title":{"rendered":"St\u00f6\u00f0umat"},"content":{"rendered":"<h1>\n\t\t\tMapa wiedzy i umiej\u0119tno\u015bci dla uczni\u00f3w obcego pochodzenia  \t<\/h1>\n\t<p>Tworzenie mapy wiedzy i umiejetno\u015bci (St\u00f6\u00f0umat) ma na celu wspieranie pracy szk\u00f3\u0142 w zakresie oceny wiedzy uczni\u00f3w obcego pochodzenia tak, aby szko\u0142a mog\u0142a przygotowa\u0107 i dostosowa\u0107 nauczanie do potrzeb ucznia i jego poziomu wiedzy.\u00a0<\/p>\n\t<p>Fr\u00e1 hausti 2016 hafa sveitarf\u00e9l\u00f6gin \u00c1rborg, Hafnarfj\u00f6r\u00f0ur og Reykjanesb\u00e6r veri\u00f0 \u00ed faglegu samstarfi um \u00fe\u00fd\u00f0ingu og\u00a0sta\u00f0f\u00e6ringu\u00a0\u00e1 st\u00f6\u00f0umatst\u00e6ki sem n\u00fdtist sk\u00f3lum til a\u00f0 leggja mat \u00e1 n\u00e1msh\u00e6fni, \u00feekkingu og reynslu nemenda af erlendum uppruna \u00e1 \u00feeirra tungum\u00e1li.\u00a0<\/p>\n<p>Material jest przewidziany dla szk\u00f3\u0142 podstawowych, ale mo\u017ce by\u0107 r\u00f3wnie\u017c stosowany w szko\u0142ach ponadpodstawowych.<\/p>\n<p>Szczeg\u00f3\u0142owe informacje:\u00a0<a href=\"https:\/\/memm.mms.is\/mottaka\/stodumat-stikum-af-stad\" target=\"_blank\" rel=\"noopener\">https:\/\/memm.mms.is\/mottaka\/stodumat-stikum-af-stad<\/a><\/p>","protected":false},"excerpt":{"rendered":"<p>St\u00f6\u00f0umat fyrir nemendur af erlendum uppruna Markmi\u00f0i\u00f0 me\u00f0 St\u00f6\u00f0umatinu er a\u00f0 sty\u00f0ja vi\u00f0 vinnu sk\u00f3lanna var\u00f0andi mat \u00e1 \u00feekkingu nemenda af erlendum uppruna \u00feannig a\u00f0 sk\u00f3linn geti undirb\u00fai\u00f0 og a\u00f0laga\u00f0 kennsluna a\u00f0 \u00fe\u00f6rfum nemandans og \u00feekkingargrunni hans.\u00a0 Fr\u00e1 hausti 2016 hafa sveitarf\u00e9l\u00f6gin \u00c1rborg, Hafnarfj\u00f6r\u00f0ur og Reykjanesb\u00e6r veri\u00f0 \u00ed faglegu samstarfi um \u00fe\u00fd\u00f0ingu og\u00a0sta\u00f0f\u00e6ringu\u00a0\u00e1 st\u00f6\u00f0umatst\u00e6ki sem [&hellip;]<\/p>\n","protected":false},"author":5,"featured_media":0,"parent":16510,"menu_order":0,"comment_status":"closed","ping_status":"closed","template":"","meta":{"inline_featured_image":false,"site-sidebar-layout":"no-sidebar","site-content-layout":"page-builder","ast-site-content-layout":"default","site-content-style":"default","site-sidebar-style":"default","ast-global-header-display":"","ast-banner-title-visibility":"","ast-main-header-display":"","ast-hfb-above-header-display":"","ast-hfb-below-header-display":"","ast-hfb-mobile-header-display":"","site-post-title":"disabled","ast-breadcrumbs-content":"","ast-featured-img":"disabled","footer-sml-layout":"","theme-transparent-header-meta":"default","adv-header-id-meta":"","stick-header-meta":"","header-above-stick-meta":"","header-main-stick-meta":"","header-below-stick-meta":"","astra-migrate-meta-layouts":"default","ast-page-background-enabled":"default","ast-page-background-meta":{"desktop":{"background-color":"","background-image":"","background-repeat":"repeat","background-position":"center center","background-size":"auto","background-attachment":"scroll","background-type":"","background-media":"","overlay-type":"","overlay-color":"","overlay-opacity":"","overlay-gradient":""},"tablet":{"background-color":"","background-image":"","background-repeat":"repeat","background-position":"center center","background-size":"auto","background-attachment":"scroll","background-type":"","background-media":"","overlay-type":"","overlay-color":"","overlay-opacity":"","overlay-gradient":""},"mobile":{"background-color":"","background-image":"","background-repeat":"repeat","background-position":"center center","background-size":"auto","background-attachment":"scroll","background-type":"","background-media":"","overlay-type":"","overlay-color":"","overlay-opacity":"","overlay-gradient":""}},"ast-content-background-meta":{"desktop":{"background-color":"var(--ast-global-color-5)","background-image":"","background-repeat":"repeat","background-position":"center center","background-size":"auto","background-attachment":"scroll","background-type":"","background-media":"","overlay-type":"","overlay-color":"","overlay-opacity":"","overlay-gradient":""},"tablet":{"background-color":"var(--ast-global-color-5)","background-image":"","background-repeat":"repeat","background-position":"center center","background-size":"auto","background-attachment":"scroll","background-type":"","background-media":"","overlay-type":"","overlay-color":"","overlay-opacity":"","overlay-gradient":""},"mobile":{"background-color":"var(--ast-global-color-5)","background-image":"","background-repeat":"repeat","background-position":"center center","background-size":"auto","background-attachment":"scroll","background-type":"","background-media":"","overlay-type":"","overlay-color":"","overlay-opacity":"","overlay-gradient":""}},"footnotes":""},"class_list":["post-17298","page","type-page","status-publish","hentry"],"_links":{"self":[{"href":"https:\/\/fjolmenning.arborg.is\/pl\/wp-json\/wp\/v2\/pages\/17298","targetHints":{"allow":["GET"]}}],"collection":[{"href":"https:\/\/fjolmenning.arborg.is\/pl\/wp-json\/wp\/v2\/pages"}],"about":[{"href":"https:\/\/fjolmenning.arborg.is\/pl\/wp-json\/wp\/v2\/types\/page"}],"author":[{"embeddable":true,"href":"https:\/\/fjolmenning.arborg.is\/pl\/wp-json\/wp\/v2\/users\/5"}],"replies":[{"embeddable":true,"href":"https:\/\/fjolmenning.arborg.is\/pl\/wp-json\/wp\/v2\/comments?post=17298"}],"version-history":[{"count":6,"href":"https:\/\/fjolmenning.arborg.is\/pl\/wp-json\/wp\/v2\/pages\/17298\/revisions"}],"predecessor-version":[{"id":18412,"href":"https:\/\/fjolmenning.arborg.is\/pl\/wp-json\/wp\/v2\/pages\/17298\/revisions\/18412"}],"up":[{"embeddable":true,"href":"https:\/\/fjolmenning.arborg.is\/pl\/wp-json\/wp\/v2\/pages\/16510"}],"wp:attachment":[{"href":"https:\/\/fjolmenning.arborg.is\/pl\/wp-json\/wp\/v2\/media?parent=17298"}],"curies":[{"name":"wp","href":"https:\/\/api.w.org\/{rel}","templated":true}]}}