{"id":17223,"date":"2021-01-08T14:40:51","date_gmt":"2021-01-08T14:40:51","guid":{"rendered":"https:\/\/fjolmenning.arborg.is\/?page_id=17223"},"modified":"2025-07-16T11:40:39","modified_gmt":"2025-07-16T11:40:39","slug":"ithrottir-i-bodi","status":"publish","type":"page","link":"https:\/\/fjolmenning.arborg.is\/pl\/ibuar\/ithrottir-i-bodi\/","title":{"rendered":"Oferowane zaj\u0119cia sportowe"},"content":{"rendered":"<h1>\n\t\t\tOferowane zaj\u0119cia sportowe\t<\/h1>\n\t<p>W gminie mo\u017cna uprawia\u0107 nast\u0119puj\u0105ce sporty: pi\u0142ka r\u0119czna, pi\u0142ka no\u017cna, p\u0142ywanie, judo, gimnastyka, lekkoatletyka, taekwondo, motocross, bocia, koszyk\u00f3wka, podnoszenie ci\u0119\u017car\u00f3w, \ngolf i sporty je\u017adzieckie.<\/p>\n\t<p>Szczeg\u00f3\u0142owe informacje: <a href=\"http:\/\/www.selfoss.net\" target=\"_blank\" rel=\"noopener\">www.selfoss.net<\/a> | <a href=\"http:\/\/www.selfosskarfa.is\" target=\"_blank\" rel=\"noopener\">www.selfosskarfa.is<\/a> | <a href=\"http:\/\/www.gosgolf.is\" target=\"_blank\" rel=\"noopener\">www.gosgolf.is<\/a> | <a href=\"http:\/\/www.sleipnir.is\" target=\"_blank\" rel=\"noopener\">www.sleipnir.is<\/a><\/p>","protected":false},"excerpt":{"rendered":"<p>\u00cd\u00fer\u00f3ttir \u00ed bo\u00f0i H\u00e6gt er a\u00f0 \u00e6fa eftirfarandi \u00ed\u00fer\u00f3ttir \u00ed sveitarf\u00e9laginu: handbolti, f\u00f3tbolti, sund, j\u00fad\u00f3, fimleikar, frj\u00e1lsar \u00ed\u00fer\u00f3ttir, taekwondo, m\u00f3torkross, boccia, k\u00f6rfubolti, lyftingar, golf og hesta\u00ed\u00fer\u00f3ttir. N\u00e1nari uppl\u00fdsingar: www.selfoss.net | www.selfosskarfa.is | www.gosgolf.is | www.sleipnir.is<\/p>","protected":false},"author":4,"featured_media":0,"parent":16503,"menu_order":0,"comment_status":"closed","ping_status":"closed","template":"","meta":{"inline_featured_image":false,"site-sidebar-layout":"no-sidebar","site-content-layout":"page-builder","ast-site-content-layout":"default","site-content-style":"default","site-sidebar-style":"default","ast-global-header-display":"","ast-banner-title-visibility":"","ast-main-header-display":"","ast-hfb-above-header-display":"","ast-hfb-below-header-display":"","ast-hfb-mobile-header-display":"","site-post-title":"disabled","ast-breadcrumbs-content":"","ast-featured-img":"disabled","footer-sml-layout":"","theme-transparent-header-meta":"default","adv-header-id-meta":"","stick-header-meta":"","header-above-stick-meta":"","header-main-stick-meta":"","header-below-stick-meta":"","astra-migrate-meta-layouts":"default","ast-page-background-enabled":"default","ast-page-background-meta":{"desktop":{"background-color":"","background-image":"","background-repeat":"repeat","background-position":"center center","background-size":"auto","background-attachment":"scroll","background-type":"","background-media":"","overlay-type":"","overlay-color":"","overlay-opacity":"","overlay-gradient":""},"tablet":{"background-color":"","background-image":"","background-repeat":"repeat","background-position":"center center","background-size":"auto","background-attachment":"scroll","background-type":"","background-media":"","overlay-type":"","overlay-color":"","overlay-opacity":"","overlay-gradient":""},"mobile":{"background-color":"","background-image":"","background-repeat":"repeat","background-position":"center center","background-size":"auto","background-attachment":"scroll","background-type":"","background-media":"","overlay-type":"","overlay-color":"","overlay-opacity":"","overlay-gradient":""}},"ast-content-background-meta":{"desktop":{"background-color":"var(--ast-global-color-5)","background-image":"","background-repeat":"repeat","background-position":"center center","background-size":"auto","background-attachment":"scroll","background-type":"","background-media":"","overlay-type":"","overlay-color":"","overlay-opacity":"","overlay-gradient":""},"tablet":{"background-color":"var(--ast-global-color-5)","background-image":"","background-repeat":"repeat","background-position":"center center","background-size":"auto","background-attachment":"scroll","background-type":"","background-media":"","overlay-type":"","overlay-color":"","overlay-opacity":"","overlay-gradient":""},"mobile":{"background-color":"var(--ast-global-color-5)","background-image":"","background-repeat":"repeat","background-position":"center center","background-size":"auto","background-attachment":"scroll","background-type":"","background-media":"","overlay-type":"","overlay-color":"","overlay-opacity":"","overlay-gradient":""}},"footnotes":""},"class_list":["post-17223","page","type-page","status-publish","hentry"],"_links":{"self":[{"href":"https:\/\/fjolmenning.arborg.is\/pl\/wp-json\/wp\/v2\/pages\/17223","targetHints":{"allow":["GET"]}}],"collection":[{"href":"https:\/\/fjolmenning.arborg.is\/pl\/wp-json\/wp\/v2\/pages"}],"about":[{"href":"https:\/\/fjolmenning.arborg.is\/pl\/wp-json\/wp\/v2\/types\/page"}],"author":[{"embeddable":true,"href":"https:\/\/fjolmenning.arborg.is\/pl\/wp-json\/wp\/v2\/users\/4"}],"replies":[{"embeddable":true,"href":"https:\/\/fjolmenning.arborg.is\/pl\/wp-json\/wp\/v2\/comments?post=17223"}],"version-history":[{"count":6,"href":"https:\/\/fjolmenning.arborg.is\/pl\/wp-json\/wp\/v2\/pages\/17223\/revisions"}],"predecessor-version":[{"id":18212,"href":"https:\/\/fjolmenning.arborg.is\/pl\/wp-json\/wp\/v2\/pages\/17223\/revisions\/18212"}],"up":[{"embeddable":true,"href":"https:\/\/fjolmenning.arborg.is\/pl\/wp-json\/wp\/v2\/pages\/16503"}],"wp:attachment":[{"href":"https:\/\/fjolmenning.arborg.is\/pl\/wp-json\/wp\/v2\/media?parent=17223"}],"curies":[{"name":"wp","href":"https:\/\/api.w.org\/{rel}","templated":true}]}}