{"id":17219,"date":"2021-01-08T13:01:42","date_gmt":"2021-01-08T13:01:42","guid":{"rendered":"https:\/\/fjolmenning.arborg.is\/?page_id=17219"},"modified":"2025-07-16T13:42:45","modified_gmt":"2025-07-16T13:42:45","slug":"ofbeldi","status":"publish","type":"page","link":"https:\/\/fjolmenning.arborg.is\/pl\/samfelag\/ofbeldi\/","title":{"rendered":"Przemoc"},"content":{"rendered":"<h1>\n\t\t\tPrzemoc\t<\/h1>\n\t<p><strong>Kynbundi\u00f0 ofbeldi<\/strong> er ofbeldi sem vi\u00f0komandi ver\u00f0ur fyrir vegna kyns s\u00edns.\u00a0<\/p>\n<p class=\"translation-block\">Przemoc domowa\/przemoc w rodzinie (Heimilisofbeldi) to zachowania przemocowe, kt\u00f3rych do\u015bwiadczasz ze strony kogo\u015b z kim jeste\u015b\/by\u0142e\u015b w zwi\u0105zku lub z kim\u015b jeste\u015b spokrewniony. Przemoc mo\u017ce przybiera\u0107 form\u0119 fizyczn\u0105, psychiczn\u0105, finansow\u0105, seksualn\u0105 lub cyfrow\u0105\/cybernetyczn\u0105.<\/p>\n\t<p>Mo\u017cliwe jest uzyskanie pomocy z:<\/p>\n<p><strong>Sigurh\u00e6\u00f0ir<\/strong><\/p>\n<p>Sigurh\u00e6\u00f0ir to us\u0142ugi w Selfoss dla kobiet w wieku 18 lat i starszych, kt\u00f3re s\u0105 ofiarami jakiejkolwiek przemocy ze wzgl\u0119du na p\u0142e\u0107. Sigurh\u00e6\u00f0ir \u015bwiadczy skoordynowane doradztwo, wsparcie oraz terapi\u0119 dostosowan\u0105 do indywidualnych potrzeb. Dost\u0119pna jest indywidualna i grupowa terapia, a tak\u017ce specjalistyczna terapia pourazowa. Sigurh\u00e6\u00f0ir wsp\u00f3\u0142pracuje z policj\u0105, kt\u00f3ra udziela porad i informacji. Oferowane s\u0105 r\u00f3wnie\u017c porady prawne. Kobiety mieszkaj\u0105ce na po\u0142udniu Islandii oraz cz\u0142onkowie ich rodzin mog\u0105 skontaktowa\u0107 si\u0119 osobi\u015bcie, telefonicznie oraz um\u00f3wi\u0107 si\u0119 na wywiad celem uzyskania wsparcia, porady czy informacji.<\/p>\n<p>Szczeg\u00f3\u0142owe informacje: <a href=\"https:\/\/www.sigurhaedir.is\/\" target=\"_blank\" rel=\"noopener\">https:\/\/www.sigurhaedir.is<\/a><\/p>\n<p><strong>St\u00edgam\u00f3t\u00a0<\/strong><\/p>\n<p>St\u00edgam\u00f3t er r\u00e1\u00f0gjafar- og stu\u00f0ningsmi\u00f0st\u00f6\u00f0 fyrir\u00a0b\u00e6\u00f0i konur og karla sem hafa veri\u00f0 beitt hvers kyns\u00a0kynfer\u00f0isofbeldi.\u00a0<\/p>\n<p>Szczeg\u00f3\u0142owe informacje:\u00a0<a href=\"http:\/\/www.stigamot.is\/\" target=\"_blank\" rel=\"noopener\">www.stigamot.is<\/a>\u00a0<\/p>\n<p><b>Kvennaathvarf<\/b><b>\u00a0<\/b>\u00a0<\/p>\n<p>Kvennaathvarf to schronisko dla kobiet i ich dzieci, kiedy ich pobyt w domu jest nie do zniesienia z powodu przemocy, jakiej do\u015bwiadczaj\u0105. Kvennaathvarf oferuje wywiady z kobietami, kt\u00f3re s\u0105 lub by\u0142y wykorzystywane w zwi\u0105zkach, a tak\u017ce porady i wsparcie telefoniczne przez ca\u0142\u0105 dob\u0119.\u00a0<\/p>\n<p>Szczeg\u00f3\u0142owe informacje:\u00a0<a href=\"https:\/\/www.kvennaathvarf.is\/\" target=\"_blank\" rel=\"noopener\">https:\/\/www.kvennaathvarf.is\/<\/a>\u00a0<\/p>\n<p><b>Stowarzyszenie Kobiet Obcego Pochodzenia na Islandii (W.O.M.E.N. na Islandii)\u00a0<\/b><b>in<\/b><b>\u00a0Iceland)<\/b>\u00a0<\/p>\n<p>Rol\u0105 Stowarzyszenia Kobiet Obcego Pochodzenia na Islandii (Samt\u00f6k kvenna af erlendum uppruna \u00e1 \u00cdslandi) jest zjednoczenie, zwr\u00f3cenie uwagi na sprawy i zainteresowania kobiet jak i udzielenie g\u0142osu kobietom, kt\u00f3re osiedli\u0142y si\u0119 na Islandii. Celem Stowarzyszenia jest praca na rzecz r\u00f3wno\u015bci i r\u00f3wnego statusu kobiet obcego pochodzenia we wszystkich dziedzinach \u017cycia publicznego. Stowarzyszenie jest otwarte dla wszystkich kobiet obcego pochodzenia, kt\u00f3re mieszkaj\u0105 na Islandii.\u00a0\u00a0<\/p>\n<p>Szczeg\u00f3\u0142owe informacje:\u00a0<a href=\"https:\/\/womeniniceland.is\/\" target=\"_blank\" rel=\"noopener\">https:\/\/womeniniceland.is\/<\/a>\u00a0<\/p>","protected":false},"excerpt":{"rendered":"<p>Ofbeldi Kynbundi\u00f0 ofbeldi er ofbeldi sem vi\u00f0komandi ver\u00f0ur fyrir vegna kyns s\u00edns.\u00a0 Heimilisofbeldi\u00a0er ofbeldi sem einstaklingur ver\u00f0ur fyrir af h\u00e1lfu einhvers sem er honum n\u00e1kominn, tengdur e\u00f0a skyldur. Ofbeldi\u00f0 getur veri\u00f0 l\u00edkamlegt, andlegt, kynfer\u00f0islegt, fj\u00e1rhagslegt e\u00f0a jafnvel stafr\u00e6nt. H\u00e6gt er a\u00f0 f\u00e1 a\u00f0sto\u00f0 hj\u00e1: Sigurh\u00e6\u00f0ir Sigurh\u00e6\u00f0ir er \u00fej\u00f3nusta \u00e1 Selfossi fyrir konur 18 \u00e1ra og [&hellip;]<\/p>\n","protected":false},"author":4,"featured_media":0,"parent":16506,"menu_order":0,"comment_status":"closed","ping_status":"closed","template":"","meta":{"inline_featured_image":false,"site-sidebar-layout":"no-sidebar","site-content-layout":"page-builder","ast-site-content-layout":"default","site-content-style":"default","site-sidebar-style":"default","ast-global-header-display":"","ast-banner-title-visibility":"","ast-main-header-display":"","ast-hfb-above-header-display":"","ast-hfb-below-header-display":"","ast-hfb-mobile-header-display":"","site-post-title":"disabled","ast-breadcrumbs-content":"","ast-featured-img":"disabled","footer-sml-layout":"","theme-transparent-header-meta":"default","adv-header-id-meta":"","stick-header-meta":"","header-above-stick-meta":"","header-main-stick-meta":"","header-below-stick-meta":"","astra-migrate-meta-layouts":"default","ast-page-background-enabled":"default","ast-page-background-meta":{"desktop":{"background-color":"","background-image":"","background-repeat":"repeat","background-position":"center center","background-size":"auto","background-attachment":"scroll","background-type":"","background-media":"","overlay-type":"","overlay-color":"","overlay-opacity":"","overlay-gradient":""},"tablet":{"background-color":"","background-image":"","background-repeat":"repeat","background-position":"center center","background-size":"auto","background-attachment":"scroll","background-type":"","background-media":"","overlay-type":"","overlay-color":"","overlay-opacity":"","overlay-gradient":""},"mobile":{"background-color":"","background-image":"","background-repeat":"repeat","background-position":"center center","background-size":"auto","background-attachment":"scroll","background-type":"","background-media":"","overlay-type":"","overlay-color":"","overlay-opacity":"","overlay-gradient":""}},"ast-content-background-meta":{"desktop":{"background-color":"var(--ast-global-color-5)","background-image":"","background-repeat":"repeat","background-position":"center center","background-size":"auto","background-attachment":"scroll","background-type":"","background-media":"","overlay-type":"","overlay-color":"","overlay-opacity":"","overlay-gradient":""},"tablet":{"background-color":"var(--ast-global-color-5)","background-image":"","background-repeat":"repeat","background-position":"center center","background-size":"auto","background-attachment":"scroll","background-type":"","background-media":"","overlay-type":"","overlay-color":"","overlay-opacity":"","overlay-gradient":""},"mobile":{"background-color":"var(--ast-global-color-5)","background-image":"","background-repeat":"repeat","background-position":"center center","background-size":"auto","background-attachment":"scroll","background-type":"","background-media":"","overlay-type":"","overlay-color":"","overlay-opacity":"","overlay-gradient":""}},"footnotes":""},"class_list":["post-17219","page","type-page","status-publish","hentry"],"_links":{"self":[{"href":"https:\/\/fjolmenning.arborg.is\/pl\/wp-json\/wp\/v2\/pages\/17219","targetHints":{"allow":["GET"]}}],"collection":[{"href":"https:\/\/fjolmenning.arborg.is\/pl\/wp-json\/wp\/v2\/pages"}],"about":[{"href":"https:\/\/fjolmenning.arborg.is\/pl\/wp-json\/wp\/v2\/types\/page"}],"author":[{"embeddable":true,"href":"https:\/\/fjolmenning.arborg.is\/pl\/wp-json\/wp\/v2\/users\/4"}],"replies":[{"embeddable":true,"href":"https:\/\/fjolmenning.arborg.is\/pl\/wp-json\/wp\/v2\/comments?post=17219"}],"version-history":[{"count":9,"href":"https:\/\/fjolmenning.arborg.is\/pl\/wp-json\/wp\/v2\/pages\/17219\/revisions"}],"predecessor-version":[{"id":18263,"href":"https:\/\/fjolmenning.arborg.is\/pl\/wp-json\/wp\/v2\/pages\/17219\/revisions\/18263"}],"up":[{"embeddable":true,"href":"https:\/\/fjolmenning.arborg.is\/pl\/wp-json\/wp\/v2\/pages\/16506"}],"wp:attachment":[{"href":"https:\/\/fjolmenning.arborg.is\/pl\/wp-json\/wp\/v2\/media?parent=17219"}],"curies":[{"name":"wp","href":"https:\/\/api.w.org\/{rel}","templated":true}]}}