{"id":17215,"date":"2021-01-08T12:55:25","date_gmt":"2021-01-08T12:55:25","guid":{"rendered":"https:\/\/fjolmenning.arborg.is\/?page_id=17215"},"modified":"2025-07-16T11:41:59","modified_gmt":"2025-07-16T11:41:59","slug":"min-arborg","status":"publish","type":"page","link":"https:\/\/fjolmenning.arborg.is\/pl\/ibuar\/min-arborg\/","title":{"rendered":"M\u00edn \u00c1rborg"},"content":{"rendered":"<h1>\n\t\t\tM\u00edn \u00c1rborg\t<\/h1>\n\t<p>M\u00edn \u00c1rborg to portal internetowy prowadzony przez gmin\u0119 \u00c1rborg, na kt\u00f3rym mieszka\u0144cy mog\u0105 sk\u0142ada\u0107 wnioski elektroniczne, np. o przedszkole, zapisanie dziecka do szko\u0142y podstawowej, o pomoc finansow\u0105, o pozwolenia na posiadanie kot\u00f3w i ps\u00f3w, o udzia\u0142 dzieci w zaj\u0119ciach pozalekcyjnych oraz monitorowa\u0107 przebieg rozpatrywania wniosk\u00f3w. Do portalu mo\u017cna zalogowa\u0107 si\u0119 za pomoc\u0105 podpisu elektronicznego (rafr\u00e6n sk\u00edlriki).<\/p>\n\t<p>Szczeg\u00f3\u0142owe informacje: <a href=\"https:\/\/ibuagatt.arborg.is\/login.aspx?ReturnUrl=%2f\" target=\"_blank\" rel=\"noopener\">https:\/\/ibuagatt.arborg.is\/login.aspx?ReturnUrl=%2f<\/a><\/p>","protected":false},"excerpt":{"rendered":"<p>M\u00edn \u00c1rborg M\u00edn \u00c1rborg er vefg\u00e1tt \u00e1 vegum sveitarf\u00e9lagsins \u00c1rborgar \u00fear sem \u00edb\u00faar geta sent inn rafr\u00e6nar ums\u00f3knir t.d. um leik- og grunnsk\u00f3la, fj\u00e1rhagsa\u00f0sto\u00f0, um leyfi til katta- e\u00f0a hundahalds, um \u00fe\u00e1ttt\u00f6ku barna \u00ed fr\u00edstundum og fylgst me\u00f0 \u00farvinnslu ums\u00f3kna. H\u00e6gt er a\u00f0 skr\u00e1 sig inn me\u00f0 rafr\u00e6num skilr\u00edkjum. N\u00e1nari uppl\u00fdsingar: https:\/\/ibuagatt.arborg.is\/login.aspx?ReturnUrl=%2f<\/p>","protected":false},"author":4,"featured_media":0,"parent":16503,"menu_order":0,"comment_status":"closed","ping_status":"closed","template":"","meta":{"inline_featured_image":false,"site-sidebar-layout":"no-sidebar","site-content-layout":"page-builder","ast-site-content-layout":"default","site-content-style":"default","site-sidebar-style":"default","ast-global-header-display":"","ast-banner-title-visibility":"","ast-main-header-display":"","ast-hfb-above-header-display":"","ast-hfb-below-header-display":"","ast-hfb-mobile-header-display":"","site-post-title":"disabled","ast-breadcrumbs-content":"","ast-featured-img":"","footer-sml-layout":"","theme-transparent-header-meta":"default","adv-header-id-meta":"","stick-header-meta":"","header-above-stick-meta":"","header-main-stick-meta":"","header-below-stick-meta":"","astra-migrate-meta-layouts":"default","ast-page-background-enabled":"default","ast-page-background-meta":{"desktop":{"background-color":"","background-image":"","background-repeat":"repeat","background-position":"center center","background-size":"auto","background-attachment":"scroll","background-type":"","background-media":"","overlay-type":"","overlay-color":"","overlay-opacity":"","overlay-gradient":""},"tablet":{"background-color":"","background-image":"","background-repeat":"repeat","background-position":"center center","background-size":"auto","background-attachment":"scroll","background-type":"","background-media":"","overlay-type":"","overlay-color":"","overlay-opacity":"","overlay-gradient":""},"mobile":{"background-color":"","background-image":"","background-repeat":"repeat","background-position":"center center","background-size":"auto","background-attachment":"scroll","background-type":"","background-media":"","overlay-type":"","overlay-color":"","overlay-opacity":"","overlay-gradient":""}},"ast-content-background-meta":{"desktop":{"background-color":"var(--ast-global-color-5)","background-image":"","background-repeat":"repeat","background-position":"center center","background-size":"auto","background-attachment":"scroll","background-type":"","background-media":"","overlay-type":"","overlay-color":"","overlay-opacity":"","overlay-gradient":""},"tablet":{"background-color":"var(--ast-global-color-5)","background-image":"","background-repeat":"repeat","background-position":"center center","background-size":"auto","background-attachment":"scroll","background-type":"","background-media":"","overlay-type":"","overlay-color":"","overlay-opacity":"","overlay-gradient":""},"mobile":{"background-color":"var(--ast-global-color-5)","background-image":"","background-repeat":"repeat","background-position":"center center","background-size":"auto","background-attachment":"scroll","background-type":"","background-media":"","overlay-type":"","overlay-color":"","overlay-opacity":"","overlay-gradient":""}},"footnotes":""},"class_list":["post-17215","page","type-page","status-publish","hentry"],"_links":{"self":[{"href":"https:\/\/fjolmenning.arborg.is\/pl\/wp-json\/wp\/v2\/pages\/17215","targetHints":{"allow":["GET"]}}],"collection":[{"href":"https:\/\/fjolmenning.arborg.is\/pl\/wp-json\/wp\/v2\/pages"}],"about":[{"href":"https:\/\/fjolmenning.arborg.is\/pl\/wp-json\/wp\/v2\/types\/page"}],"author":[{"embeddable":true,"href":"https:\/\/fjolmenning.arborg.is\/pl\/wp-json\/wp\/v2\/users\/4"}],"replies":[{"embeddable":true,"href":"https:\/\/fjolmenning.arborg.is\/pl\/wp-json\/wp\/v2\/comments?post=17215"}],"version-history":[{"count":5,"href":"https:\/\/fjolmenning.arborg.is\/pl\/wp-json\/wp\/v2\/pages\/17215\/revisions"}],"predecessor-version":[{"id":18214,"href":"https:\/\/fjolmenning.arborg.is\/pl\/wp-json\/wp\/v2\/pages\/17215\/revisions\/18214"}],"up":[{"embeddable":true,"href":"https:\/\/fjolmenning.arborg.is\/pl\/wp-json\/wp\/v2\/pages\/16503"}],"wp:attachment":[{"href":"https:\/\/fjolmenning.arborg.is\/pl\/wp-json\/wp\/v2\/media?parent=17215"}],"curies":[{"name":"wp","href":"https:\/\/api.w.org\/{rel}","templated":true}]}}