{"id":17202,"date":"2021-01-08T12:33:08","date_gmt":"2021-01-08T12:33:08","guid":{"rendered":"https:\/\/fjolmenning.arborg.is\/?page_id=17202"},"modified":"2025-07-16T11:51:17","modified_gmt":"2025-07-16T11:51:17","slug":"bokasofn","status":"publish","type":"page","link":"https:\/\/fjolmenning.arborg.is\/pl\/ibuar\/bokasofn\/","title":{"rendered":"Biblioteki"},"content":{"rendered":"<h1>\n\t\t\tBiblioteki \t<\/h1>\n\t<p>\u00derj\u00fa b\u00f3kas\u00f6fn eru starfr\u00e6kt \u00ed sveitarf\u00e9laginu: \u00e1 Selfossi, Stokkseyri og Eyrarbakka. B\u00f6rn (0 &#8211; 18 \u00e1ra), \u00f6ryrkjar og eldri borgarar b\u00fasett \u00ed Sveitarf\u00e9laginu \u00c1rborg f\u00e1 fr\u00edtt b\u00f3kasafnskort. B\u00f3kasafni\u00f0 \u00e1 Selfossi er me\u00f0 st\u00f3ra og g\u00f3\u00f0a deild af enskum b\u00f3kum, talsvert \u00farval af p\u00f3lskum b\u00f3kum fyrir alla aldursh\u00f3pa og me\u00f0 b\u00e6kur \u00e1 norsku, s\u00e6nsku, d\u00f6nsku og \u00f6\u00f0rum tungum\u00e1lum.<\/p>\n\t<p>Szczeg\u00f3\u0142owe informacje: <a href=\"https:\/\/bokasafn.arborg.is\/\" target=\"_blank\" rel=\"noopener\">https:\/\/bokasafn.arborg.is\/<\/a><\/p>","protected":false},"excerpt":{"rendered":"<p>B\u00f3kas\u00f6fn \u00derj\u00fa b\u00f3kas\u00f6fn eru starfr\u00e6kt \u00ed sveitarf\u00e9laginu: \u00e1 Selfossi, Stokkseyri og Eyrarbakka. B\u00f6rn (0 &#8211; 18 \u00e1ra), \u00f6ryrkjar og eldri borgarar b\u00fasett \u00ed Sveitarf\u00e9laginu \u00c1rborg f\u00e1 fr\u00edtt b\u00f3kasafnskort. B\u00f3kasafni\u00f0 \u00e1 Selfossi er me\u00f0 st\u00f3ra og g\u00f3\u00f0a deild af enskum b\u00f3kum, talsvert \u00farval af p\u00f3lskum b\u00f3kum fyrir alla aldursh\u00f3pa og me\u00f0 b\u00e6kur \u00e1 norsku, s\u00e6nsku, d\u00f6nsku [&hellip;]<\/p>\n","protected":false},"author":4,"featured_media":0,"parent":16503,"menu_order":0,"comment_status":"closed","ping_status":"closed","template":"","meta":{"inline_featured_image":false,"site-sidebar-layout":"no-sidebar","site-content-layout":"page-builder","ast-site-content-layout":"default","site-content-style":"default","site-sidebar-style":"default","ast-global-header-display":"","ast-banner-title-visibility":"","ast-main-header-display":"","ast-hfb-above-header-display":"","ast-hfb-below-header-display":"","ast-hfb-mobile-header-display":"","site-post-title":"disabled","ast-breadcrumbs-content":"","ast-featured-img":"disabled","footer-sml-layout":"","theme-transparent-header-meta":"default","adv-header-id-meta":"","stick-header-meta":"","header-above-stick-meta":"","header-main-stick-meta":"","header-below-stick-meta":"","astra-migrate-meta-layouts":"default","ast-page-background-enabled":"default","ast-page-background-meta":{"desktop":{"background-color":"","background-image":"","background-repeat":"repeat","background-position":"center center","background-size":"auto","background-attachment":"scroll","background-type":"","background-media":"","overlay-type":"","overlay-color":"","overlay-opacity":"","overlay-gradient":""},"tablet":{"background-color":"","background-image":"","background-repeat":"repeat","background-position":"center center","background-size":"auto","background-attachment":"scroll","background-type":"","background-media":"","overlay-type":"","overlay-color":"","overlay-opacity":"","overlay-gradient":""},"mobile":{"background-color":"","background-image":"","background-repeat":"repeat","background-position":"center center","background-size":"auto","background-attachment":"scroll","background-type":"","background-media":"","overlay-type":"","overlay-color":"","overlay-opacity":"","overlay-gradient":""}},"ast-content-background-meta":{"desktop":{"background-color":"var(--ast-global-color-5)","background-image":"","background-repeat":"repeat","background-position":"center center","background-size":"auto","background-attachment":"scroll","background-type":"","background-media":"","overlay-type":"","overlay-color":"","overlay-opacity":"","overlay-gradient":""},"tablet":{"background-color":"var(--ast-global-color-5)","background-image":"","background-repeat":"repeat","background-position":"center center","background-size":"auto","background-attachment":"scroll","background-type":"","background-media":"","overlay-type":"","overlay-color":"","overlay-opacity":"","overlay-gradient":""},"mobile":{"background-color":"var(--ast-global-color-5)","background-image":"","background-repeat":"repeat","background-position":"center center","background-size":"auto","background-attachment":"scroll","background-type":"","background-media":"","overlay-type":"","overlay-color":"","overlay-opacity":"","overlay-gradient":""}},"footnotes":""},"class_list":["post-17202","page","type-page","status-publish","hentry"],"_links":{"self":[{"href":"https:\/\/fjolmenning.arborg.is\/pl\/wp-json\/wp\/v2\/pages\/17202","targetHints":{"allow":["GET"]}}],"collection":[{"href":"https:\/\/fjolmenning.arborg.is\/pl\/wp-json\/wp\/v2\/pages"}],"about":[{"href":"https:\/\/fjolmenning.arborg.is\/pl\/wp-json\/wp\/v2\/types\/page"}],"author":[{"embeddable":true,"href":"https:\/\/fjolmenning.arborg.is\/pl\/wp-json\/wp\/v2\/users\/4"}],"replies":[{"embeddable":true,"href":"https:\/\/fjolmenning.arborg.is\/pl\/wp-json\/wp\/v2\/comments?post=17202"}],"version-history":[{"count":5,"href":"https:\/\/fjolmenning.arborg.is\/pl\/wp-json\/wp\/v2\/pages\/17202\/revisions"}],"predecessor-version":[{"id":18231,"href":"https:\/\/fjolmenning.arborg.is\/pl\/wp-json\/wp\/v2\/pages\/17202\/revisions\/18231"}],"up":[{"embeddable":true,"href":"https:\/\/fjolmenning.arborg.is\/pl\/wp-json\/wp\/v2\/pages\/16503"}],"wp:attachment":[{"href":"https:\/\/fjolmenning.arborg.is\/pl\/wp-json\/wp\/v2\/media?parent=17202"}],"curies":[{"name":"wp","href":"https:\/\/api.w.org\/{rel}","templated":true}]}}