{"id":17163,"date":"2020-12-15T15:07:02","date_gmt":"2020-12-15T15:07:02","guid":{"rendered":"https:\/\/fjolmenning.arborg.is\/?page_id=17163"},"modified":"2025-07-16T11:52:13","modified_gmt":"2025-07-16T11:52:13","slug":"tomstundir","status":"publish","type":"page","link":"https:\/\/fjolmenning.arborg.is\/pl\/ibuar\/tomstundir\/","title":{"rendered":"Aktywne sp\u0119dzanie wolnego czasu i zaj\u0119cia towarzyskie"},"content":{"rendered":"<h1>\n\t\t\tAktywne sp\u0119dzanie wolnego czasu i zaj\u0119cia towarzyskie\t<\/h1>\n\t<p>W gminie \u00c1rborg mo\u017cna znale\u017a\u0107 r\u00f3\u017cnorodne zaj\u0119cia spo\u0142eczne dla wszystkich grup wiekowych. Niezale\u017cnie od tego, czy chodzi o sport, ratownictwo, \u015bpiew, muzyk\u0119 czy inne zaj\u0119cia towarzyskie, jest wiele do wyboru.<\/p>\n\t<p>Szczeg\u00f3\u0142owe informacje na stronie gminy \u00c1rborg: <a href=\"https:\/\/www.arborg.is\/mannlif\/menning\/felagastarfsemi\/#nnurfelagasamtok\" target=\"_blank\" rel=\"noopener\">https:\/\/www.arborg.is\/mannlif\/menning\/felagastarfsemi\/#nnurfelagasamtok<\/a><\/p>\n<p><strong><em>Str\u00f3kur<\/em><\/strong><\/p>\n<p>Str\u00f3kur, o\u015brodek aktywno\u015bci zapewnia wsparcie oraz rehabilitacj\u0119 dla os\u00f3b z zaburzeniami psychicznymi\/spo\u0142ecznie odizolowanych. Str\u00f3kur jest otwarty dla wszystkich mieszka\u0144c\u00f3w po\u0142udniowej Islandii w wieku od 18 do 70 lat, kt\u00f3re pragn\u0105 poprawi\u0107 sw\u00f3j stan i by\u0107 aktywnymi cz\u0142onkami spo\u0142eczne\u0144stwa. Ka\u017cdy go\u015b\u0107 Str\u00f3kur anga\u017cuje si\u0119 w dzia\u0142alno\u015b\u0107 o\u015brodka, uczestnictwo jest bezp\u0142atne, a dzia\u0142alno\u015b\u0107 opiera si\u0119 na indywidualnym wsparciu.<\/p>\n<p>Szczeg\u00f3\u0142owe informacje: <a href=\"https:\/\/strokur.is\/\" target=\"_blank\" rel=\"noopener\">https:\/\/strokur.is\/<\/a><\/p>\n<p><em><strong>Selurinn<\/strong><\/em><\/p>\n<p>Selurinn to klub edukacyjno-rekreacyjny dla os\u00f3b niepe\u0142nosprawnych okr\u0119gu po\u0142udniowego w wieku 16 lat i starszych.<\/p>\n<p>Szczeg\u00f3\u0142owe informacje: <a href=\"https:\/\/fristundamidstod.arborg.is\/fristundaklubbar\/selurinn\/almennar-upplysingar\" target=\"_blank\" rel=\"noopener\">https:\/\/fristundamidstod.arborg.is\/fristundaklubbar\/selurinn\/almennar-upplysingar<\/a><\/p>","protected":false},"excerpt":{"rendered":"<p>T\u00f3mstundir og f\u00e9lagastarfsemi \u00cd Sveitarf\u00e9laginu \u00c1rborg er a\u00f0 finna fj\u00f6lbreytt f\u00e9lagastarf fyrir alla aldursh\u00f3pa. Hvort sem \u00fea\u00f0 eru bj\u00f6rgunarst\u00f6rf, s\u00f6ngur, t\u00f3nlist e\u00f0a \u00f6nnur f\u00e9lagastarfsemi \u00fe\u00e1 er um n\u00f3g a\u00f0 velja. N\u00e1nari uppl\u00fdsingar \u00e1 vefs\u00ed\u00f0u \u00c1rborgar: https:\/\/www.arborg.is\/mannlif\/menning\/felagastarfsemi\/#nnurfelagasamtok Str\u00f3kur Str\u00f3kur virknimi\u00f0st\u00f6\u00f0 er athvarf og endurh\u00e6fingar\u00farr\u00e6\u00f0i fyrir f\u00f3lk me\u00f0 ge\u00f0raskanir\/f\u00e9lagslega einangrun. Str\u00f3kur er opinn \u00f6llum \u00edb\u00faum \u00e1 Su\u00f0urlandi [&hellip;]<\/p>\n","protected":false},"author":4,"featured_media":0,"parent":16503,"menu_order":0,"comment_status":"closed","ping_status":"closed","template":"","meta":{"inline_featured_image":false,"site-sidebar-layout":"no-sidebar","site-content-layout":"page-builder","ast-site-content-layout":"default","site-content-style":"default","site-sidebar-style":"default","ast-global-header-display":"","ast-banner-title-visibility":"","ast-main-header-display":"","ast-hfb-above-header-display":"","ast-hfb-below-header-display":"","ast-hfb-mobile-header-display":"","site-post-title":"disabled","ast-breadcrumbs-content":"","ast-featured-img":"disabled","footer-sml-layout":"","theme-transparent-header-meta":"default","adv-header-id-meta":"","stick-header-meta":"","header-above-stick-meta":"","header-main-stick-meta":"","header-below-stick-meta":"","astra-migrate-meta-layouts":"default","ast-page-background-enabled":"default","ast-page-background-meta":{"desktop":{"background-color":"","background-image":"","background-repeat":"repeat","background-position":"center center","background-size":"auto","background-attachment":"scroll","background-type":"","background-media":"","overlay-type":"","overlay-color":"","overlay-opacity":"","overlay-gradient":""},"tablet":{"background-color":"","background-image":"","background-repeat":"repeat","background-position":"center center","background-size":"auto","background-attachment":"scroll","background-type":"","background-media":"","overlay-type":"","overlay-color":"","overlay-opacity":"","overlay-gradient":""},"mobile":{"background-color":"","background-image":"","background-repeat":"repeat","background-position":"center center","background-size":"auto","background-attachment":"scroll","background-type":"","background-media":"","overlay-type":"","overlay-color":"","overlay-opacity":"","overlay-gradient":""}},"ast-content-background-meta":{"desktop":{"background-color":"var(--ast-global-color-5)","background-image":"","background-repeat":"repeat","background-position":"center center","background-size":"auto","background-attachment":"scroll","background-type":"","background-media":"","overlay-type":"","overlay-color":"","overlay-opacity":"","overlay-gradient":""},"tablet":{"background-color":"var(--ast-global-color-5)","background-image":"","background-repeat":"repeat","background-position":"center center","background-size":"auto","background-attachment":"scroll","background-type":"","background-media":"","overlay-type":"","overlay-color":"","overlay-opacity":"","overlay-gradient":""},"mobile":{"background-color":"var(--ast-global-color-5)","background-image":"","background-repeat":"repeat","background-position":"center center","background-size":"auto","background-attachment":"scroll","background-type":"","background-media":"","overlay-type":"","overlay-color":"","overlay-opacity":"","overlay-gradient":""}},"footnotes":""},"class_list":["post-17163","page","type-page","status-publish","hentry"],"_links":{"self":[{"href":"https:\/\/fjolmenning.arborg.is\/pl\/wp-json\/wp\/v2\/pages\/17163","targetHints":{"allow":["GET"]}}],"collection":[{"href":"https:\/\/fjolmenning.arborg.is\/pl\/wp-json\/wp\/v2\/pages"}],"about":[{"href":"https:\/\/fjolmenning.arborg.is\/pl\/wp-json\/wp\/v2\/types\/page"}],"author":[{"embeddable":true,"href":"https:\/\/fjolmenning.arborg.is\/pl\/wp-json\/wp\/v2\/users\/4"}],"replies":[{"embeddable":true,"href":"https:\/\/fjolmenning.arborg.is\/pl\/wp-json\/wp\/v2\/comments?post=17163"}],"version-history":[{"count":7,"href":"https:\/\/fjolmenning.arborg.is\/pl\/wp-json\/wp\/v2\/pages\/17163\/revisions"}],"predecessor-version":[{"id":18234,"href":"https:\/\/fjolmenning.arborg.is\/pl\/wp-json\/wp\/v2\/pages\/17163\/revisions\/18234"}],"up":[{"embeddable":true,"href":"https:\/\/fjolmenning.arborg.is\/pl\/wp-json\/wp\/v2\/pages\/16503"}],"wp:attachment":[{"href":"https:\/\/fjolmenning.arborg.is\/pl\/wp-json\/wp\/v2\/media?parent=17163"}],"curies":[{"name":"wp","href":"https:\/\/api.w.org\/{rel}","templated":true}]}}