{"id":17161,"date":"2020-12-15T15:06:34","date_gmt":"2020-12-15T15:06:34","guid":{"rendered":"https:\/\/fjolmenning.arborg.is\/?page_id=17161"},"modified":"2025-07-16T11:48:49","modified_gmt":"2025-07-16T11:48:49","slug":"fjarhagsadstod","status":"publish","type":"page","link":"https:\/\/fjolmenning.arborg.is\/pl\/ibuar\/fjarhagsadstod\/","title":{"rendered":"Pomoc finansowa"},"content":{"rendered":"<h1>\n\t\t\tPomoc finansowa  \t<\/h1>\n\t<p>Ka\u017cda osoba zobowi\u0105zana jest do utrzymywania siebie, wsp\u00f3\u0142ma\u0142\u017conka oraz dzieci poni\u017cej 18 roku \u017cycia. Dzia\u0142 Rodziny (Fj\u00f6lskyldusvi\u00f0) zapewnia zasi\u0142ki socjalne osobom i rodzinom, kt\u00f3re nie s\u0105 w stanie utrzyma\u0107 siebie i swojego gospodarstwa domowego bez pomocy, zgodnie z ustaw\u0105 nr. 40\/1991 o gminnej opiece spo\u0142ecznej oraz z Zasadami o zasi\u0142kach socjalnych obowi\u0105zuj\u0105cymi w gminie \u00c1rborg. Zasi\u0142ek socjalny \u015bwiadczony jest wraz z innymi us\u0142ugami dost\u0119pnymi w ramach opieki spo\u0142ecznej.\u00a0<\/p>\n\t<p><b>Prawo do zasi\u0142ku socjalnego<\/b>\u00a0<\/p>\n<p>O zasi\u0142ek socjalny mog\u0105 ubiega\u0107 si\u0119 osoby posiadaj\u0105ce legalne zameldowanie na terenie gminy \u00c1rborg, z dochodem r\u00f3wnym lub ni\u017cszym ni\u017c  obowi\u0105zuj\u0105cy pr\u00f3g. Dolny pr\u00f3g dochodowy ustalany jest na podstawie kwoty zasi\u0142ku socjalnego. Osoby w zwi\u0105zku partnerskim zarejestrowanym w Islandzkim Spisie Ludno\u015bci (\u00dej\u00f3\u00f0skr\u00e1) maj\u0105 identyczne prawo do zasi\u0142ku socjalnego co ma\u0142\u017censtwa.\u00a0<\/p>\n<p>Ums\u00e6kjanda ber a\u00f0 kanna til \u00ferautar r\u00e9tt til annarra grei\u00f0slna \u00e1\u00f0ur en s\u00f3tt er um fj\u00e1rhagsa\u00f0sto\u00f0, \u00fear me\u00f0 tali\u00f0 fr\u00e1 almannatryggingum, atvinnuleysistryggingum,\u00a0Menntasj\u00f3\u00f0i n\u00e1msmanna,\u202ff\u00e6\u00f0ingarorlofssj\u00f3\u00f0i,\u202fl\u00edfeyrissj\u00f3\u00f0um og sj\u00fakrasj\u00f3\u00f0um st\u00e9ttarf\u00e9laga.\u202fUms\u00e6kjandi \u00fearf a\u00f0 tilkynna um breytingar \u00e1 tekjum og fj\u00f6lskyldua\u00f0st\u00e6\u00f0um en sl\u00edkar breytingar geta haft \u00e1hrif \u00e1 r\u00e9tt til fj\u00e1rhagsa\u00f0sto\u00f0ar. Fj\u00e1rhagsa\u00f0sto\u00f0 sem er veitt \u00e1 grundvelli rangra e\u00f0a villandi uppl\u00fdsinga er\u00a0endurkr\u00e6f.\u202fHeimildir eru til styrkja e\u00f0a l\u00e1ns vegna s\u00e9rstakra a\u00f0st\u00e6\u00f0na.\u00a0<\/p>\n<p><b>Obni\u017cenie kwoty zasi\u0142ku socjalnego<\/b>\u00a0<\/p>\n<p>Hafi ums\u00e6kjandi um fj\u00e1rhagsa\u00f0sto\u00f0 hafna\u00f0 atvinnu e\u00f0a sagt starfi s\u00ednu lausu \u00e1n vi\u00f0hl\u00edtandi sk\u00fdringa er heimilt a\u00f0 grei\u00f0a honum\u00a0h\u00e1lfa grunnupph\u00e6\u00f0 til framf\u00e6rslu \u00feann m\u00e1nu\u00f0 sem ums\u00e6kjandi hafnar vinnu og m\u00e1nu\u00f0inn \u00fear \u00e1 eftir.\u202fSama \u00e1 vi\u00f0 um atvinnulausan ums\u00e6kjanda sem ekki s\u00fdnir fram \u00e1 sta\u00f0festa skr\u00e1ningu s\u00edna fr\u00e1 Vinnum\u00e1lastofnun.\u202f\u00de\u00e1 sker\u00f0ist me\u00f0 sama h\u00e6tti r\u00e9ttur ums\u00e6kjanda sem h\u00e6tt hefur \u00fe\u00e1ttt\u00f6ku \u00ed \u00e1taksverkefni, endurh\u00e6fingu og einstaklingsmi\u00f0a\u00f0ri \u00e1\u00e6tlun hj\u00e1 r\u00e1\u00f0gjafa, nema veigamiklar \u00e1st\u00e6\u00f0ur sem fram koma vi\u00f0 mat \u00e1 a\u00f0st\u00e6\u00f0um ums\u00e6kjanda m\u00e6li gegn \u00fev\u00ed.\u202f\u00a0<\/p>\n<p>Szczeg\u00f3\u0142owe informacje: <a href=\"https:\/\/www.arborg.is\/ibuar\/felagsthjonusta\/fullordinsteymi\/#fjarhagsasto\" target=\"_blank\" rel=\"noopener\">https:\/\/www.arborg.is\/ibuar\/felagsthjonusta\/fullordinsteymi\/#fjarhagsasto<\/a><\/p>","protected":false},"excerpt":{"rendered":"<p>Fj\u00e1rhagsa\u00f0sto\u00f0 Hverjum manni er skylt a\u00f0 framf\u00e6ra sj\u00e1lfan sig, maka sinn og b\u00f6rn yngri en 18 \u00e1ra.\u202fFj\u00f6lskyldusvi\u00f0 \u00c1rborgar veitir fj\u00e1rhagsa\u00f0sto\u00f0 til framf\u00e6rslu einstaklinga og fj\u00f6lskyldna sem ekki geta s\u00e9\u00f0 s\u00e9r og s\u00ednum farbor\u00f0a \u00e1n a\u00f0sto\u00f0ar, samkv\u00e6mt l\u00f6gum um f\u00e9lags\u00fej\u00f3nustu sveitarf\u00e9laga nr. 40\/1991 og reglum um fj\u00e1rhagsa\u00f0sto\u00f0 \u00ed \u00c1rborg. Fj\u00e1rhagsa\u00f0sto\u00f0 er veitt \u00ed e\u00f0lilegum tengslum vi\u00f0 [&hellip;]<\/p>\n","protected":false},"author":4,"featured_media":0,"parent":16503,"menu_order":0,"comment_status":"closed","ping_status":"closed","template":"","meta":{"inline_featured_image":false,"site-sidebar-layout":"no-sidebar","site-content-layout":"page-builder","ast-site-content-layout":"default","site-content-style":"default","site-sidebar-style":"default","ast-global-header-display":"","ast-banner-title-visibility":"","ast-main-header-display":"","ast-hfb-above-header-display":"","ast-hfb-below-header-display":"","ast-hfb-mobile-header-display":"","site-post-title":"disabled","ast-breadcrumbs-content":"","ast-featured-img":"disabled","footer-sml-layout":"","theme-transparent-header-meta":"default","adv-header-id-meta":"","stick-header-meta":"","header-above-stick-meta":"","header-main-stick-meta":"","header-below-stick-meta":"","astra-migrate-meta-layouts":"default","ast-page-background-enabled":"default","ast-page-background-meta":{"desktop":{"background-color":"","background-image":"","background-repeat":"repeat","background-position":"center center","background-size":"auto","background-attachment":"scroll","background-type":"","background-media":"","overlay-type":"","overlay-color":"","overlay-opacity":"","overlay-gradient":""},"tablet":{"background-color":"","background-image":"","background-repeat":"repeat","background-position":"center center","background-size":"auto","background-attachment":"scroll","background-type":"","background-media":"","overlay-type":"","overlay-color":"","overlay-opacity":"","overlay-gradient":""},"mobile":{"background-color":"","background-image":"","background-repeat":"repeat","background-position":"center center","background-size":"auto","background-attachment":"scroll","background-type":"","background-media":"","overlay-type":"","overlay-color":"","overlay-opacity":"","overlay-gradient":""}},"ast-content-background-meta":{"desktop":{"background-color":"var(--ast-global-color-5)","background-image":"","background-repeat":"repeat","background-position":"center center","background-size":"auto","background-attachment":"scroll","background-type":"","background-media":"","overlay-type":"","overlay-color":"","overlay-opacity":"","overlay-gradient":""},"tablet":{"background-color":"var(--ast-global-color-5)","background-image":"","background-repeat":"repeat","background-position":"center center","background-size":"auto","background-attachment":"scroll","background-type":"","background-media":"","overlay-type":"","overlay-color":"","overlay-opacity":"","overlay-gradient":""},"mobile":{"background-color":"var(--ast-global-color-5)","background-image":"","background-repeat":"repeat","background-position":"center center","background-size":"auto","background-attachment":"scroll","background-type":"","background-media":"","overlay-type":"","overlay-color":"","overlay-opacity":"","overlay-gradient":""}},"footnotes":""},"class_list":["post-17161","page","type-page","status-publish","hentry"],"_links":{"self":[{"href":"https:\/\/fjolmenning.arborg.is\/pl\/wp-json\/wp\/v2\/pages\/17161","targetHints":{"allow":["GET"]}}],"collection":[{"href":"https:\/\/fjolmenning.arborg.is\/pl\/wp-json\/wp\/v2\/pages"}],"about":[{"href":"https:\/\/fjolmenning.arborg.is\/pl\/wp-json\/wp\/v2\/types\/page"}],"author":[{"embeddable":true,"href":"https:\/\/fjolmenning.arborg.is\/pl\/wp-json\/wp\/v2\/users\/4"}],"replies":[{"embeddable":true,"href":"https:\/\/fjolmenning.arborg.is\/pl\/wp-json\/wp\/v2\/comments?post=17161"}],"version-history":[{"count":15,"href":"https:\/\/fjolmenning.arborg.is\/pl\/wp-json\/wp\/v2\/pages\/17161\/revisions"}],"predecessor-version":[{"id":18220,"href":"https:\/\/fjolmenning.arborg.is\/pl\/wp-json\/wp\/v2\/pages\/17161\/revisions\/18220"}],"up":[{"embeddable":true,"href":"https:\/\/fjolmenning.arborg.is\/pl\/wp-json\/wp\/v2\/pages\/16503"}],"wp:attachment":[{"href":"https:\/\/fjolmenning.arborg.is\/pl\/wp-json\/wp\/v2\/media?parent=17161"}],"curies":[{"name":"wp","href":"https:\/\/api.w.org\/{rel}","templated":true}]}}