{"id":17158,"date":"2020-12-15T15:05:08","date_gmt":"2020-12-15T15:05:08","guid":{"rendered":"https:\/\/fjolmenning.arborg.is\/?page_id=17158"},"modified":"2025-07-16T11:49:14","modified_gmt":"2025-07-16T11:49:14","slug":"barnavernd","status":"publish","type":"page","link":"https:\/\/fjolmenning.arborg.is\/pl\/ibuar\/barnavernd\/","title":{"rendered":"Urz\u0105d ds. ochrony dziecka"},"content":{"rendered":"<h1>\n\t\t\tUrz\u0105d ds. ochrony dziecka\t<\/h1>\n\t<p>Celem ustawy o ochronie dzieci jest zapewnienie, aby dzieci \u017cyj\u0105ce w niedopuszczalnych warunkach lub dzieci, kt\u00f3re nara\u017caj\u0105 swoje zdrowie i rozw\u00f3j, otrzyma\u0142y niezb\u0119dn\u0105 pomoc. Rol\u0105 Urz\u0119du ds. ochrony dzieci (Barnavernd) jest wzmacnianie rodzin w wychowywaniu dzieci oraz podejmowanie dzia\u0142a\u0144 maj\u0105cych na celu zagwarantowanie dobra dziecka.<\/p>\n\t<p>\u00deegar barnavernd hefur fengi\u00f0 tilkynningu um barn, meta barnaverndarstarfsmenn hvort \u00e1st\u00e6\u00f0a s\u00e9 til a\u00f0 kanna m\u00e1li\u00f0 n\u00e1nar. Foreldrar barns eru \u00ed flestum tilvikum l\u00e1tnir vita af tilkynningu og vinnunni sem mun fara \u00ed gang.\u00a0Undantekning\u00a0\u00e1 \u00fev\u00ed er ef barn er tali\u00f0 vera \u00ed h\u00e6ttu \u00ed umsj\u00e1 foreldra og \u00fea\u00f0 er tali\u00f0 \u00fej\u00f3na hagsmunum barnsins a\u00f0 foreldri viti ekki af k\u00f6nnuninni \u00ed bili.\u00a0\u00a0<\/p>\n<p>Dzia\u0142ania Urz\u0119du ds. ochrony dzieci, kt\u00f3re s\u0105 podejmowane w wyniku decyzji o rozpatrzeniu danej sprawy, polegaj\u0105 na uzyskaniu dok\u0142adnych informacji na temat dziecka i jego stanu (warunk\u00f3w), tak aby wsparcie i pomoc dla dziecka, rodzic\u00f3w i rodziny by\u0142y jak najbardziej celowe (skuteczne). W wi\u0119kszo\u015bci przypadk\u00f3w wsparcie w zakresie ochrony dzieci opiera si\u0119 na wywiadach (doradczych), poradnictwie, edukacji i udzielaniu wskaz\u00f3wek. Ponadto, Urz\u0105d ds. ochrony dzieci mo\u017ce zapewni\u0107 dziecku rodzin\u0119 wspieraj\u0105c\u0105 (rodzin\u0119 pomocnicz\u0105), podj\u0105\u0107 wsp\u00f3\u0142prac\u0119 ze szko\u0142\u0105 i przedszkolem, itd.\u00a0\u00a0<\/p>\n<p>Je\u015bli wsp\u00f3\u0142praca mi\u0119dzy Urz\u0119dem ds. ochrony dzieci i rodzicami nie przynosi rezultatu, a warunki, w jakich znajduje si\u0119 dziecko s\u0105 nadal oceniane jako niedopuszczalne, konieczny mo\u017ce okaza\u0107 si\u0119 pobyt dziecka u rodziny zast\u0119pczej. Nale\u017cy pami\u0119ta\u0107, \u017ce przydzielenie rodziny zast\u0119pczej jest rozwi\u0105zaniem tylko wtedy, gdy wszystkie inne i \u0142agodniejsze \u015brodki zaradcze nie przynios\u0105 po\u017c\u0105danych rezultat\u00f3w.\u00a0<\/p>\n<p>Szczeg\u00f3\u0142owe informacje na stronie gminy \u00c1rborg: <a href=\"https:\/\/www.arborg.is\/ibuar\/felagsthjonusta\/barnavernd\/\" target=\"_blank\" rel=\"noopener\">https:\/\/www.arborg.is\/stjornsysla\/svid-og-deildir\/fjolskyldusvid\/felagsthjonusta-1<\/a>\u00a0<\/p>","protected":false},"excerpt":{"rendered":"<p>Barnavernd Markmi\u00f0 barnaverndarlaga er a\u00f0 tryggja a\u00f0 b\u00f6rn sem b\u00faa vi\u00f0 \u00f3vi\u00f0unandi a\u00f0st\u00e6\u00f0ur e\u00f0a b\u00f6rn sem stofna heilsu sinni og \u00feroska \u00ed h\u00e6ttu f\u00e1i nau\u00f0synlega a\u00f0sto\u00f0. \u00dea\u00f0 er \u00fev\u00ed hlutverk barnaverndar a\u00f0 styrkja fj\u00f6lskyldur \u00ed uppeldishlutverki s\u00ednu og beita \u00feeim r\u00e1\u00f0st\u00f6funum sem \u00e6tla m\u00e1 a\u00f0 s\u00e9u barni fyrir bestu. \u00deegar barnavernd hefur fengi\u00f0 tilkynningu um [&hellip;]<\/p>\n","protected":false},"author":4,"featured_media":0,"parent":16503,"menu_order":0,"comment_status":"closed","ping_status":"closed","template":"","meta":{"inline_featured_image":false,"site-sidebar-layout":"no-sidebar","site-content-layout":"page-builder","ast-site-content-layout":"default","site-content-style":"default","site-sidebar-style":"default","ast-global-header-display":"","ast-banner-title-visibility":"","ast-main-header-display":"","ast-hfb-above-header-display":"","ast-hfb-below-header-display":"","ast-hfb-mobile-header-display":"","site-post-title":"disabled","ast-breadcrumbs-content":"","ast-featured-img":"disabled","footer-sml-layout":"","theme-transparent-header-meta":"default","adv-header-id-meta":"","stick-header-meta":"","header-above-stick-meta":"","header-main-stick-meta":"","header-below-stick-meta":"","astra-migrate-meta-layouts":"default","ast-page-background-enabled":"default","ast-page-background-meta":{"desktop":{"background-color":"","background-image":"","background-repeat":"repeat","background-position":"center center","background-size":"auto","background-attachment":"scroll","background-type":"","background-media":"","overlay-type":"","overlay-color":"","overlay-opacity":"","overlay-gradient":""},"tablet":{"background-color":"","background-image":"","background-repeat":"repeat","background-position":"center center","background-size":"auto","background-attachment":"scroll","background-type":"","background-media":"","overlay-type":"","overlay-color":"","overlay-opacity":"","overlay-gradient":""},"mobile":{"background-color":"","background-image":"","background-repeat":"repeat","background-position":"center center","background-size":"auto","background-attachment":"scroll","background-type":"","background-media":"","overlay-type":"","overlay-color":"","overlay-opacity":"","overlay-gradient":""}},"ast-content-background-meta":{"desktop":{"background-color":"var(--ast-global-color-5)","background-image":"","background-repeat":"repeat","background-position":"center center","background-size":"auto","background-attachment":"scroll","background-type":"","background-media":"","overlay-type":"","overlay-color":"","overlay-opacity":"","overlay-gradient":""},"tablet":{"background-color":"var(--ast-global-color-5)","background-image":"","background-repeat":"repeat","background-position":"center center","background-size":"auto","background-attachment":"scroll","background-type":"","background-media":"","overlay-type":"","overlay-color":"","overlay-opacity":"","overlay-gradient":""},"mobile":{"background-color":"var(--ast-global-color-5)","background-image":"","background-repeat":"repeat","background-position":"center center","background-size":"auto","background-attachment":"scroll","background-type":"","background-media":"","overlay-type":"","overlay-color":"","overlay-opacity":"","overlay-gradient":""}},"footnotes":""},"class_list":["post-17158","page","type-page","status-publish","hentry"],"_links":{"self":[{"href":"https:\/\/fjolmenning.arborg.is\/pl\/wp-json\/wp\/v2\/pages\/17158","targetHints":{"allow":["GET"]}}],"collection":[{"href":"https:\/\/fjolmenning.arborg.is\/pl\/wp-json\/wp\/v2\/pages"}],"about":[{"href":"https:\/\/fjolmenning.arborg.is\/pl\/wp-json\/wp\/v2\/types\/page"}],"author":[{"embeddable":true,"href":"https:\/\/fjolmenning.arborg.is\/pl\/wp-json\/wp\/v2\/users\/4"}],"replies":[{"embeddable":true,"href":"https:\/\/fjolmenning.arborg.is\/pl\/wp-json\/wp\/v2\/comments?post=17158"}],"version-history":[{"count":4,"href":"https:\/\/fjolmenning.arborg.is\/pl\/wp-json\/wp\/v2\/pages\/17158\/revisions"}],"predecessor-version":[{"id":18222,"href":"https:\/\/fjolmenning.arborg.is\/pl\/wp-json\/wp\/v2\/pages\/17158\/revisions\/18222"}],"up":[{"embeddable":true,"href":"https:\/\/fjolmenning.arborg.is\/pl\/wp-json\/wp\/v2\/pages\/16503"}],"wp:attachment":[{"href":"https:\/\/fjolmenning.arborg.is\/pl\/wp-json\/wp\/v2\/media?parent=17158"}],"curies":[{"name":"wp","href":"https:\/\/api.w.org\/{rel}","templated":true}]}}