{"id":16951,"date":"2020-11-11T10:49:06","date_gmt":"2020-11-11T10:49:06","guid":{"rendered":"https:\/\/fjolmenning.arborg.is\/?page_id=16951"},"modified":"2024-11-22T11:07:59","modified_gmt":"2024-11-22T11:07:59","slug":"fjolmenning","status":"publish","type":"page","link":"https:\/\/fjolmenning.arborg.is\/pl\/samfelag\/fjolmenning\/","title":{"rendered":"Wielokulturowo\u015b\u0107 w \u00c1rborg"},"content":{"rendered":"<h1>\n\t\tWielokulturowo\u015b\u0107 w \u00c1rborg\n\t<\/h1>\n\t<p>Gmina \u00c1rborg sta\u0142a si\u0119 bardzo wielokulturow\u0105 gmin\u0105. Mieszka tu ponad 1250 os\u00f3b z obcym obywatelstwem, a tak\u017ce wielu mieszka\u0144c\u00f3w o wielokulturowym pochodzeniu, kt\u00f3rzy posiadaj\u0105 obywatelstwo islandzkie. Osoby te maj\u0105 r\u00f3\u017cne pochodzenie, do\u015bwiadczenia, kultur\u0119 i wykszta\u0142cenie, a tym samym wzbogacaj\u0105 spo\u0142eczno\u015b\u0107 gminy.<\/p>\n<p>\u00cd leik- og\u00a0grunnsk\u00f3lum \u00c1rborgar eru margir nemendur me\u00f0 fj\u00f6lmenningarlegan bakgrunn og uppruni \u00feeirra er mj\u00f6g mismunandi. \u00cd flestum tilfellum\u00a0tala b\u00e1\u00f0ir foreldrar anna\u00f0 tungum\u00e1l en \u00edslensku en einnig eru nemendur \u00fear sem anna\u00f0 foreldri \u00feeirra er me\u00f0 \u00edslensku sem m\u00f3\u00f0urm\u00e1l. \u00cd leik- og grunnsk\u00f3lum sveitarf\u00e9lagsins eru t\u00f6lu\u00f0 samtals 42 tungum\u00e1l. St\u00e6rsti h\u00f3purinn eru b\u00f6rn \u00fear sem foreldrar tala p\u00f3lsku og s\u00ed\u00f0an koma b\u00f6rn \u00fear sem foreldrar \u00feeirra tala ensku. \u00a0<\/p>\n<p>Dla os\u00f3b o wielokulturowym pochodzeniu dost\u0119pne s\u0105 r\u00f3\u017cne us\u0142ugi oferowane przez gmin\u0119, a tak\u017ce inne instytucje i organizacje pozarz\u0105dowe. Nale\u017cy tu wymieni\u0107 biblioteki z wyborem ksi\u0105\u017cek i czasopism w wielu j\u0119zykach, Klub Str\u00f3kur z regularnymi zebraniami, spotkania organizowane przez Czerwony Krzy\u017c oraz nauk\u0119 j\u0119zyka islandzkiego oferowan\u0105 przez Fr\u00e6\u00f0slunet Su\u00f0urlands.<\/p>\n<p><em><strong>Zesp\u00f3\u0142 ds. wielokulturowo\u015bci\u00a0\u00a0<\/strong><\/em><\/p>\n<p>\u00cd Sveitarf\u00e9laginu \u00c1rborg var stofna\u00f0ur fagh\u00f3pur \u00e1ri\u00f0 2015 til a\u00f0 vinna m.a. a\u00f0 \u00e1\u00e6tlunarger\u00f0 og stefnum\u00f3tun fyrir\u202ffj\u00f6ltyngda\u202fnemendur sk\u00f3lanna og fj\u00f6lskyldur \u00feeirra. H\u00f3purinn var skipa\u00f0ur fulltr\u00faum fr\u00e1 \u00f6llum leik &#8211; og grunnsk\u00f3lum sveitarf\u00e9lagsins og fulltr\u00faum fr\u00e1 sk\u00f3la\u00fej\u00f3nustunni og f\u00e9lags\u00fej\u00f3nustunni og hlaut nafni Fj\u00f6lmenningarteymi. \u00dea\u00f0 er funda\u00f0 reglulega og \u00e1ri\u00f0 2020 b\u00e6ttust fulltr\u00faar fr\u00e1 Fj\u00f6lbrautask\u00f3la Su\u00f0urlands.\u00a0<\/p>","protected":false},"excerpt":{"rendered":"<p>Fj\u00f6lmenning \u00ed \u00c1rborg \u00c1rborg er or\u00f0i\u00f0 mj\u00f6g fj\u00f6lmenningarlegt sveitarf\u00e9lag. H\u00e9r b\u00faa yfir 1250 manns me\u00f0 erlent r\u00edkisfang auk fj\u00f6lda \u00edb\u00faa me\u00f0 fj\u00f6lmenningarlegan bakgrunn sem eru\u00a0 \u00feegar komnir me\u00f0 \u00edslenskan r\u00edkisborgarar\u00e9tt. \u00deeir koma \u00far mismunandi \u00e1ttum, eru me\u00f0 fj\u00f6lbreytta reynslu, menningu og menntun og au\u00f0ga \u00feannig sveitarf\u00e9lagi\u00f0. \u00cd leik- og\u00a0grunnsk\u00f3lum \u00c1rborgar eru margir nemendur me\u00f0 fj\u00f6lmenningarlegan [&hellip;]<\/p>\n","protected":false},"author":4,"featured_media":0,"parent":16506,"menu_order":0,"comment_status":"closed","ping_status":"closed","template":"","meta":{"inline_featured_image":false,"site-sidebar-layout":"no-sidebar","site-content-layout":"page-builder","ast-site-content-layout":"default","site-content-style":"default","site-sidebar-style":"default","ast-global-header-display":"","ast-banner-title-visibility":"","ast-main-header-display":"","ast-hfb-above-header-display":"","ast-hfb-below-header-display":"","ast-hfb-mobile-header-display":"","site-post-title":"disabled","ast-breadcrumbs-content":"","ast-featured-img":"disabled","footer-sml-layout":"","theme-transparent-header-meta":"default","adv-header-id-meta":"","stick-header-meta":"","header-above-stick-meta":"","header-main-stick-meta":"","header-below-stick-meta":"","astra-migrate-meta-layouts":"default","ast-page-background-enabled":"default","ast-page-background-meta":{"desktop":{"background-color":"","background-image":"","background-repeat":"repeat","background-position":"center center","background-size":"auto","background-attachment":"scroll","background-type":"","background-media":"","overlay-type":"","overlay-color":"","overlay-opacity":"","overlay-gradient":""},"tablet":{"background-color":"","background-image":"","background-repeat":"repeat","background-position":"center center","background-size":"auto","background-attachment":"scroll","background-type":"","background-media":"","overlay-type":"","overlay-color":"","overlay-opacity":"","overlay-gradient":""},"mobile":{"background-color":"","background-image":"","background-repeat":"repeat","background-position":"center center","background-size":"auto","background-attachment":"scroll","background-type":"","background-media":"","overlay-type":"","overlay-color":"","overlay-opacity":"","overlay-gradient":""}},"ast-content-background-meta":{"desktop":{"background-color":"var(--ast-global-color-5)","background-image":"","background-repeat":"repeat","background-position":"center center","background-size":"auto","background-attachment":"scroll","background-type":"","background-media":"","overlay-type":"","overlay-color":"","overlay-opacity":"","overlay-gradient":""},"tablet":{"background-color":"var(--ast-global-color-5)","background-image":"","background-repeat":"repeat","background-position":"center center","background-size":"auto","background-attachment":"scroll","background-type":"","background-media":"","overlay-type":"","overlay-color":"","overlay-opacity":"","overlay-gradient":""},"mobile":{"background-color":"var(--ast-global-color-5)","background-image":"","background-repeat":"repeat","background-position":"center center","background-size":"auto","background-attachment":"scroll","background-type":"","background-media":"","overlay-type":"","overlay-color":"","overlay-opacity":"","overlay-gradient":""}},"footnotes":""},"class_list":["post-16951","page","type-page","status-publish","hentry"],"_links":{"self":[{"href":"https:\/\/fjolmenning.arborg.is\/pl\/wp-json\/wp\/v2\/pages\/16951","targetHints":{"allow":["GET"]}}],"collection":[{"href":"https:\/\/fjolmenning.arborg.is\/pl\/wp-json\/wp\/v2\/pages"}],"about":[{"href":"https:\/\/fjolmenning.arborg.is\/pl\/wp-json\/wp\/v2\/types\/page"}],"author":[{"embeddable":true,"href":"https:\/\/fjolmenning.arborg.is\/pl\/wp-json\/wp\/v2\/users\/4"}],"replies":[{"embeddable":true,"href":"https:\/\/fjolmenning.arborg.is\/pl\/wp-json\/wp\/v2\/comments?post=16951"}],"version-history":[{"count":20,"href":"https:\/\/fjolmenning.arborg.is\/pl\/wp-json\/wp\/v2\/pages\/16951\/revisions"}],"predecessor-version":[{"id":18111,"href":"https:\/\/fjolmenning.arborg.is\/pl\/wp-json\/wp\/v2\/pages\/16951\/revisions\/18111"}],"up":[{"embeddable":true,"href":"https:\/\/fjolmenning.arborg.is\/pl\/wp-json\/wp\/v2\/pages\/16506"}],"wp:attachment":[{"href":"https:\/\/fjolmenning.arborg.is\/pl\/wp-json\/wp\/v2\/media?parent=16951"}],"curies":[{"name":"wp","href":"https:\/\/api.w.org\/{rel}","templated":true}]}}