{"id":16939,"date":"2020-11-11T10:39:47","date_gmt":"2020-11-11T10:39:47","guid":{"rendered":"https:\/\/fjolmenning.arborg.is\/?page_id=16939"},"modified":"2025-07-16T11:37:23","modified_gmt":"2025-07-16T11:37:23","slug":"stettarfelog","status":"publish","type":"page","link":"https:\/\/fjolmenning.arborg.is\/pl\/atvinna\/stettarfelog\/","title":{"rendered":"Zwi\u0105zki zawodowe"},"content":{"rendered":"<h1>\n\t\t\tZwi\u0105zki zawodowe\t<\/h1>\n\t<p>Hlutverk st\u00e9ttarf\u00e9laga er fyrst og fremst a\u00f0 semja um laun og \u00f6nnur starfskj\u00f6r \u00ed kjarasamningum fyrir h\u00f6nd f\u00e9lagsmanna sinna og g\u00e6ta hagsmuna \u00feeirra \u00e1 vinnumarka\u00f0i.\u00a0\u00c1 vefjum og skrifstofum st\u00e9ttarf\u00e9laga m\u00e1 f\u00e1 margv\u00edslegar uppl\u00fdsingar um starfsemi \u00feeirra og kjaram\u00e1l.\u00a0\u00a0\u00a0<\/p>\n\t<p>Tutaj znajduj\u0105 si\u0119 linki do stron internetowych r\u00f3\u017cnych Zwi\u0105zk\u00f3w zawodowych:\u00a0<\/p>\n<ul>\n<li data-leveltext=\"o\" data-font=\"Courier New\" data-listid=\"10\" aria-setsize=\"-1\" data-aria-posinset=\"6\" data-aria-level=\"2\">FOSS\u00a0<a href=\"https:\/\/foss.bsrb.is\/\" target=\"_blank\" rel=\"noopener\">https:\/\/foss.bsrb.is\/<\/a>\u00a0\u00a0<\/li>\n<li data-leveltext=\"o\" data-font=\"Courier New\" data-listid=\"10\" aria-setsize=\"-1\" data-aria-posinset=\"6\" data-aria-level=\"2\">B\u00e1ran\u00a0<a href=\"https:\/\/baran.is\/\" target=\"_blank\" rel=\"noopener\">https:\/\/baran.is\/<\/a> \u00a0<\/li>\n<li data-leveltext=\"o\" data-font=\"Courier New\" data-listid=\"10\" aria-setsize=\"-1\" data-aria-posinset=\"6\" data-aria-level=\"2\">Efling\u00a0<a href=\"https:\/\/efling.is\/?lang=pl\" target=\"_blank\" rel=\"noopener\">https:\/\/efling.is\/?lang=pl<\/a>\u00a0<\/li>\n<li data-leveltext=\"o\" data-font=\"Courier New\" data-listid=\"10\" aria-setsize=\"-1\" data-aria-posinset=\"6\" data-aria-level=\"2\">VR\u00a0<a href=\"https:\/\/www.vr.is\/pl\/\" target=\"_blank\" rel=\"noopener\">https:\/\/www.vr.is\/pl\/<\/a>\u00a0<\/li>\n<li data-leveltext=\"o\" data-font=\"Courier New\" data-listid=\"10\" aria-setsize=\"-1\" data-aria-posinset=\"6\" data-aria-level=\"2\">Bandalag h\u00e1sk\u00f3lamanna (BHM)\u00a0<a href=\"https:\/\/www.bhm.is\/\" target=\"_blank\" rel=\"noopener\">https:\/\/www.bhm.is\/<\/a><\/li>\n<li data-leveltext=\"o\" data-font=\"Courier New\" data-listid=\"10\" aria-setsize=\"-1\" data-aria-posinset=\"6\" data-aria-level=\"2\">Kennarasamband \u00cdslands (K\u00cd)\u00a0<a href=\"https:\/\/www.ki.is\/\" target=\"_blank\" rel=\"noreferrer noopener\">https:\/\/www.ki.is\/<\/a>\u00a0<\/li>\n<\/ul>","protected":false},"excerpt":{"rendered":"<p>St\u00e9ttarf\u00e9l\u00f6g Hlutverk st\u00e9ttarf\u00e9laga er fyrst og fremst a\u00f0 semja um laun og \u00f6nnur starfskj\u00f6r \u00ed kjarasamningum fyrir h\u00f6nd f\u00e9lagsmanna sinna og g\u00e6ta hagsmuna \u00feeirra \u00e1 vinnumarka\u00f0i.\u00a0\u00c1 vefjum og skrifstofum st\u00e9ttarf\u00e9laga m\u00e1 f\u00e1 margv\u00edslegar uppl\u00fdsingar um starfsemi \u00feeirra og kjaram\u00e1l.\u00a0\u00a0\u00a0 H\u00e9r eru hlekkir \u00e1 vefs\u00ed\u00f0ur \u00fdmissa st\u00e9ttarf\u00e9laga:\u00a0 FOSS\u00a0https:\/\/foss.bsrb.is\/\u00a0\u00a0 B\u00e1ran\u00a0https:\/\/www.baran.is\/ \u00a0 Efling\u00a0https:\/\/efling.is\/\u00a0 VR\u00a0https:\/\/www.vr.is\/\u00a0 Bandalag h\u00e1sk\u00f3lamanna (BHM)\u00a0https:\/\/www.bhm.is\/ Kennarasamband [&hellip;]<\/p>\n","protected":false},"author":4,"featured_media":0,"parent":16508,"menu_order":0,"comment_status":"closed","ping_status":"closed","template":"","meta":{"inline_featured_image":false,"site-sidebar-layout":"no-sidebar","site-content-layout":"page-builder","ast-site-content-layout":"default","site-content-style":"default","site-sidebar-style":"default","ast-global-header-display":"","ast-banner-title-visibility":"","ast-main-header-display":"","ast-hfb-above-header-display":"","ast-hfb-below-header-display":"","ast-hfb-mobile-header-display":"","site-post-title":"disabled","ast-breadcrumbs-content":"","ast-featured-img":"disabled","footer-sml-layout":"","theme-transparent-header-meta":"default","adv-header-id-meta":"","stick-header-meta":"","header-above-stick-meta":"","header-main-stick-meta":"","header-below-stick-meta":"","astra-migrate-meta-layouts":"default","ast-page-background-enabled":"default","ast-page-background-meta":{"desktop":{"background-color":"","background-image":"","background-repeat":"repeat","background-position":"center center","background-size":"auto","background-attachment":"scroll","background-type":"","background-media":"","overlay-type":"","overlay-color":"","overlay-opacity":"","overlay-gradient":""},"tablet":{"background-color":"","background-image":"","background-repeat":"repeat","background-position":"center center","background-size":"auto","background-attachment":"scroll","background-type":"","background-media":"","overlay-type":"","overlay-color":"","overlay-opacity":"","overlay-gradient":""},"mobile":{"background-color":"","background-image":"","background-repeat":"repeat","background-position":"center center","background-size":"auto","background-attachment":"scroll","background-type":"","background-media":"","overlay-type":"","overlay-color":"","overlay-opacity":"","overlay-gradient":""}},"ast-content-background-meta":{"desktop":{"background-color":"var(--ast-global-color-5)","background-image":"","background-repeat":"repeat","background-position":"center center","background-size":"auto","background-attachment":"scroll","background-type":"","background-media":"","overlay-type":"","overlay-color":"","overlay-opacity":"","overlay-gradient":""},"tablet":{"background-color":"var(--ast-global-color-5)","background-image":"","background-repeat":"repeat","background-position":"center center","background-size":"auto","background-attachment":"scroll","background-type":"","background-media":"","overlay-type":"","overlay-color":"","overlay-opacity":"","overlay-gradient":""},"mobile":{"background-color":"var(--ast-global-color-5)","background-image":"","background-repeat":"repeat","background-position":"center center","background-size":"auto","background-attachment":"scroll","background-type":"","background-media":"","overlay-type":"","overlay-color":"","overlay-opacity":"","overlay-gradient":""}},"footnotes":""},"class_list":["post-16939","page","type-page","status-publish","hentry"],"_links":{"self":[{"href":"https:\/\/fjolmenning.arborg.is\/pl\/wp-json\/wp\/v2\/pages\/16939","targetHints":{"allow":["GET"]}}],"collection":[{"href":"https:\/\/fjolmenning.arborg.is\/pl\/wp-json\/wp\/v2\/pages"}],"about":[{"href":"https:\/\/fjolmenning.arborg.is\/pl\/wp-json\/wp\/v2\/types\/page"}],"author":[{"embeddable":true,"href":"https:\/\/fjolmenning.arborg.is\/pl\/wp-json\/wp\/v2\/users\/4"}],"replies":[{"embeddable":true,"href":"https:\/\/fjolmenning.arborg.is\/pl\/wp-json\/wp\/v2\/comments?post=16939"}],"version-history":[{"count":4,"href":"https:\/\/fjolmenning.arborg.is\/pl\/wp-json\/wp\/v2\/pages\/16939\/revisions"}],"predecessor-version":[{"id":18207,"href":"https:\/\/fjolmenning.arborg.is\/pl\/wp-json\/wp\/v2\/pages\/16939\/revisions\/18207"}],"up":[{"embeddable":true,"href":"https:\/\/fjolmenning.arborg.is\/pl\/wp-json\/wp\/v2\/pages\/16508"}],"wp:attachment":[{"href":"https:\/\/fjolmenning.arborg.is\/pl\/wp-json\/wp\/v2\/media?parent=16939"}],"curies":[{"name":"wp","href":"https:\/\/api.w.org\/{rel}","templated":true}]}}