{"id":16929,"date":"2020-11-11T10:36:32","date_gmt":"2020-11-11T10:36:32","guid":{"rendered":"https:\/\/fjolmenning.arborg.is\/?page_id=16929"},"modified":"2025-07-16T13:35:17","modified_gmt":"2025-07-16T13:35:17","slug":"lifeyrir","status":"publish","type":"page","link":"https:\/\/fjolmenning.arborg.is\/pl\/samfelag\/lifeyrir\/","title":{"rendered":"Emerytura"},"content":{"rendered":"<h1>\n\t\t\tEmerytura \t<\/h1>\n\t<p>Fundusze emerytalne (L\u00edfeyrissj\u00f3\u00f0ir) wyp\u0142acaj\u0105 emerytury do ko\u0144ca \u017cycia. Emerytura jest wyp\u0142acana z jednej strony z narodowego funduszu ubezpiecze\u0144, a z drugiej z prywatnego funduszu emerytalnego. Wysoko\u015b\u0107 emerytury zale\u017cy od sk\u0142adek wp\u0142acanych do funduszu przez cz\u0142onka funduszu w trakcie jego aktywno\u015bci zawodowej oraz od sytuacji funduszu.\u00a0\u00a0<\/p>\n\t<p>Szczeg\u00f3\u0142owe informacje: <a href=\"https:\/\/www.lifeyrismal.is\/\" target=\"_blank\" rel=\"noreferrer noopener\">https:\/\/www.lifeyrismal.is\/<\/a>\u00a0<\/p>\n<p>Szczeg\u00f3\u0142owe informacje w j\u0119zyku polskim: <a href=\"https:\/\/www.lifeyrismal.is\/pl\" target=\"_blank\" rel=\"noopener\">https:\/\/www.lifeyrismal.is\/pl<\/a><\/p>","protected":false},"excerpt":{"rendered":"<p>L\u00edfeyrir L\u00edfeyrissj\u00f3\u00f0ir grei\u00f0a ellil\u00edfeyri til \u00e6viloka. Ellil\u00edfeyrir er greiddur \u00far samtryggingarsj\u00f3\u00f0i annars vegar og s\u00e9reignarsj\u00f3\u00f0i hins vegar. Fj\u00e1rh\u00e6\u00f0 ellil\u00edfeyris r\u00e6\u00f0st af \u00feeim i\u00f0gj\u00f6ldum sem sj\u00f3\u00f0f\u00e9lagi grei\u00f0ir \u00ed sj\u00f3\u00f0inn \u00e1 starfs\u00e6vinni og af afkomu sj\u00f3\u00f0sins.\u00a0\u00a0 N\u00e1nari uppl\u00fdsingar \u00e1 https:\/\/www.lifeyrismal.is\/\u00a0 N\u00e1nari uppl\u00fdsingar \u00e1 ensku: https:\/\/www.lifeyrismal.is\/en<\/p>","protected":false},"author":4,"featured_media":0,"parent":16506,"menu_order":0,"comment_status":"closed","ping_status":"closed","template":"","meta":{"inline_featured_image":false,"site-sidebar-layout":"no-sidebar","site-content-layout":"page-builder","ast-site-content-layout":"default","site-content-style":"default","site-sidebar-style":"default","ast-global-header-display":"","ast-banner-title-visibility":"","ast-main-header-display":"","ast-hfb-above-header-display":"","ast-hfb-below-header-display":"","ast-hfb-mobile-header-display":"","site-post-title":"disabled","ast-breadcrumbs-content":"","ast-featured-img":"disabled","footer-sml-layout":"","theme-transparent-header-meta":"default","adv-header-id-meta":"","stick-header-meta":"","header-above-stick-meta":"","header-main-stick-meta":"","header-below-stick-meta":"","astra-migrate-meta-layouts":"default","ast-page-background-enabled":"default","ast-page-background-meta":{"desktop":{"background-color":"","background-image":"","background-repeat":"repeat","background-position":"center center","background-size":"auto","background-attachment":"scroll","background-type":"","background-media":"","overlay-type":"","overlay-color":"","overlay-opacity":"","overlay-gradient":""},"tablet":{"background-color":"","background-image":"","background-repeat":"repeat","background-position":"center center","background-size":"auto","background-attachment":"scroll","background-type":"","background-media":"","overlay-type":"","overlay-color":"","overlay-opacity":"","overlay-gradient":""},"mobile":{"background-color":"","background-image":"","background-repeat":"repeat","background-position":"center center","background-size":"auto","background-attachment":"scroll","background-type":"","background-media":"","overlay-type":"","overlay-color":"","overlay-opacity":"","overlay-gradient":""}},"ast-content-background-meta":{"desktop":{"background-color":"var(--ast-global-color-5)","background-image":"","background-repeat":"repeat","background-position":"center center","background-size":"auto","background-attachment":"scroll","background-type":"","background-media":"","overlay-type":"","overlay-color":"","overlay-opacity":"","overlay-gradient":""},"tablet":{"background-color":"var(--ast-global-color-5)","background-image":"","background-repeat":"repeat","background-position":"center center","background-size":"auto","background-attachment":"scroll","background-type":"","background-media":"","overlay-type":"","overlay-color":"","overlay-opacity":"","overlay-gradient":""},"mobile":{"background-color":"var(--ast-global-color-5)","background-image":"","background-repeat":"repeat","background-position":"center center","background-size":"auto","background-attachment":"scroll","background-type":"","background-media":"","overlay-type":"","overlay-color":"","overlay-opacity":"","overlay-gradient":""}},"footnotes":""},"class_list":["post-16929","page","type-page","status-publish","hentry"],"_links":{"self":[{"href":"https:\/\/fjolmenning.arborg.is\/pl\/wp-json\/wp\/v2\/pages\/16929","targetHints":{"allow":["GET"]}}],"collection":[{"href":"https:\/\/fjolmenning.arborg.is\/pl\/wp-json\/wp\/v2\/pages"}],"about":[{"href":"https:\/\/fjolmenning.arborg.is\/pl\/wp-json\/wp\/v2\/types\/page"}],"author":[{"embeddable":true,"href":"https:\/\/fjolmenning.arborg.is\/pl\/wp-json\/wp\/v2\/users\/4"}],"replies":[{"embeddable":true,"href":"https:\/\/fjolmenning.arborg.is\/pl\/wp-json\/wp\/v2\/comments?post=16929"}],"version-history":[{"count":5,"href":"https:\/\/fjolmenning.arborg.is\/pl\/wp-json\/wp\/v2\/pages\/16929\/revisions"}],"predecessor-version":[{"id":18255,"href":"https:\/\/fjolmenning.arborg.is\/pl\/wp-json\/wp\/v2\/pages\/16929\/revisions\/18255"}],"up":[{"embeddable":true,"href":"https:\/\/fjolmenning.arborg.is\/pl\/wp-json\/wp\/v2\/pages\/16506"}],"wp:attachment":[{"href":"https:\/\/fjolmenning.arborg.is\/pl\/wp-json\/wp\/v2\/media?parent=16929"}],"curies":[{"name":"wp","href":"https:\/\/api.w.org\/{rel}","templated":true}]}}