{"id":16900,"date":"2020-11-10T10:25:12","date_gmt":"2020-11-10T10:25:12","guid":{"rendered":"https:\/\/fjolmenning.arborg.is\/?page_id=16900"},"modified":"2025-07-16T13:32:03","modified_gmt":"2025-07-16T13:32:03","slug":"thjodskra","status":"publish","type":"page","link":"https:\/\/fjolmenning.arborg.is\/pl\/samfelag\/thjodskra\/","title":{"rendered":"Islandzki spis ludno\u015bci (\u00dej\u00f3\u00f0skr\u00e1)"},"content":{"rendered":"<h1>\n\t\t\tIslandzki spis ludno\u015bci (\u00dej\u00f3\u00f0skr\u00e1) \t<\/h1>\n\t<p>Islandzki spis ludno\u015bci (\u00dej\u00f3\u00f0skr\u00e1) prowadzi rejestr nieruchomo\u015bci i spis ludno\u015bci, decyduje o odszkodowaniach z tytu\u0142u po\u017caru i wycenach nieruchomo\u015bci oraz wydaje paszporty, dowody osobiste i r\u00f3\u017cne za\u015bwiadczenia.<\/p>\n\t<p>Szczeg\u00f3\u0142owe informacje: <a href=\"https:\/\/www.skra.is\/\" target=\"_blank\" rel=\"noopener\">https:\/\/www.skra.is\/<\/a><\/p>","protected":false},"excerpt":{"rendered":"<p>\u00dej\u00f3\u00f0skr\u00e1 \u00dej\u00f3\u00f0skr\u00e1 \u00cdslands heldur fasteignaskr\u00e1 og \u00fej\u00f3\u00f0skr\u00e1, \u00e1kve\u00f0ur brunab\u00f3ta- og fasteignamat og gefur \u00fat vegabr\u00e9f, nafnsk\u00edrteini og \u00fdmis vottor\u00f0. N\u00e1nari uppl\u00fdsingar: https:\/\/www.skra.is\/<\/p>","protected":false},"author":4,"featured_media":0,"parent":16506,"menu_order":0,"comment_status":"closed","ping_status":"closed","template":"","meta":{"inline_featured_image":false,"site-sidebar-layout":"no-sidebar","site-content-layout":"page-builder","ast-site-content-layout":"default","site-content-style":"default","site-sidebar-style":"default","ast-global-header-display":"","ast-banner-title-visibility":"","ast-main-header-display":"","ast-hfb-above-header-display":"","ast-hfb-below-header-display":"","ast-hfb-mobile-header-display":"","site-post-title":"disabled","ast-breadcrumbs-content":"","ast-featured-img":"disabled","footer-sml-layout":"","theme-transparent-header-meta":"default","adv-header-id-meta":"","stick-header-meta":"","header-above-stick-meta":"","header-main-stick-meta":"","header-below-stick-meta":"","astra-migrate-meta-layouts":"default","ast-page-background-enabled":"default","ast-page-background-meta":{"desktop":{"background-color":"","background-image":"","background-repeat":"repeat","background-position":"center center","background-size":"auto","background-attachment":"scroll","background-type":"","background-media":"","overlay-type":"","overlay-color":"","overlay-opacity":"","overlay-gradient":""},"tablet":{"background-color":"","background-image":"","background-repeat":"repeat","background-position":"center center","background-size":"auto","background-attachment":"scroll","background-type":"","background-media":"","overlay-type":"","overlay-color":"","overlay-opacity":"","overlay-gradient":""},"mobile":{"background-color":"","background-image":"","background-repeat":"repeat","background-position":"center center","background-size":"auto","background-attachment":"scroll","background-type":"","background-media":"","overlay-type":"","overlay-color":"","overlay-opacity":"","overlay-gradient":""}},"ast-content-background-meta":{"desktop":{"background-color":"var(--ast-global-color-5)","background-image":"","background-repeat":"repeat","background-position":"center center","background-size":"auto","background-attachment":"scroll","background-type":"","background-media":"","overlay-type":"","overlay-color":"","overlay-opacity":"","overlay-gradient":""},"tablet":{"background-color":"var(--ast-global-color-5)","background-image":"","background-repeat":"repeat","background-position":"center center","background-size":"auto","background-attachment":"scroll","background-type":"","background-media":"","overlay-type":"","overlay-color":"","overlay-opacity":"","overlay-gradient":""},"mobile":{"background-color":"var(--ast-global-color-5)","background-image":"","background-repeat":"repeat","background-position":"center center","background-size":"auto","background-attachment":"scroll","background-type":"","background-media":"","overlay-type":"","overlay-color":"","overlay-opacity":"","overlay-gradient":""}},"footnotes":""},"class_list":["post-16900","page","type-page","status-publish","hentry"],"_links":{"self":[{"href":"https:\/\/fjolmenning.arborg.is\/pl\/wp-json\/wp\/v2\/pages\/16900","targetHints":{"allow":["GET"]}}],"collection":[{"href":"https:\/\/fjolmenning.arborg.is\/pl\/wp-json\/wp\/v2\/pages"}],"about":[{"href":"https:\/\/fjolmenning.arborg.is\/pl\/wp-json\/wp\/v2\/types\/page"}],"author":[{"embeddable":true,"href":"https:\/\/fjolmenning.arborg.is\/pl\/wp-json\/wp\/v2\/users\/4"}],"replies":[{"embeddable":true,"href":"https:\/\/fjolmenning.arborg.is\/pl\/wp-json\/wp\/v2\/comments?post=16900"}],"version-history":[{"count":6,"href":"https:\/\/fjolmenning.arborg.is\/pl\/wp-json\/wp\/v2\/pages\/16900\/revisions"}],"predecessor-version":[{"id":18244,"href":"https:\/\/fjolmenning.arborg.is\/pl\/wp-json\/wp\/v2\/pages\/16900\/revisions\/18244"}],"up":[{"embeddable":true,"href":"https:\/\/fjolmenning.arborg.is\/pl\/wp-json\/wp\/v2\/pages\/16506"}],"wp:attachment":[{"href":"https:\/\/fjolmenning.arborg.is\/pl\/wp-json\/wp\/v2\/media?parent=16900"}],"curies":[{"name":"wp","href":"https:\/\/api.w.org\/{rel}","templated":true}]}}