{"id":16897,"date":"2020-11-10T10:24:04","date_gmt":"2020-11-10T10:24:04","guid":{"rendered":"https:\/\/fjolmenning.arborg.is\/?page_id=16897"},"modified":"2025-07-16T13:36:50","modified_gmt":"2025-07-16T13:36:50","slug":"raudi-krossinn","status":"publish","type":"page","link":"https:\/\/fjolmenning.arborg.is\/pl\/samfelag\/raudi-krossinn\/","title":{"rendered":"Czerwony Krzy\u017c"},"content":{"rendered":"<h1>\n\t\t\tCzerwony Krzy\u017c \t<\/h1>\n\t<p>Czerwony Krzy\u017c na Islandii (Rau\u00f0i krossinn) jest cz\u0119\u015bci\u0105 najwi\u0119kszej organizacji humanitarnej na \u015bwiecie. Ca\u0142a praca Czerwonego Krzy\u017ca ma na celu reagowanie i udzielanie pomocy tam, gdzie jest to najbardziej potrzebne. Czerwony Krzy\u017c prowadzi oddzia\u0142 w \u00c1rness\u00fdsla z siedzib\u0105 w Selfoss.<\/p>\n\t<p>Szczeg\u00f3\u0142owe informacje: <a href=\"https:\/\/www.raudikrossinn.is\/\" target=\"_blank\" rel=\"noopener\">https:\/\/www.raudikrossinn.is\/<\/a> oraz <a href=\"https:\/\/www.raudikrossinn.is\/um-okkur\/starfid-a-landsvisu\/sudurland\/\" target=\"_blank\" rel=\"noopener\">https:\/\/www.raudikrossinn.is\/um-okkur\/starfid-a-landsvisu\/sudurland\/<\/a><\/p>\n<p>&nbsp;<\/p>\n<p>Telefon zaufania Czerwonego Krzy\u017ca, 1717 jest zawsze czynny, zobacz dok\u0142adniej: <a title=\"sj\u00e1 n\u00e1nar. (Opnast \u00ed n\u00fdjum vafraglugga)\" href=\"https:\/\/www.raudikrossinn.is\/verkefni\/innanlandsverkefni\/heilbrigdi-og-velferd\/hjalparsiminn-1717-og-netspjallid\/\" target=\"_blank\" rel=\"noopener\">https:\/\/www.raudikrossinn.is\/hvad-gerum-vid\/hjalparsiminn-1717\/<\/a><\/p>","protected":false},"excerpt":{"rendered":"<p>Rau\u00f0i krossinn Rau\u00f0i krossinn \u00e1 \u00cdslandi er hluti af st\u00e6rstu mann\u00fa\u00f0ar- og hj\u00e1lparsamt\u00f6kum heims. Allt starf Rau\u00f0a krossins mi\u00f0ar a\u00f0 \u00fev\u00ed a\u00f0 breg\u00f0ast vi\u00f0 og a\u00f0sto\u00f0a \u00fear sem ney\u00f0in er mest. Rau\u00f0i krossinn rekur deild \u00ed \u00c1rness\u00fdslu me\u00f0 skrifstofu \u00e1 Selfossi. N\u00e1nari uppl\u00fdsingar: https:\/\/www.raudikrossinn.is\/ og https:\/\/www.raudikrossinn.is\/um-okkur\/starfid-a-landsvisu\/sudurland\/ &nbsp; Hj\u00e1lpars\u00edmi Rau\u00f0a krossins, 1717 er alltaf opinn, sj\u00e1 [&hellip;]<\/p>\n","protected":false},"author":4,"featured_media":0,"parent":16506,"menu_order":0,"comment_status":"closed","ping_status":"closed","template":"","meta":{"inline_featured_image":false,"site-sidebar-layout":"no-sidebar","site-content-layout":"page-builder","ast-site-content-layout":"default","site-content-style":"default","site-sidebar-style":"default","ast-global-header-display":"","ast-banner-title-visibility":"","ast-main-header-display":"","ast-hfb-above-header-display":"","ast-hfb-below-header-display":"","ast-hfb-mobile-header-display":"","site-post-title":"disabled","ast-breadcrumbs-content":"","ast-featured-img":"disabled","footer-sml-layout":"","theme-transparent-header-meta":"default","adv-header-id-meta":"","stick-header-meta":"","header-above-stick-meta":"","header-main-stick-meta":"","header-below-stick-meta":"","astra-migrate-meta-layouts":"default","ast-page-background-enabled":"default","ast-page-background-meta":{"desktop":{"background-color":"","background-image":"","background-repeat":"repeat","background-position":"center center","background-size":"auto","background-attachment":"scroll","background-type":"","background-media":"","overlay-type":"","overlay-color":"","overlay-opacity":"","overlay-gradient":""},"tablet":{"background-color":"","background-image":"","background-repeat":"repeat","background-position":"center center","background-size":"auto","background-attachment":"scroll","background-type":"","background-media":"","overlay-type":"","overlay-color":"","overlay-opacity":"","overlay-gradient":""},"mobile":{"background-color":"","background-image":"","background-repeat":"repeat","background-position":"center center","background-size":"auto","background-attachment":"scroll","background-type":"","background-media":"","overlay-type":"","overlay-color":"","overlay-opacity":"","overlay-gradient":""}},"ast-content-background-meta":{"desktop":{"background-color":"var(--ast-global-color-5)","background-image":"","background-repeat":"repeat","background-position":"center center","background-size":"auto","background-attachment":"scroll","background-type":"","background-media":"","overlay-type":"","overlay-color":"","overlay-opacity":"","overlay-gradient":""},"tablet":{"background-color":"var(--ast-global-color-5)","background-image":"","background-repeat":"repeat","background-position":"center center","background-size":"auto","background-attachment":"scroll","background-type":"","background-media":"","overlay-type":"","overlay-color":"","overlay-opacity":"","overlay-gradient":""},"mobile":{"background-color":"var(--ast-global-color-5)","background-image":"","background-repeat":"repeat","background-position":"center center","background-size":"auto","background-attachment":"scroll","background-type":"","background-media":"","overlay-type":"","overlay-color":"","overlay-opacity":"","overlay-gradient":""}},"footnotes":""},"class_list":["post-16897","page","type-page","status-publish","hentry"],"_links":{"self":[{"href":"https:\/\/fjolmenning.arborg.is\/pl\/wp-json\/wp\/v2\/pages\/16897","targetHints":{"allow":["GET"]}}],"collection":[{"href":"https:\/\/fjolmenning.arborg.is\/pl\/wp-json\/wp\/v2\/pages"}],"about":[{"href":"https:\/\/fjolmenning.arborg.is\/pl\/wp-json\/wp\/v2\/types\/page"}],"author":[{"embeddable":true,"href":"https:\/\/fjolmenning.arborg.is\/pl\/wp-json\/wp\/v2\/users\/4"}],"replies":[{"embeddable":true,"href":"https:\/\/fjolmenning.arborg.is\/pl\/wp-json\/wp\/v2\/comments?post=16897"}],"version-history":[{"count":6,"href":"https:\/\/fjolmenning.arborg.is\/pl\/wp-json\/wp\/v2\/pages\/16897\/revisions"}],"predecessor-version":[{"id":18259,"href":"https:\/\/fjolmenning.arborg.is\/pl\/wp-json\/wp\/v2\/pages\/16897\/revisions\/18259"}],"up":[{"embeddable":true,"href":"https:\/\/fjolmenning.arborg.is\/pl\/wp-json\/wp\/v2\/pages\/16506"}],"wp:attachment":[{"href":"https:\/\/fjolmenning.arborg.is\/pl\/wp-json\/wp\/v2\/media?parent=16897"}],"curies":[{"name":"wp","href":"https:\/\/api.w.org\/{rel}","templated":true}]}}