{"id":16894,"date":"2020-11-10T10:22:58","date_gmt":"2020-11-10T10:22:58","guid":{"rendered":"https:\/\/fjolmenning.arborg.is\/?page_id=16894"},"modified":"2025-07-16T13:31:41","modified_gmt":"2025-07-16T13:31:41","slug":"fjolmenningarsetur","status":"publish","type":"page","link":"https:\/\/fjolmenning.arborg.is\/pl\/samfelag\/fjolmenningarsetur\/","title":{"rendered":"Fj\u00f6lmenningardeild VMST"},"content":{"rendered":"<h1>\n\t\t\tFj\u00f6lmenningardeild VMST\t<\/h1>\n\t<p>Rol\u0105 Dzia\u0142u Mi\u0119dzykulturowego VMST (Fj\u00f6lmenningardeild VMST) jest wzmacnianie us\u0142ug dla imigrant\u00f3w mieszkaj\u0105cych na Islandii, udzielanie porad i rozpowszechnianie informacji o ich prawach i obowi\u0105zkach. Na stronie internetowej Dzia\u0142u mo\u017cna znale\u017a\u0107 m.in. informator o pierwszych krokach po przybyciu na Islandi\u0119.<\/p>\n\t<p>Szczeg\u00f3\u0142owe informacje: <a href=\"https:\/\/www.mcc.is\/\" target=\"_blank\" rel=\"noopener\">https:\/\/www.mcc.is\/<\/a><\/p>","protected":false},"excerpt":{"rendered":"<p>Fj\u00f6lmenningardeild VMST Fj\u00f6lmenningardeild VMST hefur \u00fea\u00f0 hlutverk a\u00f0 efla \u00fej\u00f3nustu vi\u00f0 innflytjendur sem b\u00fasettir eru \u00e1 \u00cdslandi, veita r\u00e1\u00f0gj\u00f6f og mi\u00f0la uppl\u00fdsingum til innflytjenda um r\u00e9ttindi \u00feeirra og skyldur. \u00c1 vefs\u00ed\u00f0u Fj\u00f6lmenningardeildar VMST er a\u00f0 finna m.a. b\u00e6klinga um fyrstu skrefin \u00feegar innflytjendur eru n\u00fdkomnir til \u00cdslands. N\u00e1nari uppl\u00fdsingar: https:\/\/www.mcc.is\/<\/p>","protected":false},"author":4,"featured_media":0,"parent":16506,"menu_order":0,"comment_status":"closed","ping_status":"closed","template":"","meta":{"inline_featured_image":false,"site-sidebar-layout":"no-sidebar","site-content-layout":"page-builder","ast-site-content-layout":"default","site-content-style":"default","site-sidebar-style":"default","ast-global-header-display":"","ast-banner-title-visibility":"","ast-main-header-display":"","ast-hfb-above-header-display":"","ast-hfb-below-header-display":"","ast-hfb-mobile-header-display":"","site-post-title":"disabled","ast-breadcrumbs-content":"","ast-featured-img":"disabled","footer-sml-layout":"","theme-transparent-header-meta":"default","adv-header-id-meta":"","stick-header-meta":"","header-above-stick-meta":"","header-main-stick-meta":"","header-below-stick-meta":"","astra-migrate-meta-layouts":"default","ast-page-background-enabled":"default","ast-page-background-meta":{"desktop":{"background-color":"","background-image":"","background-repeat":"repeat","background-position":"center center","background-size":"auto","background-attachment":"scroll","background-type":"","background-media":"","overlay-type":"","overlay-color":"","overlay-opacity":"","overlay-gradient":""},"tablet":{"background-color":"","background-image":"","background-repeat":"repeat","background-position":"center center","background-size":"auto","background-attachment":"scroll","background-type":"","background-media":"","overlay-type":"","overlay-color":"","overlay-opacity":"","overlay-gradient":""},"mobile":{"background-color":"","background-image":"","background-repeat":"repeat","background-position":"center center","background-size":"auto","background-attachment":"scroll","background-type":"","background-media":"","overlay-type":"","overlay-color":"","overlay-opacity":"","overlay-gradient":""}},"ast-content-background-meta":{"desktop":{"background-color":"var(--ast-global-color-5)","background-image":"","background-repeat":"repeat","background-position":"center center","background-size":"auto","background-attachment":"scroll","background-type":"","background-media":"","overlay-type":"","overlay-color":"","overlay-opacity":"","overlay-gradient":""},"tablet":{"background-color":"var(--ast-global-color-5)","background-image":"","background-repeat":"repeat","background-position":"center center","background-size":"auto","background-attachment":"scroll","background-type":"","background-media":"","overlay-type":"","overlay-color":"","overlay-opacity":"","overlay-gradient":""},"mobile":{"background-color":"var(--ast-global-color-5)","background-image":"","background-repeat":"repeat","background-position":"center center","background-size":"auto","background-attachment":"scroll","background-type":"","background-media":"","overlay-type":"","overlay-color":"","overlay-opacity":"","overlay-gradient":""}},"footnotes":""},"class_list":["post-16894","page","type-page","status-publish","hentry"],"_links":{"self":[{"href":"https:\/\/fjolmenning.arborg.is\/pl\/wp-json\/wp\/v2\/pages\/16894","targetHints":{"allow":["GET"]}}],"collection":[{"href":"https:\/\/fjolmenning.arborg.is\/pl\/wp-json\/wp\/v2\/pages"}],"about":[{"href":"https:\/\/fjolmenning.arborg.is\/pl\/wp-json\/wp\/v2\/types\/page"}],"author":[{"embeddable":true,"href":"https:\/\/fjolmenning.arborg.is\/pl\/wp-json\/wp\/v2\/users\/4"}],"replies":[{"embeddable":true,"href":"https:\/\/fjolmenning.arborg.is\/pl\/wp-json\/wp\/v2\/comments?post=16894"}],"version-history":[{"count":10,"href":"https:\/\/fjolmenning.arborg.is\/pl\/wp-json\/wp\/v2\/pages\/16894\/revisions"}],"predecessor-version":[{"id":18243,"href":"https:\/\/fjolmenning.arborg.is\/pl\/wp-json\/wp\/v2\/pages\/16894\/revisions\/18243"}],"up":[{"embeddable":true,"href":"https:\/\/fjolmenning.arborg.is\/pl\/wp-json\/wp\/v2\/pages\/16506"}],"wp:attachment":[{"href":"https:\/\/fjolmenning.arborg.is\/pl\/wp-json\/wp\/v2\/media?parent=16894"}],"curies":[{"name":"wp","href":"https:\/\/api.w.org\/{rel}","templated":true}]}}