{"id":16890,"date":"2020-11-10T10:21:06","date_gmt":"2020-11-10T10:21:06","guid":{"rendered":"https:\/\/fjolmenning.arborg.is\/?page_id=16890"},"modified":"2025-07-16T13:31:03","modified_gmt":"2025-07-16T13:31:03","slug":"rettur-thinn","status":"publish","type":"page","link":"https:\/\/fjolmenning.arborg.is\/pl\/samfelag\/rettur-thinn\/","title":{"rendered":"Twoje prawa"},"content":{"rendered":"<h1>\n\t\t\tTwoje prawa \t<\/h1>\n\t<p class=\"translation-block\">Centrum ds. R\u00f3wno\u015bci P\u0142ci opublikowa\u0142o broszur\u0119 Twoje prawa (R\u00e9ttur \u00feinn), kt\u00f3ra zawiera wa\u017cne informacje dla os\u00f3b obcego pochodzenia mieszkaj\u0105cych na Islandii.<\/p>\n\t<p>Broszura omawia prawa mieszka\u0144c\u00f3w na Islandii, je\u015bli chodzi o bliskie zwi\u0105zki, np. ma\u0142\u017ce\u0144stwo, zwi\u0105zki partnerskie, rozw\u00f3d i zako\u0144czenie zwi\u0105zku partnerskiego, ci\u0105\u017ca, ochrona macierzy\u0144stwa, aborcja, w\u0142adza rodzicielska, prawo do kontakt\u00f3w, przemoc domowa, handel lud\u017ami, prostytucja, wniesienie oskar\u017cenia na policji, pomoc prawna i pozwolenie na pobyt. Mo\u017cna tam r\u00f3wnie\u017c znale\u017a\u0107 odniesienia do szczeg\u00f3\u0142owych informacji gdzie szuka\u0107 pomocy np. numery telefon\u00f3w, adresy i strony internetowe r\u00f3\u017cnych instytucji i stowarzysze\u0144. Broszura zosta\u0142a wydana w j\u0119zyku islandzkim, angielskim, polskim, hiszpa\u0144skim, tajskim, rosyjskim, arabskim i francuskim.<\/p>\n<p>Szczeg\u00f3\u0142owe informacje: <a href=\"https:\/\/www.jafnretti.is\/is\/samfelag-og-vinnumarkadur\/rettur-thinn\/rettur-thinn-mikilvaegar-upplysingar-fyrir-innflytjendur-a-islandi\" target=\"_blank\" rel=\"noopener\">https:\/\/www.jafnretti.is\/is\/samfelag-og-vinnumarkadur\/rettur-thinn\/rettur-thinn-mikilvaegar-upplysingar-fyrir-innflytjendur-a-islandi<\/a><\/p>","protected":false},"excerpt":{"rendered":"<p>R\u00e9ttur \u00feinn Jafnr\u00e9ttisstofa gefur \u00fat b\u00e6klinginn R\u00e9ttur \u00feinn en \u00ed honum er a\u00f0 finna mikilv\u00e6gar uppl\u00fdsingar fyrir innflytjendur \u00e1 \u00cdslandi. \u00cd b\u00e6klingnum er fjalla\u00f0 um r\u00e9ttindi f\u00f3lks \u00e1 \u00cdslandi \u00feegar kemur a\u00f0 n\u00e1num samb\u00f6ndum og samskiptum, til d\u00e6mis hj\u00f3naband, samb\u00fa\u00f0, skilna\u00f0 og samb\u00fa\u00f0arslit, \u00feungun, m\u00e6\u00f0ravernd, \u00feungunarrof, forsj\u00e1 barna, umgengnisr\u00e9tt, ofbeldi \u00ed n\u00e1num samb\u00f6ndum, mansal, v\u00e6ndi, [&hellip;]<\/p>\n","protected":false},"author":4,"featured_media":0,"parent":16506,"menu_order":0,"comment_status":"closed","ping_status":"closed","template":"","meta":{"inline_featured_image":false,"site-sidebar-layout":"no-sidebar","site-content-layout":"page-builder","ast-site-content-layout":"default","site-content-style":"default","site-sidebar-style":"default","ast-global-header-display":"","ast-banner-title-visibility":"","ast-main-header-display":"","ast-hfb-above-header-display":"","ast-hfb-below-header-display":"","ast-hfb-mobile-header-display":"","site-post-title":"disabled","ast-breadcrumbs-content":"","ast-featured-img":"disabled","footer-sml-layout":"","theme-transparent-header-meta":"default","adv-header-id-meta":"","stick-header-meta":"","header-above-stick-meta":"","header-main-stick-meta":"","header-below-stick-meta":"","astra-migrate-meta-layouts":"default","ast-page-background-enabled":"default","ast-page-background-meta":{"desktop":{"background-color":"","background-image":"","background-repeat":"repeat","background-position":"center center","background-size":"auto","background-attachment":"scroll","background-type":"","background-media":"","overlay-type":"","overlay-color":"","overlay-opacity":"","overlay-gradient":""},"tablet":{"background-color":"","background-image":"","background-repeat":"repeat","background-position":"center center","background-size":"auto","background-attachment":"scroll","background-type":"","background-media":"","overlay-type":"","overlay-color":"","overlay-opacity":"","overlay-gradient":""},"mobile":{"background-color":"","background-image":"","background-repeat":"repeat","background-position":"center center","background-size":"auto","background-attachment":"scroll","background-type":"","background-media":"","overlay-type":"","overlay-color":"","overlay-opacity":"","overlay-gradient":""}},"ast-content-background-meta":{"desktop":{"background-color":"var(--ast-global-color-5)","background-image":"","background-repeat":"repeat","background-position":"center center","background-size":"auto","background-attachment":"scroll","background-type":"","background-media":"","overlay-type":"","overlay-color":"","overlay-opacity":"","overlay-gradient":""},"tablet":{"background-color":"var(--ast-global-color-5)","background-image":"","background-repeat":"repeat","background-position":"center center","background-size":"auto","background-attachment":"scroll","background-type":"","background-media":"","overlay-type":"","overlay-color":"","overlay-opacity":"","overlay-gradient":""},"mobile":{"background-color":"var(--ast-global-color-5)","background-image":"","background-repeat":"repeat","background-position":"center center","background-size":"auto","background-attachment":"scroll","background-type":"","background-media":"","overlay-type":"","overlay-color":"","overlay-opacity":"","overlay-gradient":""}},"footnotes":""},"class_list":["post-16890","page","type-page","status-publish","hentry"],"_links":{"self":[{"href":"https:\/\/fjolmenning.arborg.is\/pl\/wp-json\/wp\/v2\/pages\/16890","targetHints":{"allow":["GET"]}}],"collection":[{"href":"https:\/\/fjolmenning.arborg.is\/pl\/wp-json\/wp\/v2\/pages"}],"about":[{"href":"https:\/\/fjolmenning.arborg.is\/pl\/wp-json\/wp\/v2\/types\/page"}],"author":[{"embeddable":true,"href":"https:\/\/fjolmenning.arborg.is\/pl\/wp-json\/wp\/v2\/users\/4"}],"replies":[{"embeddable":true,"href":"https:\/\/fjolmenning.arborg.is\/pl\/wp-json\/wp\/v2\/comments?post=16890"}],"version-history":[{"count":7,"href":"https:\/\/fjolmenning.arborg.is\/pl\/wp-json\/wp\/v2\/pages\/16890\/revisions"}],"predecessor-version":[{"id":18240,"href":"https:\/\/fjolmenning.arborg.is\/pl\/wp-json\/wp\/v2\/pages\/16890\/revisions\/18240"}],"up":[{"embeddable":true,"href":"https:\/\/fjolmenning.arborg.is\/pl\/wp-json\/wp\/v2\/pages\/16506"}],"wp:attachment":[{"href":"https:\/\/fjolmenning.arborg.is\/pl\/wp-json\/wp\/v2\/media?parent=16890"}],"curies":[{"name":"wp","href":"https:\/\/api.w.org\/{rel}","templated":true}]}}