{"id":16880,"date":"2020-11-10T08:38:14","date_gmt":"2020-11-10T08:38:14","guid":{"rendered":"https:\/\/fjolmenning.arborg.is\/?page_id=16880"},"modified":"2025-07-16T14:13:12","modified_gmt":"2025-07-16T14:13:12","slug":"tulkathjonusta","status":"publish","type":"page","link":"https:\/\/fjolmenning.arborg.is\/pl\/heilsa\/tulkathjonusta\/","title":{"rendered":"T\u0142umaczenia dla os\u00f3b ubezpieczonych"},"content":{"rendered":"<h1>\n\t\t\tT\u0142umaczenia dla os\u00f3b obj\u0119tych islandzkim ubezpieczeniem zdrowotnym \t<\/h1>\n\t<p>Einstaklingur sem er\u00a0sj\u00fakratrygg\u00f0ur \u00e1 \u00cdslandi \u00e1 r\u00e9tt \u00e1 t\u00falka\u00fej\u00f3nustu \u00e1 heilbrig\u00f0isstofnunum.\u00a0<\/p>\n<p>&nbsp;<\/p>\n\t<p>Szczeg\u00f3\u0142owe informacje:\u00a0\u00a0<a href=\"https:\/\/island.is\/greidsluthatttaka-vegna-tulkathjonustu\" target=\"_blank\" rel=\"noopener\">https:\/\/island.is\/greidsluthatttaka-vegna-tulkathjonustu<\/a><\/p>","protected":false},"excerpt":{"rendered":"<p>T\u00falka\u00fej\u00f3nusta fyrir sj\u00fakratrygg\u00f0a einstaklinga Einstaklingur sem er\u00a0sj\u00fakratrygg\u00f0ur \u00e1 \u00cdslandi \u00e1 r\u00e9tt \u00e1 t\u00falka\u00fej\u00f3nustu \u00e1 heilbrig\u00f0isstofnunum.\u00a0 &nbsp; N\u00e1nari uppl\u00fdsingar:\u00a0\u00a0https:\/\/island.is\/greidsluthatttaka-vegna-tulkathjonustu<\/p>","protected":false},"author":5,"featured_media":0,"parent":16512,"menu_order":0,"comment_status":"closed","ping_status":"closed","template":"","meta":{"inline_featured_image":false,"site-sidebar-layout":"no-sidebar","site-content-layout":"page-builder","ast-site-content-layout":"default","site-content-style":"default","site-sidebar-style":"default","ast-global-header-display":"","ast-banner-title-visibility":"","ast-main-header-display":"","ast-hfb-above-header-display":"","ast-hfb-below-header-display":"","ast-hfb-mobile-header-display":"","site-post-title":"disabled","ast-breadcrumbs-content":"","ast-featured-img":"disabled","footer-sml-layout":"","theme-transparent-header-meta":"default","adv-header-id-meta":"","stick-header-meta":"","header-above-stick-meta":"","header-main-stick-meta":"","header-below-stick-meta":"","astra-migrate-meta-layouts":"default","ast-page-background-enabled":"default","ast-page-background-meta":{"desktop":{"background-color":"","background-image":"","background-repeat":"repeat","background-position":"center center","background-size":"auto","background-attachment":"scroll","background-type":"","background-media":"","overlay-type":"","overlay-color":"","overlay-opacity":"","overlay-gradient":""},"tablet":{"background-color":"","background-image":"","background-repeat":"repeat","background-position":"center center","background-size":"auto","background-attachment":"scroll","background-type":"","background-media":"","overlay-type":"","overlay-color":"","overlay-opacity":"","overlay-gradient":""},"mobile":{"background-color":"","background-image":"","background-repeat":"repeat","background-position":"center center","background-size":"auto","background-attachment":"scroll","background-type":"","background-media":"","overlay-type":"","overlay-color":"","overlay-opacity":"","overlay-gradient":""}},"ast-content-background-meta":{"desktop":{"background-color":"var(--ast-global-color-5)","background-image":"","background-repeat":"repeat","background-position":"center center","background-size":"auto","background-attachment":"scroll","background-type":"","background-media":"","overlay-type":"","overlay-color":"","overlay-opacity":"","overlay-gradient":""},"tablet":{"background-color":"var(--ast-global-color-5)","background-image":"","background-repeat":"repeat","background-position":"center center","background-size":"auto","background-attachment":"scroll","background-type":"","background-media":"","overlay-type":"","overlay-color":"","overlay-opacity":"","overlay-gradient":""},"mobile":{"background-color":"var(--ast-global-color-5)","background-image":"","background-repeat":"repeat","background-position":"center center","background-size":"auto","background-attachment":"scroll","background-type":"","background-media":"","overlay-type":"","overlay-color":"","overlay-opacity":"","overlay-gradient":""}},"footnotes":""},"class_list":["post-16880","page","type-page","status-publish","hentry"],"_links":{"self":[{"href":"https:\/\/fjolmenning.arborg.is\/pl\/wp-json\/wp\/v2\/pages\/16880","targetHints":{"allow":["GET"]}}],"collection":[{"href":"https:\/\/fjolmenning.arborg.is\/pl\/wp-json\/wp\/v2\/pages"}],"about":[{"href":"https:\/\/fjolmenning.arborg.is\/pl\/wp-json\/wp\/v2\/types\/page"}],"author":[{"embeddable":true,"href":"https:\/\/fjolmenning.arborg.is\/pl\/wp-json\/wp\/v2\/users\/5"}],"replies":[{"embeddable":true,"href":"https:\/\/fjolmenning.arborg.is\/pl\/wp-json\/wp\/v2\/comments?post=16880"}],"version-history":[{"count":7,"href":"https:\/\/fjolmenning.arborg.is\/pl\/wp-json\/wp\/v2\/pages\/16880\/revisions"}],"predecessor-version":[{"id":18312,"href":"https:\/\/fjolmenning.arborg.is\/pl\/wp-json\/wp\/v2\/pages\/16880\/revisions\/18312"}],"up":[{"embeddable":true,"href":"https:\/\/fjolmenning.arborg.is\/pl\/wp-json\/wp\/v2\/pages\/16512"}],"wp:attachment":[{"href":"https:\/\/fjolmenning.arborg.is\/pl\/wp-json\/wp\/v2\/media?parent=16880"}],"curies":[{"name":"wp","href":"https:\/\/api.w.org\/{rel}","templated":true}]}}