{"id":16868,"date":"2020-11-10T08:32:20","date_gmt":"2020-11-10T08:32:20","guid":{"rendered":"https:\/\/fjolmenning.arborg.is\/?page_id=16868"},"modified":"2025-07-16T14:45:10","modified_gmt":"2025-07-16T14:45:10","slug":"ung-og-smabarnavernd","status":"publish","type":"page","link":"https:\/\/fjolmenning.arborg.is\/pl\/heilsa\/ung-og-smabarnavernd\/","title":{"rendered":"Ochrona niemowl\u0105t i dzieci"},"content":{"rendered":"<h1>\n\t\t\tOchrona niemowl\u0105t i dzieci\t<\/h1>\n\t<p>Celem ochrony ma\u0142ych dzieci i niemowl\u0105t (Ung- og sm\u00e1barnavernd) jest zapewnienie rozwoju dzieci w jak najlepszych warunkach psychicznych, fizycznych i spo\u0142ecznych.\u00a0<\/p>\n\t<p>Hj\u00fakrunarfr\u00e6\u00f0ingar e\u00f0a lj\u00f3sm\u00e6\u00f0ur fara \u00ed\u00a0heimavitjanir\u00a0\u00e1 heimili n\u00fdf\u00e6ddra barna og fj\u00f6lskyldna \u00feeirra og fylgjast me\u00f0 heilsu og l\u00ed\u00f0an fj\u00f6lskyldu og barns og veita fr\u00e6\u00f0slu og r\u00e1\u00f0gj\u00f6f.\u00a0\u00a0<\/p>\n<p>Fr\u00e1 sex vikna aldri er bo\u00f0i\u00f0 upp \u00e1 reglulegar sko\u00f0anir \u00e1 heilsug\u00e6slust\u00f6\u00f0inni.\u00a0\u00a0Enn\u00a0fremur er foreldrum veittar r\u00e1\u00f0leggingar var\u00f0andi um\u00f6nnun og uppeldi barnsins og eigin l\u00ed\u00f0an.\u00a0<\/p>\n<p>Szczeg\u00f3\u0142owe informacje:\u00a0<a href=\"https:\/\/www.heilsuvera.is\/efnisflokkar\/throskaferlid\/heilsuvernd-barna\/ung-og-smabarnavernd\/\" target=\"_blank\" rel=\"noopener\">https:\/\/www.heilsuvera.is\/efnisflokkar\/throskaferlid\/heilsuvernd-barna\/ung-og-smabarnavernd\/<\/a><\/p>\n<p>&nbsp;<\/p>\n<p>&nbsp;<\/p>","protected":false},"excerpt":{"rendered":"<p>Ung- og sm\u00e1barnavernd Markmi\u00f0 ung- og sm\u00e1barnaverndar er a\u00f0 stu\u00f0la a\u00f0 \u00fev\u00ed a\u00f0 b\u00f6rn f\u00e1i a\u00f0 \u00feroskast vi\u00f0 \u00feau bestu andlegu, l\u00edkamlegu og f\u00e9lagslegu skilyr\u00f0i sem v\u00f6l er \u00e1.\u00a0 Hj\u00fakrunarfr\u00e6\u00f0ingar e\u00f0a lj\u00f3sm\u00e6\u00f0ur fara \u00ed\u00a0heimavitjanir\u00a0\u00e1 heimili n\u00fdf\u00e6ddra barna og fj\u00f6lskyldna \u00feeirra og fylgjast me\u00f0 heilsu og l\u00ed\u00f0an fj\u00f6lskyldu og barns og veita fr\u00e6\u00f0slu og r\u00e1\u00f0gj\u00f6f.\u00a0\u00a0 Fr\u00e1 [&hellip;]<\/p>\n","protected":false},"author":5,"featured_media":0,"parent":16512,"menu_order":0,"comment_status":"closed","ping_status":"closed","template":"","meta":{"inline_featured_image":false,"site-sidebar-layout":"no-sidebar","site-content-layout":"page-builder","ast-site-content-layout":"default","site-content-style":"default","site-sidebar-style":"default","ast-global-header-display":"","ast-banner-title-visibility":"","ast-main-header-display":"","ast-hfb-above-header-display":"","ast-hfb-below-header-display":"","ast-hfb-mobile-header-display":"","site-post-title":"disabled","ast-breadcrumbs-content":"","ast-featured-img":"disabled","footer-sml-layout":"","theme-transparent-header-meta":"default","adv-header-id-meta":"","stick-header-meta":"","header-above-stick-meta":"","header-main-stick-meta":"","header-below-stick-meta":"","astra-migrate-meta-layouts":"default","ast-page-background-enabled":"default","ast-page-background-meta":{"desktop":{"background-color":"","background-image":"","background-repeat":"repeat","background-position":"center center","background-size":"auto","background-attachment":"scroll","background-type":"","background-media":"","overlay-type":"","overlay-color":"","overlay-opacity":"","overlay-gradient":""},"tablet":{"background-color":"","background-image":"","background-repeat":"repeat","background-position":"center center","background-size":"auto","background-attachment":"scroll","background-type":"","background-media":"","overlay-type":"","overlay-color":"","overlay-opacity":"","overlay-gradient":""},"mobile":{"background-color":"","background-image":"","background-repeat":"repeat","background-position":"center center","background-size":"auto","background-attachment":"scroll","background-type":"","background-media":"","overlay-type":"","overlay-color":"","overlay-opacity":"","overlay-gradient":""}},"ast-content-background-meta":{"desktop":{"background-color":"var(--ast-global-color-5)","background-image":"","background-repeat":"repeat","background-position":"center center","background-size":"auto","background-attachment":"scroll","background-type":"","background-media":"","overlay-type":"","overlay-color":"","overlay-opacity":"","overlay-gradient":""},"tablet":{"background-color":"var(--ast-global-color-5)","background-image":"","background-repeat":"repeat","background-position":"center center","background-size":"auto","background-attachment":"scroll","background-type":"","background-media":"","overlay-type":"","overlay-color":"","overlay-opacity":"","overlay-gradient":""},"mobile":{"background-color":"var(--ast-global-color-5)","background-image":"","background-repeat":"repeat","background-position":"center center","background-size":"auto","background-attachment":"scroll","background-type":"","background-media":"","overlay-type":"","overlay-color":"","overlay-opacity":"","overlay-gradient":""}},"footnotes":""},"class_list":["post-16868","page","type-page","status-publish","hentry"],"_links":{"self":[{"href":"https:\/\/fjolmenning.arborg.is\/pl\/wp-json\/wp\/v2\/pages\/16868","targetHints":{"allow":["GET"]}}],"collection":[{"href":"https:\/\/fjolmenning.arborg.is\/pl\/wp-json\/wp\/v2\/pages"}],"about":[{"href":"https:\/\/fjolmenning.arborg.is\/pl\/wp-json\/wp\/v2\/types\/page"}],"author":[{"embeddable":true,"href":"https:\/\/fjolmenning.arborg.is\/pl\/wp-json\/wp\/v2\/users\/5"}],"replies":[{"embeddable":true,"href":"https:\/\/fjolmenning.arborg.is\/pl\/wp-json\/wp\/v2\/comments?post=16868"}],"version-history":[{"count":7,"href":"https:\/\/fjolmenning.arborg.is\/pl\/wp-json\/wp\/v2\/pages\/16868\/revisions"}],"predecessor-version":[{"id":18325,"href":"https:\/\/fjolmenning.arborg.is\/pl\/wp-json\/wp\/v2\/pages\/16868\/revisions\/18325"}],"up":[{"embeddable":true,"href":"https:\/\/fjolmenning.arborg.is\/pl\/wp-json\/wp\/v2\/pages\/16512"}],"wp:attachment":[{"href":"https:\/\/fjolmenning.arborg.is\/pl\/wp-json\/wp\/v2\/media?parent=16868"}],"curies":[{"name":"wp","href":"https:\/\/api.w.org\/{rel}","templated":true}]}}