{"id":16861,"date":"2020-11-10T08:12:11","date_gmt":"2020-11-10T08:12:11","guid":{"rendered":"https:\/\/fjolmenning.arborg.is\/?page_id=16861"},"modified":"2025-07-16T14:03:27","modified_gmt":"2025-07-16T14:03:27","slug":"heilsuvera","status":"publish","type":"page","link":"https:\/\/fjolmenning.arborg.is\/pl\/heilsa\/heilsuvera\/","title":{"rendered":"Heilsuvera"},"content":{"rendered":"<h1>\n\t\t\tHeilsuvera\t<\/h1>\n\t<p>Heilsuvera er uppl\u00fdsingavefur \u00fear sem einstaklingar geta n\u00e1\u00f0 \u00ed heilbrig\u00f0isuppl\u00fdsingar um sig \u00far mi\u00f0l\u00e6gum gagnagrunni allra heilbrig\u00f0isstofnana.\u00a0<\/p>\n\t<p>Me\u00f0 a\u00f0gangi a\u00f0 Heilsuveru geta einstaklingar\u00a0fengi\u00f0 yfirs\u00fdn yfir lyfjanotkun s\u00edna, s\u00f3tt rafr\u00e6nt um endurn\u00fdjun lyfse\u00f0la, s\u00e9\u00f0 st\u00f6\u00f0u lyfse\u00f0la \u00ed lyfse\u00f0lag\u00e1tt, s\u00e9\u00f0 ofn\u00e6mi sem hefur veri\u00f0 skr\u00e1\u00f0 \u00ed sj\u00fakraskr\u00e1, s\u00e9\u00f0 framkv\u00e6mdar b\u00f3lusetningar, \u00e1tt \u00f6rugg rafr\u00e6n samskipti vi\u00f0 heilbrig\u00f0isstarfsmenn og b\u00f3ka\u00f0 t\u00edma rafr\u00e6nt \u00e1 heilsug\u00e6slust\u00f6\u00f0. Auk \u00feess er h\u00e6gt a\u00f0 f\u00e1 a\u00f0gang a\u00f0 uppl\u00fdsingum eigin barna a\u00f0 16. \u00e1ra aldri.\u00a0<\/p>\n<p>Szczeg\u00f3\u0142owe informacje:\u00a0<a href=\"https:\/\/www.heilsuvera.is\/pl\/\" target=\"_blank\" rel=\"noopener\">https:\/\/www.heilsuvera.is\/pl\/<\/a><\/p>","protected":false},"excerpt":{"rendered":"<p>Heilsuvera Heilsuvera er uppl\u00fdsingavefur \u00fear sem einstaklingar geta n\u00e1\u00f0 \u00ed heilbrig\u00f0isuppl\u00fdsingar um sig \u00far mi\u00f0l\u00e6gum gagnagrunni allra heilbrig\u00f0isstofnana.\u00a0 Me\u00f0 a\u00f0gangi a\u00f0 Heilsuveru geta einstaklingar\u00a0fengi\u00f0 yfirs\u00fdn yfir lyfjanotkun s\u00edna, s\u00f3tt rafr\u00e6nt um endurn\u00fdjun lyfse\u00f0la, s\u00e9\u00f0 st\u00f6\u00f0u lyfse\u00f0la \u00ed lyfse\u00f0lag\u00e1tt, s\u00e9\u00f0 ofn\u00e6mi sem hefur veri\u00f0 skr\u00e1\u00f0 \u00ed sj\u00fakraskr\u00e1, s\u00e9\u00f0 framkv\u00e6mdar b\u00f3lusetningar, \u00e1tt \u00f6rugg rafr\u00e6n samskipti vi\u00f0 heilbrig\u00f0isstarfsmenn [&hellip;]<\/p>\n","protected":false},"author":5,"featured_media":0,"parent":16512,"menu_order":0,"comment_status":"closed","ping_status":"closed","template":"","meta":{"inline_featured_image":false,"site-sidebar-layout":"no-sidebar","site-content-layout":"page-builder","ast-site-content-layout":"default","site-content-style":"default","site-sidebar-style":"default","ast-global-header-display":"","ast-banner-title-visibility":"","ast-main-header-display":"","ast-hfb-above-header-display":"","ast-hfb-below-header-display":"","ast-hfb-mobile-header-display":"","site-post-title":"disabled","ast-breadcrumbs-content":"","ast-featured-img":"disabled","footer-sml-layout":"","theme-transparent-header-meta":"default","adv-header-id-meta":"","stick-header-meta":"","header-above-stick-meta":"","header-main-stick-meta":"","header-below-stick-meta":"","astra-migrate-meta-layouts":"default","ast-page-background-enabled":"default","ast-page-background-meta":{"desktop":{"background-color":"","background-image":"","background-repeat":"repeat","background-position":"center center","background-size":"auto","background-attachment":"scroll","background-type":"","background-media":"","overlay-type":"","overlay-color":"","overlay-opacity":"","overlay-gradient":""},"tablet":{"background-color":"","background-image":"","background-repeat":"repeat","background-position":"center center","background-size":"auto","background-attachment":"scroll","background-type":"","background-media":"","overlay-type":"","overlay-color":"","overlay-opacity":"","overlay-gradient":""},"mobile":{"background-color":"","background-image":"","background-repeat":"repeat","background-position":"center center","background-size":"auto","background-attachment":"scroll","background-type":"","background-media":"","overlay-type":"","overlay-color":"","overlay-opacity":"","overlay-gradient":""}},"ast-content-background-meta":{"desktop":{"background-color":"var(--ast-global-color-5)","background-image":"","background-repeat":"repeat","background-position":"center center","background-size":"auto","background-attachment":"scroll","background-type":"","background-media":"","overlay-type":"","overlay-color":"","overlay-opacity":"","overlay-gradient":""},"tablet":{"background-color":"var(--ast-global-color-5)","background-image":"","background-repeat":"repeat","background-position":"center center","background-size":"auto","background-attachment":"scroll","background-type":"","background-media":"","overlay-type":"","overlay-color":"","overlay-opacity":"","overlay-gradient":""},"mobile":{"background-color":"var(--ast-global-color-5)","background-image":"","background-repeat":"repeat","background-position":"center center","background-size":"auto","background-attachment":"scroll","background-type":"","background-media":"","overlay-type":"","overlay-color":"","overlay-opacity":"","overlay-gradient":""}},"footnotes":""},"class_list":["post-16861","page","type-page","status-publish","hentry"],"_links":{"self":[{"href":"https:\/\/fjolmenning.arborg.is\/pl\/wp-json\/wp\/v2\/pages\/16861","targetHints":{"allow":["GET"]}}],"collection":[{"href":"https:\/\/fjolmenning.arborg.is\/pl\/wp-json\/wp\/v2\/pages"}],"about":[{"href":"https:\/\/fjolmenning.arborg.is\/pl\/wp-json\/wp\/v2\/types\/page"}],"author":[{"embeddable":true,"href":"https:\/\/fjolmenning.arborg.is\/pl\/wp-json\/wp\/v2\/users\/5"}],"replies":[{"embeddable":true,"href":"https:\/\/fjolmenning.arborg.is\/pl\/wp-json\/wp\/v2\/comments?post=16861"}],"version-history":[{"count":6,"href":"https:\/\/fjolmenning.arborg.is\/pl\/wp-json\/wp\/v2\/pages\/16861\/revisions"}],"predecessor-version":[{"id":18303,"href":"https:\/\/fjolmenning.arborg.is\/pl\/wp-json\/wp\/v2\/pages\/16861\/revisions\/18303"}],"up":[{"embeddable":true,"href":"https:\/\/fjolmenning.arborg.is\/pl\/wp-json\/wp\/v2\/pages\/16512"}],"wp:attachment":[{"href":"https:\/\/fjolmenning.arborg.is\/pl\/wp-json\/wp\/v2\/media?parent=16861"}],"curies":[{"name":"wp","href":"https:\/\/api.w.org\/{rel}","templated":true}]}}