{"id":16858,"date":"2020-11-10T08:10:28","date_gmt":"2020-11-10T08:10:28","guid":{"rendered":"https:\/\/fjolmenning.arborg.is\/?page_id=16858"},"modified":"2025-07-16T14:08:16","modified_gmt":"2025-07-16T14:08:16","slug":"heilbrigdisstofnun-sudurlands","status":"publish","type":"page","link":"https:\/\/fjolmenning.arborg.is\/pl\/heilsa\/heilbrigdisstofnun-sudurlands\/","title":{"rendered":"Heilbrig\u00f0isstofnun Su\u00f0urlands"},"content":{"rendered":"<h1 class=\"translation-block\">Przychodnia Zdrowia Okr\u0119gu Po\u0142udniowego (HSU)<\/h1>\n\t<p>Hlutverk\u00a0Heilbrig\u00f0isstofnunar Su\u00f0urlands\u00a0(HSU)\u00a0er a\u00f0 leggja grunn a\u00f0 skipulagi almennrar heilbrig\u00f0is\u00fej\u00f3nustu og tryggja \u00edb\u00faum og \u00f6\u00f0rum \u00fej\u00f3nustu\u00feegum, s.s. fer\u00f0am\u00f6nnum \u00e1 sv\u00e6\u00f0inu, jafnan a\u00f0gang a\u00f0 bestu heilbrig\u00f0is\u00fej\u00f3nustu sem \u00e1 hverjum t\u00edma er t\u00f6k \u00e1 a\u00f0 veita.\u00a0<\/p>\n\t<p>\u00a0Szczeg\u00f3\u0142owe informacje: <a href=\"https:\/\/island.is\/s\/hsu\/starfsstoedvar-hsu\" target=\"_blank\" rel=\"noopener\">https:\/\/island.is\/s\/hsu\/starfsstoedvar-hsu<\/a><\/p>\n<p>Islandzki Zak\u0142ad Ubezpiecze\u0144 Zdrowotnych pokrywa cz\u0119\u015b\u0107 lub ca\u0142o\u015b\u0107 koszt\u00f3w za us\u0142ugi zdrowotne \u015bwiadczone osobom ubezpieczonym.\u00a0<\/p>\n<p>Szczeg\u00f3\u0142owe informacje: <a href=\"https:\/\/island.is\/s\/sjukratryggingar\/gjaldskra-og-botafjarhaedir\" target=\"_blank\" rel=\"noopener\">https:\/\/island.is\/s\/sjukratryggingar\/gjaldskra-og-botafjarhaedir<\/a><\/p>","protected":false},"excerpt":{"rendered":"<p>Heilbrig\u00f0isstofnun Su\u00f0urlands (HSU) Hlutverk\u00a0Heilbrig\u00f0isstofnunar Su\u00f0urlands\u00a0(HSU)\u00a0er a\u00f0 leggja grunn a\u00f0 skipulagi almennrar heilbrig\u00f0is\u00fej\u00f3nustu og tryggja \u00edb\u00faum og \u00f6\u00f0rum \u00fej\u00f3nustu\u00feegum, s.s. fer\u00f0am\u00f6nnum \u00e1 sv\u00e6\u00f0inu, jafnan a\u00f0gang a\u00f0 bestu heilbrig\u00f0is\u00fej\u00f3nustu sem \u00e1 hverjum t\u00edma er t\u00f6k \u00e1 a\u00f0 veita.\u00a0 \u00a0N\u00e1nari uppl\u00fdsingar: https:\/\/island.is\/s\/hsu\/starfsstoedvar-hsu Sj\u00fakratryggingar \u00cdslands grei\u00f0a hluta af kostna\u00f0i e\u00f0a allan kostna\u00f0 \u00feeirra sem eru sj\u00fakratrygg\u00f0ir vegna heilbrig\u00f0is\u00fej\u00f3nustu.\u00a0 N\u00e1nari [&hellip;]<\/p>\n","protected":false},"author":5,"featured_media":0,"parent":16512,"menu_order":0,"comment_status":"closed","ping_status":"closed","template":"","meta":{"inline_featured_image":false,"site-sidebar-layout":"no-sidebar","site-content-layout":"page-builder","ast-site-content-layout":"default","site-content-style":"default","site-sidebar-style":"default","ast-global-header-display":"","ast-banner-title-visibility":"","ast-main-header-display":"","ast-hfb-above-header-display":"","ast-hfb-below-header-display":"","ast-hfb-mobile-header-display":"","site-post-title":"disabled","ast-breadcrumbs-content":"","ast-featured-img":"disabled","footer-sml-layout":"","theme-transparent-header-meta":"default","adv-header-id-meta":"","stick-header-meta":"","header-above-stick-meta":"","header-main-stick-meta":"","header-below-stick-meta":"","astra-migrate-meta-layouts":"default","ast-page-background-enabled":"default","ast-page-background-meta":{"desktop":{"background-color":"","background-image":"","background-repeat":"repeat","background-position":"center center","background-size":"auto","background-attachment":"scroll","background-type":"","background-media":"","overlay-type":"","overlay-color":"","overlay-opacity":"","overlay-gradient":""},"tablet":{"background-color":"","background-image":"","background-repeat":"repeat","background-position":"center center","background-size":"auto","background-attachment":"scroll","background-type":"","background-media":"","overlay-type":"","overlay-color":"","overlay-opacity":"","overlay-gradient":""},"mobile":{"background-color":"","background-image":"","background-repeat":"repeat","background-position":"center center","background-size":"auto","background-attachment":"scroll","background-type":"","background-media":"","overlay-type":"","overlay-color":"","overlay-opacity":"","overlay-gradient":""}},"ast-content-background-meta":{"desktop":{"background-color":"var(--ast-global-color-5)","background-image":"","background-repeat":"repeat","background-position":"center center","background-size":"auto","background-attachment":"scroll","background-type":"","background-media":"","overlay-type":"","overlay-color":"","overlay-opacity":"","overlay-gradient":""},"tablet":{"background-color":"var(--ast-global-color-5)","background-image":"","background-repeat":"repeat","background-position":"center center","background-size":"auto","background-attachment":"scroll","background-type":"","background-media":"","overlay-type":"","overlay-color":"","overlay-opacity":"","overlay-gradient":""},"mobile":{"background-color":"var(--ast-global-color-5)","background-image":"","background-repeat":"repeat","background-position":"center center","background-size":"auto","background-attachment":"scroll","background-type":"","background-media":"","overlay-type":"","overlay-color":"","overlay-opacity":"","overlay-gradient":""}},"footnotes":""},"class_list":["post-16858","page","type-page","status-publish","hentry"],"_links":{"self":[{"href":"https:\/\/fjolmenning.arborg.is\/pl\/wp-json\/wp\/v2\/pages\/16858","targetHints":{"allow":["GET"]}}],"collection":[{"href":"https:\/\/fjolmenning.arborg.is\/pl\/wp-json\/wp\/v2\/pages"}],"about":[{"href":"https:\/\/fjolmenning.arborg.is\/pl\/wp-json\/wp\/v2\/types\/page"}],"author":[{"embeddable":true,"href":"https:\/\/fjolmenning.arborg.is\/pl\/wp-json\/wp\/v2\/users\/5"}],"replies":[{"embeddable":true,"href":"https:\/\/fjolmenning.arborg.is\/pl\/wp-json\/wp\/v2\/comments?post=16858"}],"version-history":[{"count":9,"href":"https:\/\/fjolmenning.arborg.is\/pl\/wp-json\/wp\/v2\/pages\/16858\/revisions"}],"predecessor-version":[{"id":18308,"href":"https:\/\/fjolmenning.arborg.is\/pl\/wp-json\/wp\/v2\/pages\/16858\/revisions\/18308"}],"up":[{"embeddable":true,"href":"https:\/\/fjolmenning.arborg.is\/pl\/wp-json\/wp\/v2\/pages\/16512"}],"wp:attachment":[{"href":"https:\/\/fjolmenning.arborg.is\/pl\/wp-json\/wp\/v2\/media?parent=16858"}],"curies":[{"name":"wp","href":"https:\/\/api.w.org\/{rel}","templated":true}]}}