{"id":16855,"date":"2020-11-10T08:03:32","date_gmt":"2020-11-10T08:03:32","guid":{"rendered":"https:\/\/fjolmenning.arborg.is\/?page_id=16855"},"modified":"2025-07-16T13:59:06","modified_gmt":"2025-07-16T13:59:06","slug":"fjoltyngi","status":"publish","type":"page","link":"https:\/\/fjolmenning.arborg.is\/pl\/menntun\/fjoltyngi\/","title":{"rendered":"Wieloj\u0119zyczno\u015b\u0107"},"content":{"rendered":"<h1>\n\t\t\tWieloj\u0119zyczno\u015b\u0107\t<\/h1>\n\t<p>Fj\u00f6ltyngi\u00a0er fl\u00f3ki\u00f0 hugtak sem felur \u00ed s\u00e9r notkun \u00e1 tveimur e\u00f0a fleiri\u202ftungum\u00e1lum.\u202fGrundv\u00f6llur fyrir \u00feessari skilgreiningu er tungum\u00e1la kunn\u00e1tta en ekki f\u00e6rnisstig \u00ed\u202f\u00feeim\u202ftungum\u00e1lum.\u202f\u00a0<\/p>\n\t<p><a href=\"https:\/\/fjolmenning.arborg.is\/wp-content\/uploads\/2021\/02\/Leidarvisir-um-studning-vid-modurmal_polska.pdf\" target=\"_blank\" rel=\"noopener\">Informator o wsparciu nauki j\u0119zyka ojczystego\ni aktywnej wieloj\u0119zyczno\u015bci w szko\u0142ach i na zaj\u0119ciach pozalekcyjnych<\/a><\/p>\n<a href=\"https:\/\/fjolmenning.arborg.is\/wp-content\/uploads\/2021\/02\/Leidarvisir-um-studning-vid-modurmal_polska.pdf\" class=\"pdfemb-viewer\" style=\"\" data-width=\"max\" data-height=\"max\" data-mobile-width=\"500\"  data-scrollbar=\"none\" data-download=\"on\" data-tracking=\"on\" data-newwindow=\"on\" data-pagetextbox=\"off\" data-scrolltotop=\"off\" data-startzoom=\"100\" data-startfpzoom=\"100\" data-toolbar=\"bottom\" data-toolbar-fixed=\"off\">Leidarvisir-um-studning-vid-modurmal_islenska<br\/><\/a>\n<p>&nbsp;<\/p>\n\t<p class=\"translation-block\">Projekt wytycznych w zakresie Edukacji dzieci i m\u0142odzie\u017cy z r\u00f3\u017cnych \u015brodowisk j\u0119zykowych i kulturowych<\/p>\n<a href=\"https:\/\/fjolmenning.arborg.is\/wp-content\/uploads\/2020\/12\/Drog-ad-stefnu_mennDrog-ad-stefnu-Menntun-barna-og-ungmenna-med-fjolbreyttan-tungumala-og-menningarbakgrunn_260520.pdf\" class=\"pdfemb-viewer\" style=\"\" data-width=\"max\" data-height=\"max\" data-mobile-width=\"500\"  data-scrollbar=\"none\" data-download=\"on\" data-tracking=\"on\" data-newwindow=\"on\" data-pagetextbox=\"off\" data-scrolltotop=\"off\" data-startzoom=\"100\" data-startfpzoom=\"100\" data-toolbar=\"bottom\" data-toolbar-fixed=\"off\">Dr\u00f6g a\u00f0 stefnu Menntun barna og ungmenna me\u00f0 fj\u00f6lbreyttan tungum\u00e1la- og menningarbakgrunn_260520<br\/><\/a>","protected":false},"excerpt":{"rendered":"<p>Fj\u00f6ltyngi Fj\u00f6ltyngi\u00a0er fl\u00f3ki\u00f0 hugtak sem felur \u00ed s\u00e9r notkun \u00e1 tveimur e\u00f0a fleiri\u202ftungum\u00e1lum.\u202fGrundv\u00f6llur fyrir \u00feessari skilgreiningu er tungum\u00e1la kunn\u00e1tta en ekki f\u00e6rnisstig \u00ed\u202f\u00feeim\u202ftungum\u00e1lum.\u202f\u00a0 Lei\u00f0arv\u00edsir um stu\u00f0ning vi\u00f0 m\u00f3\u00f0urm\u00e1l og virkt fj\u00f6ltyngi \u00ed sk\u00f3la- og fr\u00edstundastarfi &nbsp; Dr\u00f6g a\u00f0 stefnu Menntun barna og ungmenna me\u00f0 fj\u00f6lbreyttan tungum\u00e1la- og menningarbakgrunn<\/p>","protected":false},"author":5,"featured_media":0,"parent":16510,"menu_order":0,"comment_status":"closed","ping_status":"closed","template":"","meta":{"inline_featured_image":false,"site-sidebar-layout":"no-sidebar","site-content-layout":"page-builder","ast-site-content-layout":"default","site-content-style":"default","site-sidebar-style":"default","ast-global-header-display":"","ast-banner-title-visibility":"","ast-main-header-display":"","ast-hfb-above-header-display":"","ast-hfb-below-header-display":"","ast-hfb-mobile-header-display":"","site-post-title":"disabled","ast-breadcrumbs-content":"","ast-featured-img":"disabled","footer-sml-layout":"","theme-transparent-header-meta":"default","adv-header-id-meta":"","stick-header-meta":"","header-above-stick-meta":"","header-main-stick-meta":"","header-below-stick-meta":"","astra-migrate-meta-layouts":"default","ast-page-background-enabled":"default","ast-page-background-meta":{"desktop":{"background-color":"","background-image":"","background-repeat":"repeat","background-position":"center center","background-size":"auto","background-attachment":"scroll","background-type":"","background-media":"","overlay-type":"","overlay-color":"","overlay-opacity":"","overlay-gradient":""},"tablet":{"background-color":"","background-image":"","background-repeat":"repeat","background-position":"center center","background-size":"auto","background-attachment":"scroll","background-type":"","background-media":"","overlay-type":"","overlay-color":"","overlay-opacity":"","overlay-gradient":""},"mobile":{"background-color":"","background-image":"","background-repeat":"repeat","background-position":"center center","background-size":"auto","background-attachment":"scroll","background-type":"","background-media":"","overlay-type":"","overlay-color":"","overlay-opacity":"","overlay-gradient":""}},"ast-content-background-meta":{"desktop":{"background-color":"var(--ast-global-color-5)","background-image":"","background-repeat":"repeat","background-position":"center center","background-size":"auto","background-attachment":"scroll","background-type":"","background-media":"","overlay-type":"","overlay-color":"","overlay-opacity":"","overlay-gradient":""},"tablet":{"background-color":"var(--ast-global-color-5)","background-image":"","background-repeat":"repeat","background-position":"center center","background-size":"auto","background-attachment":"scroll","background-type":"","background-media":"","overlay-type":"","overlay-color":"","overlay-opacity":"","overlay-gradient":""},"mobile":{"background-color":"var(--ast-global-color-5)","background-image":"","background-repeat":"repeat","background-position":"center center","background-size":"auto","background-attachment":"scroll","background-type":"","background-media":"","overlay-type":"","overlay-color":"","overlay-opacity":"","overlay-gradient":""}},"footnotes":""},"class_list":["post-16855","page","type-page","status-publish","hentry"],"_links":{"self":[{"href":"https:\/\/fjolmenning.arborg.is\/pl\/wp-json\/wp\/v2\/pages\/16855","targetHints":{"allow":["GET"]}}],"collection":[{"href":"https:\/\/fjolmenning.arborg.is\/pl\/wp-json\/wp\/v2\/pages"}],"about":[{"href":"https:\/\/fjolmenning.arborg.is\/pl\/wp-json\/wp\/v2\/types\/page"}],"author":[{"embeddable":true,"href":"https:\/\/fjolmenning.arborg.is\/pl\/wp-json\/wp\/v2\/users\/5"}],"replies":[{"embeddable":true,"href":"https:\/\/fjolmenning.arborg.is\/pl\/wp-json\/wp\/v2\/comments?post=16855"}],"version-history":[{"count":19,"href":"https:\/\/fjolmenning.arborg.is\/pl\/wp-json\/wp\/v2\/pages\/16855\/revisions"}],"predecessor-version":[{"id":18290,"href":"https:\/\/fjolmenning.arborg.is\/pl\/wp-json\/wp\/v2\/pages\/16855\/revisions\/18290"}],"up":[{"embeddable":true,"href":"https:\/\/fjolmenning.arborg.is\/pl\/wp-json\/wp\/v2\/pages\/16510"}],"wp:attachment":[{"href":"https:\/\/fjolmenning.arborg.is\/pl\/wp-json\/wp\/v2\/media?parent=16855"}],"curies":[{"name":"wp","href":"https:\/\/api.w.org\/{rel}","templated":true}]}}