{"id":16584,"date":"2020-11-02T16:07:55","date_gmt":"2020-11-02T16:07:55","guid":{"rendered":"https:\/\/fjolmenning.arborg.is\/?page_id=16584"},"modified":"2026-03-13T11:13:48","modified_gmt":"2026-03-13T11:13:48","slug":"fristundar-og-menningardeild","status":"publish","type":"page","link":"https:\/\/fjolmenning.arborg.is\/pl\/ibuar\/fristundar-og-menningardeild\/","title":{"rendered":"Wydzia\u0142 ds. rekreacji i kultury"},"content":{"rendered":"<h1>\n\t\t\tWydzia\u0142 ds. rekreacji i kultury\t<\/h1>\n\t<p>Fr\u00edstundar- og menningardeild heldur utan um m\u00e1laflokka sem tengjast \u00ed\u00fer\u00f3tta-, \u00e6skul\u00fd\u00f0s-, forvarna-, fr\u00edstunda-, atvinnu, safna- og menningarm\u00e1lum.\u00a0<\/p>\n\t<p><b>Zaj\u0119cia rekreacyjne (Fr\u00edstundastarf)<\/b>\u00a0<\/p>\n<p>Kluby sportowe i rekreacyjne w \u00c1rborg oferuj\u0105 r\u00f3\u017cnorodne formy sp\u0119dzania wolnego czasu dla wi\u0119kszo\u015bci grup wiekowych. <\/p>\n<p>Strona internetowa o zaj\u0119ciach rekreacyjnych w gminie \u00c1rborg zawiera kluczowe informacje na temat zaj\u0119\u0107 rekreacyjnych i mo\u017cliwo\u015bci aktywnego sp\u0119dzania wolnego czasu na terenie gminy i jej okolic. Na stronie publikowane s\u0105 informacje na temat wszelkich zaj\u0119\u0107 rekreacyjnych i mo\u017cliwo\u015bci aktywno\u015bci w gminie przez ca\u0142y rok i dla wszystkich grup wiekowych.<\/p>\n<p>Szczeg\u00f3\u0142owe informacje:\u00a0<a href=\"http:\/\/fristundir.arborg.is\/\" target=\"_blank\" rel=\"noopener\">http:\/\/fristundir.arborg.is\/<\/a><\/p>\n<p><b>Dofinansowanie do zaj\u0119\u0107 pozalekcyjnych (Fr\u00edstundastyrkur)<\/b>\u00a0<\/p>\n<p>Foreldrum 4-17 \u00e1ra barna sem b\u00fasett er \u00ed sveitarf\u00e9laginu b\u00fd\u00f0st fr\u00edstundastyrkur fyrir hvert barn en hann er h\u00e6gt a\u00f0 nota til ni\u00f0urgrei\u00f0slu flestra fr\u00edstunda sem standa til bo\u00f0a. \u00a0<\/p>\n<p>Szczeg\u00f3\u0142owe informacje: <a href=\"https:\/\/www.arborg.is\/ibuar\/fristund-og-sundlaugar\/fristundir\/fristundastyrkur\" target=\"_blank\" rel=\"noopener\">https:\/\/www.arborg.is\/ibuar\/fristund-og-sundlaugar\/fristundir\/fristundastyrkur<\/a>\u00a0\u00a0\u00a0<\/p>\n<p><b>Dowozy dzieci na zaj\u0119cia pozalekcyjne (Fr\u00edstundaakstur)<\/b><\/p>\n<p>W dni powszednie oferowane sa specjalne dowozy na terenie gminy, z kt\u00f3rych mog\u0105 skorzysta\u0107 dzieci  np. przemieszczaj\u0105c  sie pomi\u0119dzy treningiem a \u015bwietlic\u0105. Przejazd jest bezp\u0142atny, a autobus kursuje zgodnie z rozk\u0142adem jazdy. <\/p>\n<p>Szczeg\u00f3\u0142owe informacje: <a href=\"https:\/\/www.arborg.is\/ibuar\/fristund-og-sundlaugar\/fristundir\/fristundaakstur\" target=\"_blank\" rel=\"noopener\">https:\/\/www.arborg.is\/ibuar\/fristund-og-sundlaugar\/fristundir\/fristundaakstur<\/a>\u00a0\u00a0<\/p>","protected":false},"excerpt":{"rendered":"<p>Fr\u00edstundar-og menningardeild Fr\u00edstundar- og menningardeild heldur utan um m\u00e1laflokka sem tengjast \u00ed\u00fer\u00f3tta-, \u00e6skul\u00fd\u00f0s-, forvarna-, fr\u00edstunda-, atvinnu, safna- og menningarm\u00e1lum.\u00a0 Fr\u00edstundastarf\u00a0 Fj\u00f6lbreytt fr\u00edstundastarf er \u00ed bo\u00f0i hj\u00e1 \u00ed\u00fer\u00f3tta- og fr\u00edstundaf\u00e9l\u00f6gum \u00ed \u00c1rborg fyrir flesta aldursh\u00f3pa. \u00c1 Fr\u00edstundavefnum \u00c1rborgar eru allar helstu uppl\u00fdsingar um n\u00e1mskei\u00f0 og af\u00fereyingu \u00ed sveitarf\u00e9laginu og n\u00e1grenni \u00feess en markmi\u00f0i\u00f0 er a\u00f0 vefurinn [&hellip;]<\/p>\n","protected":false},"author":4,"featured_media":0,"parent":16503,"menu_order":0,"comment_status":"closed","ping_status":"closed","template":"","meta":{"inline_featured_image":false,"site-sidebar-layout":"no-sidebar","site-content-layout":"page-builder","ast-site-content-layout":"default","site-content-style":"default","site-sidebar-style":"default","ast-global-header-display":"","ast-banner-title-visibility":"","ast-main-header-display":"","ast-hfb-above-header-display":"","ast-hfb-below-header-display":"","ast-hfb-mobile-header-display":"","site-post-title":"disabled","ast-breadcrumbs-content":"","ast-featured-img":"disabled","footer-sml-layout":"","theme-transparent-header-meta":"default","adv-header-id-meta":"","stick-header-meta":"","header-above-stick-meta":"","header-main-stick-meta":"","header-below-stick-meta":"","astra-migrate-meta-layouts":"default","ast-page-background-enabled":"default","ast-page-background-meta":{"desktop":{"background-color":"","background-image":"","background-repeat":"repeat","background-position":"center center","background-size":"auto","background-attachment":"scroll","background-type":"","background-media":"","overlay-type":"","overlay-color":"","overlay-opacity":"","overlay-gradient":""},"tablet":{"background-color":"","background-image":"","background-repeat":"repeat","background-position":"center center","background-size":"auto","background-attachment":"scroll","background-type":"","background-media":"","overlay-type":"","overlay-color":"","overlay-opacity":"","overlay-gradient":""},"mobile":{"background-color":"","background-image":"","background-repeat":"repeat","background-position":"center center","background-size":"auto","background-attachment":"scroll","background-type":"","background-media":"","overlay-type":"","overlay-color":"","overlay-opacity":"","overlay-gradient":""}},"ast-content-background-meta":{"desktop":{"background-color":"var(--ast-global-color-5)","background-image":"","background-repeat":"repeat","background-position":"center center","background-size":"auto","background-attachment":"scroll","background-type":"","background-media":"","overlay-type":"","overlay-color":"","overlay-opacity":"","overlay-gradient":""},"tablet":{"background-color":"var(--ast-global-color-5)","background-image":"","background-repeat":"repeat","background-position":"center center","background-size":"auto","background-attachment":"scroll","background-type":"","background-media":"","overlay-type":"","overlay-color":"","overlay-opacity":"","overlay-gradient":""},"mobile":{"background-color":"var(--ast-global-color-5)","background-image":"","background-repeat":"repeat","background-position":"center center","background-size":"auto","background-attachment":"scroll","background-type":"","background-media":"","overlay-type":"","overlay-color":"","overlay-opacity":"","overlay-gradient":""}},"footnotes":""},"class_list":["post-16584","page","type-page","status-publish","hentry"],"_links":{"self":[{"href":"https:\/\/fjolmenning.arborg.is\/pl\/wp-json\/wp\/v2\/pages\/16584","targetHints":{"allow":["GET"]}}],"collection":[{"href":"https:\/\/fjolmenning.arborg.is\/pl\/wp-json\/wp\/v2\/pages"}],"about":[{"href":"https:\/\/fjolmenning.arborg.is\/pl\/wp-json\/wp\/v2\/types\/page"}],"author":[{"embeddable":true,"href":"https:\/\/fjolmenning.arborg.is\/pl\/wp-json\/wp\/v2\/users\/4"}],"replies":[{"embeddable":true,"href":"https:\/\/fjolmenning.arborg.is\/pl\/wp-json\/wp\/v2\/comments?post=16584"}],"version-history":[{"count":12,"href":"https:\/\/fjolmenning.arborg.is\/pl\/wp-json\/wp\/v2\/pages\/16584\/revisions"}],"predecessor-version":[{"id":18435,"href":"https:\/\/fjolmenning.arborg.is\/pl\/wp-json\/wp\/v2\/pages\/16584\/revisions\/18435"}],"up":[{"embeddable":true,"href":"https:\/\/fjolmenning.arborg.is\/pl\/wp-json\/wp\/v2\/pages\/16503"}],"wp:attachment":[{"href":"https:\/\/fjolmenning.arborg.is\/pl\/wp-json\/wp\/v2\/media?parent=16584"}],"curies":[{"name":"wp","href":"https:\/\/api.w.org\/{rel}","templated":true}]}}