{"id":16580,"date":"2020-11-02T16:02:40","date_gmt":"2020-11-02T16:02:40","guid":{"rendered":"https:\/\/fjolmenning.arborg.is\/?page_id=16580"},"modified":"2025-07-16T11:42:23","modified_gmt":"2025-07-16T11:42:23","slug":"skolathjonusta","status":"publish","type":"page","link":"https:\/\/fjolmenning.arborg.is\/pl\/ibuar\/skolathjonusta\/","title":{"rendered":"Wydzia\u0142 ds. edukacji"},"content":{"rendered":"<h1>\n\t\t\tWydzia\u0142 ds. edukacji\t<\/h1>\n\t<p>Sk\u00f3la\u00fej\u00f3nusta \u00c1rborgar hefur \u00fea\u00f0 a\u00f0 meginmarkmi\u00f0i a\u00f0 efla sk\u00f3lana sem faglegar stofnanir og stu\u00f0la a\u00f0 sameiginlegri lausnaleit faga\u00f0ila og foreldra \u00ed \u00feeim \u00farlausnarefnum sem koma upp.\u202f\u00dear starfa m.a. s\u00e1lfr\u00e6\u00f0ingar, talmeinafr\u00e6\u00f0ingar, kennslur\u00e1\u00f0gjafi, kennslur\u00e1\u00f0gjafi \u00ed fj\u00f6lmenningu og leiksk\u00f3lar\u00e1\u00f0gjafi.\u00a0<\/p>\n\t<p>Szczeg\u00f3\u0142owe informacje na stronie gminy \u00c1rborg:\u00a0<\/p>\n<p><a href=\"https:\/\/www.arborg.is\/stjornsysla\/svid-og-deildir\/fjolskyldusvid\/fraedsluthjonusta\" target=\"_blank\" rel=\"noreferrer noopener\">https:\/\/www.arborg.is\/stjornsysla\/svid-og-deildir\/fjolskyldusvid\/fraedsluthjonusta<\/a>\u00a0<\/p>","protected":false},"excerpt":{"rendered":"<p>Sk\u00f3la\u00fej\u00f3nusta Sk\u00f3la\u00fej\u00f3nusta \u00c1rborgar hefur \u00fea\u00f0 a\u00f0 meginmarkmi\u00f0i a\u00f0 efla sk\u00f3lana sem faglegar stofnanir og stu\u00f0la a\u00f0 sameiginlegri lausnaleit faga\u00f0ila og foreldra \u00ed \u00feeim \u00farlausnarefnum sem koma upp.\u202f\u00dear starfa m.a. s\u00e1lfr\u00e6\u00f0ingar, talmeinafr\u00e6\u00f0ingar, kennslur\u00e1\u00f0gjafi, kennslur\u00e1\u00f0gjafi \u00ed fj\u00f6lmenningu og leiksk\u00f3lar\u00e1\u00f0gjafi.\u00a0 N\u00e1nari uppl\u00fdsingar \u00e1 vefs\u00ed\u00f0u \u00c1rborgar:\u00a0 https:\/\/www.arborg.is\/stjornsysla\/svid-og-deildir\/fjolskyldusvid\/fraedsluthjonusta\u00a0<\/p>","protected":false},"author":4,"featured_media":0,"parent":16503,"menu_order":0,"comment_status":"closed","ping_status":"closed","template":"","meta":{"inline_featured_image":false,"site-sidebar-layout":"no-sidebar","site-content-layout":"page-builder","ast-site-content-layout":"default","site-content-style":"default","site-sidebar-style":"default","ast-global-header-display":"","ast-banner-title-visibility":"","ast-main-header-display":"","ast-hfb-above-header-display":"","ast-hfb-below-header-display":"","ast-hfb-mobile-header-display":"","site-post-title":"disabled","ast-breadcrumbs-content":"","ast-featured-img":"disabled","footer-sml-layout":"","theme-transparent-header-meta":"default","adv-header-id-meta":"","stick-header-meta":"","header-above-stick-meta":"","header-main-stick-meta":"","header-below-stick-meta":"","astra-migrate-meta-layouts":"default","ast-page-background-enabled":"default","ast-page-background-meta":{"desktop":{"background-color":"","background-image":"","background-repeat":"repeat","background-position":"center center","background-size":"auto","background-attachment":"scroll","background-type":"","background-media":"","overlay-type":"","overlay-color":"","overlay-opacity":"","overlay-gradient":""},"tablet":{"background-color":"","background-image":"","background-repeat":"repeat","background-position":"center center","background-size":"auto","background-attachment":"scroll","background-type":"","background-media":"","overlay-type":"","overlay-color":"","overlay-opacity":"","overlay-gradient":""},"mobile":{"background-color":"","background-image":"","background-repeat":"repeat","background-position":"center center","background-size":"auto","background-attachment":"scroll","background-type":"","background-media":"","overlay-type":"","overlay-color":"","overlay-opacity":"","overlay-gradient":""}},"ast-content-background-meta":{"desktop":{"background-color":"var(--ast-global-color-5)","background-image":"","background-repeat":"repeat","background-position":"center center","background-size":"auto","background-attachment":"scroll","background-type":"","background-media":"","overlay-type":"","overlay-color":"","overlay-opacity":"","overlay-gradient":""},"tablet":{"background-color":"var(--ast-global-color-5)","background-image":"","background-repeat":"repeat","background-position":"center center","background-size":"auto","background-attachment":"scroll","background-type":"","background-media":"","overlay-type":"","overlay-color":"","overlay-opacity":"","overlay-gradient":""},"mobile":{"background-color":"var(--ast-global-color-5)","background-image":"","background-repeat":"repeat","background-position":"center center","background-size":"auto","background-attachment":"scroll","background-type":"","background-media":"","overlay-type":"","overlay-color":"","overlay-opacity":"","overlay-gradient":""}},"footnotes":""},"class_list":["post-16580","page","type-page","status-publish","hentry"],"_links":{"self":[{"href":"https:\/\/fjolmenning.arborg.is\/pl\/wp-json\/wp\/v2\/pages\/16580","targetHints":{"allow":["GET"]}}],"collection":[{"href":"https:\/\/fjolmenning.arborg.is\/pl\/wp-json\/wp\/v2\/pages"}],"about":[{"href":"https:\/\/fjolmenning.arborg.is\/pl\/wp-json\/wp\/v2\/types\/page"}],"author":[{"embeddable":true,"href":"https:\/\/fjolmenning.arborg.is\/pl\/wp-json\/wp\/v2\/users\/4"}],"replies":[{"embeddable":true,"href":"https:\/\/fjolmenning.arborg.is\/pl\/wp-json\/wp\/v2\/comments?post=16580"}],"version-history":[{"count":8,"href":"https:\/\/fjolmenning.arborg.is\/pl\/wp-json\/wp\/v2\/pages\/16580\/revisions"}],"predecessor-version":[{"id":18216,"href":"https:\/\/fjolmenning.arborg.is\/pl\/wp-json\/wp\/v2\/pages\/16580\/revisions\/18216"}],"up":[{"embeddable":true,"href":"https:\/\/fjolmenning.arborg.is\/pl\/wp-json\/wp\/v2\/pages\/16503"}],"wp:attachment":[{"href":"https:\/\/fjolmenning.arborg.is\/pl\/wp-json\/wp\/v2\/media?parent=16580"}],"curies":[{"name":"wp","href":"https:\/\/api.w.org\/{rel}","templated":true}]}}