{"id":16575,"date":"2020-11-02T15:54:19","date_gmt":"2020-11-02T15:54:19","guid":{"rendered":"https:\/\/fjolmenning.arborg.is\/?page_id=16575"},"modified":"2025-07-16T11:44:52","modified_gmt":"2025-07-16T11:44:52","slug":"felagsthjonusta","status":"publish","type":"page","link":"https:\/\/fjolmenning.arborg.is\/pl\/ibuar\/felagsthjonusta\/","title":{"rendered":"Opieka spo\u0142eczna"},"content":{"rendered":"<h1>\n\t\t\tOpieka spo\u0142eczna\t<\/h1>\n\t<p>Opieka spo\u0142eczna (Velfer\u00f0ar\u00fej\u00f3nusta) w Gminie \u00c1rborg zajmuje si\u0119 kwestiami zwi\u0105zanymi z ochron\u0105 dzieci, seniorami, poradnictwem spo\u0142ecznym, pomoc\u0105 finansow\u0105, osobami niepe\u0142nosprawnymi i sprawami mieszkaniowymi w gminie.<\/p>\n\t<p>Szczeg\u00f3\u0142owe informacje na stronie gminy \u00c1rborg:\u00a0<\/p>\n<p><a href=\"https:\/\/www.arborg.is\/ibuar\/felagsthjonusta\/fullordinsteymi\/\" target=\"_blank\" rel=\"noopener\">https:\/\/www.arborg.is\/ibuar\/felagsthjonusta\/fullordinsteymi\/<\/a> <\/p>","protected":false},"excerpt":{"rendered":"<p>Velfer\u00f0ar\u00fej\u00f3nusta Velfer\u00f0ar\u00fej\u00f3nusta \u00c1rborgar heldur utan um \u00fe\u00e1 m\u00e1laflokka sem tengjast barnavernd, eldri borgurum, f\u00e9lagslegri r\u00e1\u00f0gj\u00f6f, fj\u00e1rhagsa\u00f0sto\u00f0, f\u00f3lki me\u00f0 f\u00f6tlun og h\u00fasn\u00e6\u00f0ism\u00e1lum \u00ed Sveitarf\u00e9laginu \u00c1rborg. N\u00e1nari uppl\u00fdsingar \u00e1 vefs\u00ed\u00f0u \u00c1rborgar:\u00a0 https:\/\/www.arborg.is\/ibuar\/felagsthjonusta\/fullordinsteymi\/<\/p>","protected":false},"author":4,"featured_media":0,"parent":16503,"menu_order":0,"comment_status":"closed","ping_status":"closed","template":"","meta":{"inline_featured_image":false,"site-sidebar-layout":"no-sidebar","site-content-layout":"page-builder","ast-site-content-layout":"default","site-content-style":"default","site-sidebar-style":"default","ast-global-header-display":"","ast-banner-title-visibility":"","ast-main-header-display":"","ast-hfb-above-header-display":"","ast-hfb-below-header-display":"","ast-hfb-mobile-header-display":"","site-post-title":"disabled","ast-breadcrumbs-content":"","ast-featured-img":"disabled","footer-sml-layout":"","theme-transparent-header-meta":"default","adv-header-id-meta":"","stick-header-meta":"","header-above-stick-meta":"","header-main-stick-meta":"","header-below-stick-meta":"","astra-migrate-meta-layouts":"default","ast-page-background-enabled":"default","ast-page-background-meta":{"desktop":{"background-color":"","background-image":"","background-repeat":"repeat","background-position":"center center","background-size":"auto","background-attachment":"scroll","background-type":"","background-media":"","overlay-type":"","overlay-color":"","overlay-opacity":"","overlay-gradient":""},"tablet":{"background-color":"","background-image":"","background-repeat":"repeat","background-position":"center center","background-size":"auto","background-attachment":"scroll","background-type":"","background-media":"","overlay-type":"","overlay-color":"","overlay-opacity":"","overlay-gradient":""},"mobile":{"background-color":"","background-image":"","background-repeat":"repeat","background-position":"center center","background-size":"auto","background-attachment":"scroll","background-type":"","background-media":"","overlay-type":"","overlay-color":"","overlay-opacity":"","overlay-gradient":""}},"ast-content-background-meta":{"desktop":{"background-color":"var(--ast-global-color-5)","background-image":"","background-repeat":"repeat","background-position":"center center","background-size":"auto","background-attachment":"scroll","background-type":"","background-media":"","overlay-type":"","overlay-color":"","overlay-opacity":"","overlay-gradient":""},"tablet":{"background-color":"var(--ast-global-color-5)","background-image":"","background-repeat":"repeat","background-position":"center center","background-size":"auto","background-attachment":"scroll","background-type":"","background-media":"","overlay-type":"","overlay-color":"","overlay-opacity":"","overlay-gradient":""},"mobile":{"background-color":"var(--ast-global-color-5)","background-image":"","background-repeat":"repeat","background-position":"center center","background-size":"auto","background-attachment":"scroll","background-type":"","background-media":"","overlay-type":"","overlay-color":"","overlay-opacity":"","overlay-gradient":""}},"footnotes":""},"class_list":["post-16575","page","type-page","status-publish","hentry"],"_links":{"self":[{"href":"https:\/\/fjolmenning.arborg.is\/pl\/wp-json\/wp\/v2\/pages\/16575","targetHints":{"allow":["GET"]}}],"collection":[{"href":"https:\/\/fjolmenning.arborg.is\/pl\/wp-json\/wp\/v2\/pages"}],"about":[{"href":"https:\/\/fjolmenning.arborg.is\/pl\/wp-json\/wp\/v2\/types\/page"}],"author":[{"embeddable":true,"href":"https:\/\/fjolmenning.arborg.is\/pl\/wp-json\/wp\/v2\/users\/4"}],"replies":[{"embeddable":true,"href":"https:\/\/fjolmenning.arborg.is\/pl\/wp-json\/wp\/v2\/comments?post=16575"}],"version-history":[{"count":9,"href":"https:\/\/fjolmenning.arborg.is\/pl\/wp-json\/wp\/v2\/pages\/16575\/revisions"}],"predecessor-version":[{"id":18218,"href":"https:\/\/fjolmenning.arborg.is\/pl\/wp-json\/wp\/v2\/pages\/16575\/revisions\/18218"}],"up":[{"embeddable":true,"href":"https:\/\/fjolmenning.arborg.is\/pl\/wp-json\/wp\/v2\/pages\/16503"}],"wp:attachment":[{"href":"https:\/\/fjolmenning.arborg.is\/pl\/wp-json\/wp\/v2\/media?parent=16575"}],"curies":[{"name":"wp","href":"https:\/\/api.w.org\/{rel}","templated":true}]}}