{"id":18025,"date":"2024-03-01T10:11:38","date_gmt":"2024-03-01T10:11:38","guid":{"rendered":"https:\/\/fjolmenning.arborg.is\/?page_id=18025"},"modified":"2025-07-16T13:42:02","modified_gmt":"2025-07-16T13:42:02","slug":"hinsegin-folk","status":"publish","type":"page","link":"https:\/\/fjolmenning.arborg.is\/en\/hinsegin-folk\/","title":{"rendered":"LGBT+"},"content":{"rendered":"<h1>\n\t\t\tLGBT+\t<\/h1>\n\t<p>A website about LGBT+ people with explanations and personal stories: <a href=\"https:\/\/otila.is\/\" target=\"_blank\" rel=\"noopener\">https:\/\/otila.is\/<\/a><\/p>\n<p>Samt\u00f6kin &#8217;78 eru hagsmunasamt\u00f6k hinsegin f\u00f3lks \u00e1 \u00cdslandi: <a href=\"https:\/\/samtokin78.is\/\" target=\"_blank\" rel=\"noopener\">https:\/\/samtokin78.is\/<\/a><\/p>","protected":false},"excerpt":{"rendered":"<p>Hinsegin f\u00f3lk Vefs\u00ed\u00f0a um hinsegin f\u00f3lk me\u00f0 sk\u00fdringum og reynslus\u00f6gum: https:\/\/otila.is\/ Samt\u00f6kin &#8217;78 eru hagsmunasamt\u00f6k hinsegin f\u00f3lks \u00e1 \u00cdslandi: https:\/\/samtokin78.is\/<\/p>","protected":false},"author":4,"featured_media":0,"parent":0,"menu_order":0,"comment_status":"closed","ping_status":"closed","template":"","meta":{"inline_featured_image":false,"site-sidebar-layout":"default","site-content-layout":"default","ast-site-content-layout":"default","site-content-style":"default","site-sidebar-style":"default","ast-global-header-display":"","ast-banner-title-visibility":"","ast-main-header-display":"","ast-hfb-above-header-display":"","ast-hfb-below-header-display":"","ast-hfb-mobile-header-display":"","site-post-title":"disabled","ast-breadcrumbs-content":"","ast-featured-img":"","footer-sml-layout":"","theme-transparent-header-meta":"default","adv-header-id-meta":"","stick-header-meta":"","header-above-stick-meta":"","header-main-stick-meta":"","header-below-stick-meta":"","astra-migrate-meta-layouts":"default","ast-page-background-enabled":"default","ast-page-background-meta":{"desktop":{"background-color":"","background-image":"","background-repeat":"repeat","background-position":"center center","background-size":"auto","background-attachment":"scroll","background-type":"","background-media":"","overlay-type":"","overlay-color":"","overlay-opacity":"","overlay-gradient":""},"tablet":{"background-color":"","background-image":"","background-repeat":"repeat","background-position":"center center","background-size":"auto","background-attachment":"scroll","background-type":"","background-media":"","overlay-type":"","overlay-color":"","overlay-opacity":"","overlay-gradient":""},"mobile":{"background-color":"","background-image":"","background-repeat":"repeat","background-position":"center center","background-size":"auto","background-attachment":"scroll","background-type":"","background-media":"","overlay-type":"","overlay-color":"","overlay-opacity":"","overlay-gradient":""}},"ast-content-background-meta":{"desktop":{"background-color":"var(--ast-global-color-5)","background-image":"","background-repeat":"repeat","background-position":"center center","background-size":"auto","background-attachment":"scroll","background-type":"","background-media":"","overlay-type":"","overlay-color":"","overlay-opacity":"","overlay-gradient":""},"tablet":{"background-color":"var(--ast-global-color-5)","background-image":"","background-repeat":"repeat","background-position":"center center","background-size":"auto","background-attachment":"scroll","background-type":"","background-media":"","overlay-type":"","overlay-color":"","overlay-opacity":"","overlay-gradient":""},"mobile":{"background-color":"var(--ast-global-color-5)","background-image":"","background-repeat":"repeat","background-position":"center center","background-size":"auto","background-attachment":"scroll","background-type":"","background-media":"","overlay-type":"","overlay-color":"","overlay-opacity":"","overlay-gradient":""}},"footnotes":""},"class_list":["post-18025","page","type-page","status-publish","hentry"],"_links":{"self":[{"href":"https:\/\/fjolmenning.arborg.is\/en\/wp-json\/wp\/v2\/pages\/18025","targetHints":{"allow":["GET"]}}],"collection":[{"href":"https:\/\/fjolmenning.arborg.is\/en\/wp-json\/wp\/v2\/pages"}],"about":[{"href":"https:\/\/fjolmenning.arborg.is\/en\/wp-json\/wp\/v2\/types\/page"}],"author":[{"embeddable":true,"href":"https:\/\/fjolmenning.arborg.is\/en\/wp-json\/wp\/v2\/users\/4"}],"replies":[{"embeddable":true,"href":"https:\/\/fjolmenning.arborg.is\/en\/wp-json\/wp\/v2\/comments?post=18025"}],"version-history":[{"count":7,"href":"https:\/\/fjolmenning.arborg.is\/en\/wp-json\/wp\/v2\/pages\/18025\/revisions"}],"predecessor-version":[{"id":18261,"href":"https:\/\/fjolmenning.arborg.is\/en\/wp-json\/wp\/v2\/pages\/18025\/revisions\/18261"}],"wp:attachment":[{"href":"https:\/\/fjolmenning.arborg.is\/en\/wp-json\/wp\/v2\/media?parent=18025"}],"curies":[{"name":"wp","href":"https:\/\/api.w.org\/{rel}","templated":true}]}}