{"id":17935,"date":"2023-09-08T10:32:34","date_gmt":"2023-09-08T10:32:34","guid":{"rendered":"https:\/\/fjolmenning.arborg.is\/?page_id=17935"},"modified":"2025-07-16T13:50:27","modified_gmt":"2025-07-16T13:50:27","slug":"farsaeld-barna","status":"publish","type":"page","link":"https:\/\/fjolmenning.arborg.is\/en\/menntun\/farsaeld-barna\/","title":{"rendered":"Children's prosperity (Fars\u00e6ld barna)"},"content":{"rendered":"<h1>\n\t\t\tChildren's prosperity (Fars\u00e6ld barna)\t<\/h1>\n\t<p>Act on the Integration of Services in \nthe Interest of Children\u2019s Prosperity (Fars\u00e6ldarl\u00f6gin) ensures that children and their families do not fall between various supportive systems and are not left on their own when communicating with service providers within municipalities and government agencies.<\/p>\n\t<p>Further information: <a href=\"https:\/\/www.farsaeldbarna.is\/\" target=\"_blank\" rel=\"noopener\">https:\/\/www.farsaeldbarna.is\/<\/a><\/p>","protected":false},"excerpt":{"rendered":"<p>Fars\u00e6ld barna Fars\u00e6ldarl\u00f6gin tryggja a\u00f0 b\u00f6rn og fj\u00f6lskyldur \u00feeirra falli ekki \u00e1 milli kerfa og ver\u00f0i ekki send \u00e1 eigin \u00e1byrg\u00f0 milli \u00fej\u00f3nustua\u00f0ila innan sveitarf\u00e9laga og r\u00edkisstofnana. N\u00e1nari uppl\u00fdsingar: https:\/\/www.farsaeldbarna.is\/<\/p>","protected":false},"author":5,"featured_media":0,"parent":16510,"menu_order":0,"comment_status":"closed","ping_status":"closed","template":"","meta":{"inline_featured_image":false,"site-sidebar-layout":"no-sidebar","site-content-layout":"page-builder","ast-site-content-layout":"default","site-content-style":"default","site-sidebar-style":"default","ast-global-header-display":"","ast-banner-title-visibility":"","ast-main-header-display":"","ast-hfb-above-header-display":"","ast-hfb-below-header-display":"","ast-hfb-mobile-header-display":"","site-post-title":"disabled","ast-breadcrumbs-content":"","ast-featured-img":"disabled","footer-sml-layout":"","theme-transparent-header-meta":"default","adv-header-id-meta":"","stick-header-meta":"","header-above-stick-meta":"","header-main-stick-meta":"","header-below-stick-meta":"","astra-migrate-meta-layouts":"default","ast-page-background-enabled":"default","ast-page-background-meta":{"desktop":{"background-color":"","background-image":"","background-repeat":"repeat","background-position":"center center","background-size":"auto","background-attachment":"scroll","background-type":"","background-media":"","overlay-type":"","overlay-color":"","overlay-opacity":"","overlay-gradient":""},"tablet":{"background-color":"","background-image":"","background-repeat":"repeat","background-position":"center center","background-size":"auto","background-attachment":"scroll","background-type":"","background-media":"","overlay-type":"","overlay-color":"","overlay-opacity":"","overlay-gradient":""},"mobile":{"background-color":"","background-image":"","background-repeat":"repeat","background-position":"center center","background-size":"auto","background-attachment":"scroll","background-type":"","background-media":"","overlay-type":"","overlay-color":"","overlay-opacity":"","overlay-gradient":""}},"ast-content-background-meta":{"desktop":{"background-color":"var(--ast-global-color-5)","background-image":"","background-repeat":"repeat","background-position":"center center","background-size":"auto","background-attachment":"scroll","background-type":"","background-media":"","overlay-type":"","overlay-color":"","overlay-opacity":"","overlay-gradient":""},"tablet":{"background-color":"var(--ast-global-color-5)","background-image":"","background-repeat":"repeat","background-position":"center center","background-size":"auto","background-attachment":"scroll","background-type":"","background-media":"","overlay-type":"","overlay-color":"","overlay-opacity":"","overlay-gradient":""},"mobile":{"background-color":"var(--ast-global-color-5)","background-image":"","background-repeat":"repeat","background-position":"center center","background-size":"auto","background-attachment":"scroll","background-type":"","background-media":"","overlay-type":"","overlay-color":"","overlay-opacity":"","overlay-gradient":""}},"footnotes":""},"class_list":["post-17935","page","type-page","status-publish","hentry"],"_links":{"self":[{"href":"https:\/\/fjolmenning.arborg.is\/en\/wp-json\/wp\/v2\/pages\/17935","targetHints":{"allow":["GET"]}}],"collection":[{"href":"https:\/\/fjolmenning.arborg.is\/en\/wp-json\/wp\/v2\/pages"}],"about":[{"href":"https:\/\/fjolmenning.arborg.is\/en\/wp-json\/wp\/v2\/types\/page"}],"author":[{"embeddable":true,"href":"https:\/\/fjolmenning.arborg.is\/en\/wp-json\/wp\/v2\/users\/5"}],"replies":[{"embeddable":true,"href":"https:\/\/fjolmenning.arborg.is\/en\/wp-json\/wp\/v2\/comments?post=17935"}],"version-history":[{"count":3,"href":"https:\/\/fjolmenning.arborg.is\/en\/wp-json\/wp\/v2\/pages\/17935\/revisions"}],"predecessor-version":[{"id":18273,"href":"https:\/\/fjolmenning.arborg.is\/en\/wp-json\/wp\/v2\/pages\/17935\/revisions\/18273"}],"up":[{"embeddable":true,"href":"https:\/\/fjolmenning.arborg.is\/en\/wp-json\/wp\/v2\/pages\/16510"}],"wp:attachment":[{"href":"https:\/\/fjolmenning.arborg.is\/en\/wp-json\/wp\/v2\/media?parent=17935"}],"curies":[{"name":"wp","href":"https:\/\/api.w.org\/{rel}","templated":true}]}}