{"id":17816,"date":"2022-08-25T10:24:17","date_gmt":"2022-08-25T10:24:17","guid":{"rendered":"https:\/\/fjolmenning.arborg.is\/?page_id=17816"},"modified":"2025-07-16T13:50:59","modified_gmt":"2025-07-16T13:50:59","slug":"barnasattmali-sameinudu-thjodanna","status":"publish","type":"page","link":"https:\/\/fjolmenning.arborg.is\/en\/menntun\/barnasattmali-sameinudu-thjodanna\/","title":{"rendered":"The Convention on the Rights of the child"},"content":{"rendered":"<h1>\n\t\t\tThe Convention on the Rights of the child\t<\/h1>\n\t<p>The Convention on the Rights of the Child (UNCRC or CRC) includes international recognition that the world's children need special protection beyond adults. It confirms that children are autonomous individuals with full and independent rights regardless of the rights of adults. All those involved in the affairs of children should make every effort to implement the Convention. This refers to the government, parents, schools and all others who work with children or for children.<\/p>\n\t<p>Further information:\u00a0<a href=\"https:\/\/www.barnasattmali.is\/en\" target=\"_blank\" rel=\"noopener\">https:\/\/www.barnasattmali.is\/en<\/a><\/p>","protected":false},"excerpt":{"rendered":"<p>Barnas\u00e1ttm\u00e1li Sameinu\u00f0u \u00dej\u00f3\u00f0anna Barnas\u00e1ttm\u00e1linn felur \u00ed s\u00e9r al\u00fej\u00f3\u00f0lega vi\u00f0urkenningu \u00e1 a\u00f0 b\u00f6rn heimsins \u00fearfnist s\u00e9rstakrar verndar umfram hina fullor\u00f0nu. Hann sta\u00f0festir a\u00f0 b\u00f6rn eru sj\u00e1lfst\u00e6\u00f0ir einstaklingar me\u00f0 fullgild r\u00e9ttindi \u00f3h\u00e1\u00f0 r\u00e9ttindum fullor\u00f0inna. \u00d6llum \u00feeim sem koma a\u00f0 m\u00e1lefnum barna ber a\u00f0 gera \u00fea\u00f0 sem \u00ed \u00feeirra valdi stendur til a\u00f0 framfylgja samningnum. H\u00e9r er \u00e1tt [&hellip;]<\/p>\n","protected":false},"author":5,"featured_media":0,"parent":16510,"menu_order":0,"comment_status":"closed","ping_status":"closed","template":"","meta":{"inline_featured_image":false,"site-sidebar-layout":"no-sidebar","site-content-layout":"page-builder","ast-site-content-layout":"default","site-content-style":"default","site-sidebar-style":"default","ast-global-header-display":"","ast-banner-title-visibility":"","ast-main-header-display":"","ast-hfb-above-header-display":"","ast-hfb-below-header-display":"","ast-hfb-mobile-header-display":"","site-post-title":"disabled","ast-breadcrumbs-content":"","ast-featured-img":"disabled","footer-sml-layout":"","theme-transparent-header-meta":"default","adv-header-id-meta":"","stick-header-meta":"","header-above-stick-meta":"","header-main-stick-meta":"","header-below-stick-meta":"","astra-migrate-meta-layouts":"default","ast-page-background-enabled":"default","ast-page-background-meta":{"desktop":{"background-color":"","background-image":"","background-repeat":"repeat","background-position":"center center","background-size":"auto","background-attachment":"scroll","background-type":"","background-media":"","overlay-type":"","overlay-color":"","overlay-opacity":"","overlay-gradient":""},"tablet":{"background-color":"","background-image":"","background-repeat":"repeat","background-position":"center center","background-size":"auto","background-attachment":"scroll","background-type":"","background-media":"","overlay-type":"","overlay-color":"","overlay-opacity":"","overlay-gradient":""},"mobile":{"background-color":"","background-image":"","background-repeat":"repeat","background-position":"center center","background-size":"auto","background-attachment":"scroll","background-type":"","background-media":"","overlay-type":"","overlay-color":"","overlay-opacity":"","overlay-gradient":""}},"ast-content-background-meta":{"desktop":{"background-color":"var(--ast-global-color-5)","background-image":"","background-repeat":"repeat","background-position":"center center","background-size":"auto","background-attachment":"scroll","background-type":"","background-media":"","overlay-type":"","overlay-color":"","overlay-opacity":"","overlay-gradient":""},"tablet":{"background-color":"var(--ast-global-color-5)","background-image":"","background-repeat":"repeat","background-position":"center center","background-size":"auto","background-attachment":"scroll","background-type":"","background-media":"","overlay-type":"","overlay-color":"","overlay-opacity":"","overlay-gradient":""},"mobile":{"background-color":"var(--ast-global-color-5)","background-image":"","background-repeat":"repeat","background-position":"center center","background-size":"auto","background-attachment":"scroll","background-type":"","background-media":"","overlay-type":"","overlay-color":"","overlay-opacity":"","overlay-gradient":""}},"footnotes":""},"class_list":["post-17816","page","type-page","status-publish","hentry"],"_links":{"self":[{"href":"https:\/\/fjolmenning.arborg.is\/en\/wp-json\/wp\/v2\/pages\/17816","targetHints":{"allow":["GET"]}}],"collection":[{"href":"https:\/\/fjolmenning.arborg.is\/en\/wp-json\/wp\/v2\/pages"}],"about":[{"href":"https:\/\/fjolmenning.arborg.is\/en\/wp-json\/wp\/v2\/types\/page"}],"author":[{"embeddable":true,"href":"https:\/\/fjolmenning.arborg.is\/en\/wp-json\/wp\/v2\/users\/5"}],"replies":[{"embeddable":true,"href":"https:\/\/fjolmenning.arborg.is\/en\/wp-json\/wp\/v2\/comments?post=17816"}],"version-history":[{"count":3,"href":"https:\/\/fjolmenning.arborg.is\/en\/wp-json\/wp\/v2\/pages\/17816\/revisions"}],"predecessor-version":[{"id":18275,"href":"https:\/\/fjolmenning.arborg.is\/en\/wp-json\/wp\/v2\/pages\/17816\/revisions\/18275"}],"up":[{"embeddable":true,"href":"https:\/\/fjolmenning.arborg.is\/en\/wp-json\/wp\/v2\/pages\/16510"}],"wp:attachment":[{"href":"https:\/\/fjolmenning.arborg.is\/en\/wp-json\/wp\/v2\/media?parent=17816"}],"curies":[{"name":"wp","href":"https:\/\/api.w.org\/{rel}","templated":true}]}}