{"id":17622,"date":"2021-07-29T13:36:03","date_gmt":"2021-07-29T13:36:03","guid":{"rendered":"https:\/\/fjolmenning.arborg.is\/?page_id=17622"},"modified":"2025-07-16T11:50:18","modified_gmt":"2025-07-16T11:50:18","slug":"flottamenn","status":"publish","type":"page","link":"https:\/\/fjolmenning.arborg.is\/en\/flottamenn\/","title":{"rendered":"Refugees"},"content":{"rendered":"<h1>\n\t\t\tRefugees\t<\/h1>\n\t<p>The Municipality of \u00c1rborg participates in the refugee reception project.<\/p>\n\t<p>The Multicultural Centre's website provides information leaflets for those who have just been granted international protection in Iceland. Various information is included, e.g. on registration in important systems, employment, housing, children and young people, health care and health and safety. Languages available are English, Spanish, Arabic, Persian and Kurdish (sorani).<\/p>\n<p>Further information:\u00a0\u00a0<a href=\"https:\/\/mcc.is\/is\/fagfolk\/mottaka-flottafolks\/samraemd-mottaka-flottafolks\" target=\"_blank\" rel=\"noopener\">https:\/\/www.mcc.is\/fagfolk\/upplysingar-fyrir-flottafolk\/<\/a><\/p>","protected":false},"excerpt":{"rendered":"<p>Fl\u00f3ttamenn Sveitarf\u00e9lagi\u00f0 \u00c1rborgar er m\u00f3tt\u00f6kusveitarf\u00e9lag vi\u00f0 fl\u00f3ttaf\u00f3lk. \u00c1 vefs\u00ed\u00f0u Fj\u00f6lmenningarseturs er a\u00f0 finna uppl\u00fdsingab\u00e6klinga fyrir \u00fe\u00e1 sem hafa n\u00fdveri\u00f0 fengi\u00f0 veitta al\u00fej\u00f3\u00f0lega vernd \u00e1 \u00cdslandi. Um er a\u00f0 r\u00e6\u00f0a uppl\u00fdsingar um skr\u00e1ningu \u00ed helstu kerfi, atvinnum\u00e1l, h\u00fasn\u00e6\u00f0ism\u00e1l, b\u00f6rn og ungmenni, heilbrig\u00f0is\u00fej\u00f3nustu og heilsu og \u00f6ryggi. Tungum\u00e1l \u00ed bo\u00f0i \u00fear eru enska, sp\u00e6nska, arab\u00edska, persneska og [&hellip;]<\/p>\n","protected":false},"author":4,"featured_media":0,"parent":0,"menu_order":0,"comment_status":"closed","ping_status":"closed","template":"","meta":{"inline_featured_image":false,"site-sidebar-layout":"no-sidebar","site-content-layout":"page-builder","ast-site-content-layout":"default","site-content-style":"default","site-sidebar-style":"default","ast-global-header-display":"","ast-banner-title-visibility":"","ast-main-header-display":"","ast-hfb-above-header-display":"","ast-hfb-below-header-display":"","ast-hfb-mobile-header-display":"","site-post-title":"disabled","ast-breadcrumbs-content":"","ast-featured-img":"disabled","footer-sml-layout":"","theme-transparent-header-meta":"default","adv-header-id-meta":"","stick-header-meta":"","header-above-stick-meta":"","header-main-stick-meta":"","header-below-stick-meta":"","astra-migrate-meta-layouts":"default","ast-page-background-enabled":"default","ast-page-background-meta":{"desktop":{"background-color":"","background-image":"","background-repeat":"repeat","background-position":"center center","background-size":"auto","background-attachment":"scroll","background-type":"","background-media":"","overlay-type":"","overlay-color":"","overlay-opacity":"","overlay-gradient":""},"tablet":{"background-color":"","background-image":"","background-repeat":"repeat","background-position":"center center","background-size":"auto","background-attachment":"scroll","background-type":"","background-media":"","overlay-type":"","overlay-color":"","overlay-opacity":"","overlay-gradient":""},"mobile":{"background-color":"","background-image":"","background-repeat":"repeat","background-position":"center center","background-size":"auto","background-attachment":"scroll","background-type":"","background-media":"","overlay-type":"","overlay-color":"","overlay-opacity":"","overlay-gradient":""}},"ast-content-background-meta":{"desktop":{"background-color":"var(--ast-global-color-5)","background-image":"","background-repeat":"repeat","background-position":"center center","background-size":"auto","background-attachment":"scroll","background-type":"","background-media":"","overlay-type":"","overlay-color":"","overlay-opacity":"","overlay-gradient":""},"tablet":{"background-color":"var(--ast-global-color-5)","background-image":"","background-repeat":"repeat","background-position":"center center","background-size":"auto","background-attachment":"scroll","background-type":"","background-media":"","overlay-type":"","overlay-color":"","overlay-opacity":"","overlay-gradient":""},"mobile":{"background-color":"var(--ast-global-color-5)","background-image":"","background-repeat":"repeat","background-position":"center center","background-size":"auto","background-attachment":"scroll","background-type":"","background-media":"","overlay-type":"","overlay-color":"","overlay-opacity":"","overlay-gradient":""}},"footnotes":""},"class_list":["post-17622","page","type-page","status-publish","hentry"],"_links":{"self":[{"href":"https:\/\/fjolmenning.arborg.is\/en\/wp-json\/wp\/v2\/pages\/17622","targetHints":{"allow":["GET"]}}],"collection":[{"href":"https:\/\/fjolmenning.arborg.is\/en\/wp-json\/wp\/v2\/pages"}],"about":[{"href":"https:\/\/fjolmenning.arborg.is\/en\/wp-json\/wp\/v2\/types\/page"}],"author":[{"embeddable":true,"href":"https:\/\/fjolmenning.arborg.is\/en\/wp-json\/wp\/v2\/users\/4"}],"replies":[{"embeddable":true,"href":"https:\/\/fjolmenning.arborg.is\/en\/wp-json\/wp\/v2\/comments?post=17622"}],"version-history":[{"count":4,"href":"https:\/\/fjolmenning.arborg.is\/en\/wp-json\/wp\/v2\/pages\/17622\/revisions"}],"predecessor-version":[{"id":18228,"href":"https:\/\/fjolmenning.arborg.is\/en\/wp-json\/wp\/v2\/pages\/17622\/revisions\/18228"}],"wp:attachment":[{"href":"https:\/\/fjolmenning.arborg.is\/en\/wp-json\/wp\/v2\/media?parent=17622"}],"curies":[{"name":"wp","href":"https:\/\/api.w.org\/{rel}","templated":true}]}}