{"id":17453,"date":"2021-03-18T11:48:59","date_gmt":"2021-03-18T11:48:59","guid":{"rendered":"https:\/\/fjolmenning.arborg.is\/?page_id=17453"},"modified":"2025-07-16T14:54:48","modified_gmt":"2025-07-16T14:54:48","slug":"talthjalfun","status":"publish","type":"page","link":"https:\/\/fjolmenning.arborg.is\/en\/heilsa\/talthjalfun\/","title":{"rendered":"Speech therapy"},"content":{"rendered":"<h1>\n\t\t\tSpeech therapy\t<\/h1>\n\t<p>Tal\u00fej\u00e1lfun\u00a0er\u00a0greidd\u00a0af\u00a0Sj\u00fakratryggingum\u00a0\u00cdslands\u00a0\u00ed\u00a0\u00feeim\u00a0tilfellum\u00a0\u00fear\u00a0sem\u00a0skj\u00f3lst\u00e6\u00f0ingur\u00a0fellur\u00a0undir\u00a0vi\u00f0mi\u00f0\u00a0\u00fear\u00a0um.\u00a0<\/p>\n\t<p>Before therapy begins, a doctor's request for speech therapy must be made. This request shall be delivered to a speech therapist who is in charge of submitting the request to the Icelandic Health Insurance. If a request is approved, the person who is insured will receive 15 sessions of speech therapy in each 12-month period.\u00a0<\/p>\n<p>Further information: <a href=\"https:\/\/island.is\/greidsluthatttaka-vegna-talthjalfunar\" target=\"_blank\" rel=\"noopener\">https:\/\/island.is\/greidsluthatttaka-vegna-talthjalfunar<\/a><\/p>\n<p>Information about practising speech therapists can be found on the The Icelandic Association for Speech and Language Therapists\u2019 website:\u00a0<a href=\"https:\/\/www.talmein.is\/felagatal\/\" target=\"_blank\" rel=\"noopener\">https:\/\/www.talmein.is\/felagatal\/<\/a>\u00a0\u00a0<\/p>\n<p><b>South Iceland Speech Therapy (Tal\u00fej\u00e1lfun Su\u00f0urlands)<\/b><\/p>\n<p>The South Iceland Speech Therapy (Tal\u00fej\u00e1lfun Su\u00f0urlands) is located in Selfoss and employs speech therapists who offer therapy for various speech, language and voice disorders.\u00a0<\/p>\n<p>Further information:\u00a0<a href=\"https:\/\/www.talsud.is\/\" target=\"_blank\" rel=\"noopener\">https:\/\/www.talsud.is\/<\/a>\u00a0<\/p>\n<p><b>TRAPPA<\/b>\u00a0<\/p>\n<p>Trappa offers online speech therapy for children and adults. Trappa provides services to municipalities across the country. The speech therapy of children of preschool and compulsory school age takes place during school hours in the school\/preschool or at the child's house. A child along with a supportive person or parent logs into the app to attend the meeting.\u00a0<\/p>\n<p>Further information:\u00a0<a href=\"https:\/\/trappa.is\/\" target=\"_blank\" rel=\"noopener\">https:\/\/trappa.is\/<\/a>\u00a0<\/p>","protected":false},"excerpt":{"rendered":"<p>Tal\u00fej\u00e1lfun Tal\u00fej\u00e1lfun\u00a0er\u00a0greidd\u00a0af\u00a0Sj\u00fakratryggingum\u00a0\u00cdslands\u00a0\u00ed\u00a0\u00feeim\u00a0tilfellum\u00a0\u00fear\u00a0sem\u00a0skj\u00f3lst\u00e6\u00f0ingur\u00a0fellur\u00a0undir\u00a0vi\u00f0mi\u00f0\u00a0\u00fear\u00a0um.\u00a0 \u00c1\u00f0ur en \u00fej\u00e1lfun hefst \u00fearf a\u00f0 liggja fyrir bei\u00f0ni l\u00e6knis um tal\u00fej\u00e1lfun. \u00de\u00e1 bei\u00f0ni skal afhenda talmeinafr\u00e6\u00f0ingi sem s\u00e9r um a\u00f0 senda bei\u00f0nina til S\u00cd. S\u00e9 bei\u00f0ni sam\u00feykkt f\u00e6r hinn\u00a0sj\u00fakratrygg\u00f0i\u00a015 skipti \u00ed tal\u00fej\u00e1lfun \u00e1 hverju 12 m\u00e1na\u00f0a t\u00edmabili.\u00a0 N\u00e1nari uppl\u00fdsingar: https:\/\/island.is\/greidsluthatttaka-vegna-talthjalfunar Uppl\u00fdsingar um starfandi talmeinafr\u00e6\u00f0inga m\u00e1 finna \u00e1 heimas\u00ed\u00f0u talmeinafr\u00e6\u00f0inga:\u00a0https:\/\/www.talmein.is\/felagatal\/\u00a0\u00a0 Tal\u00fej\u00e1lfun Su\u00f0urlands Tal\u00fej\u00e1lfun [&hellip;]<\/p>\n","protected":false},"author":4,"featured_media":0,"parent":16512,"menu_order":0,"comment_status":"closed","ping_status":"closed","template":"","meta":{"inline_featured_image":false,"site-sidebar-layout":"no-sidebar","site-content-layout":"page-builder","ast-site-content-layout":"default","site-content-style":"default","site-sidebar-style":"default","ast-global-header-display":"","ast-banner-title-visibility":"","ast-main-header-display":"","ast-hfb-above-header-display":"","ast-hfb-below-header-display":"","ast-hfb-mobile-header-display":"","site-post-title":"disabled","ast-breadcrumbs-content":"","ast-featured-img":"disabled","footer-sml-layout":"","theme-transparent-header-meta":"default","adv-header-id-meta":"","stick-header-meta":"","header-above-stick-meta":"","header-main-stick-meta":"","header-below-stick-meta":"","astra-migrate-meta-layouts":"default","ast-page-background-enabled":"default","ast-page-background-meta":{"desktop":{"background-color":"","background-image":"","background-repeat":"repeat","background-position":"center center","background-size":"auto","background-attachment":"scroll","background-type":"","background-media":"","overlay-type":"","overlay-color":"","overlay-opacity":"","overlay-gradient":""},"tablet":{"background-color":"","background-image":"","background-repeat":"repeat","background-position":"center center","background-size":"auto","background-attachment":"scroll","background-type":"","background-media":"","overlay-type":"","overlay-color":"","overlay-opacity":"","overlay-gradient":""},"mobile":{"background-color":"","background-image":"","background-repeat":"repeat","background-position":"center center","background-size":"auto","background-attachment":"scroll","background-type":"","background-media":"","overlay-type":"","overlay-color":"","overlay-opacity":"","overlay-gradient":""}},"ast-content-background-meta":{"desktop":{"background-color":"var(--ast-global-color-5)","background-image":"","background-repeat":"repeat","background-position":"center center","background-size":"auto","background-attachment":"scroll","background-type":"","background-media":"","overlay-type":"","overlay-color":"","overlay-opacity":"","overlay-gradient":""},"tablet":{"background-color":"var(--ast-global-color-5)","background-image":"","background-repeat":"repeat","background-position":"center center","background-size":"auto","background-attachment":"scroll","background-type":"","background-media":"","overlay-type":"","overlay-color":"","overlay-opacity":"","overlay-gradient":""},"mobile":{"background-color":"var(--ast-global-color-5)","background-image":"","background-repeat":"repeat","background-position":"center center","background-size":"auto","background-attachment":"scroll","background-type":"","background-media":"","overlay-type":"","overlay-color":"","overlay-opacity":"","overlay-gradient":""}},"footnotes":""},"class_list":["post-17453","page","type-page","status-publish","hentry"],"_links":{"self":[{"href":"https:\/\/fjolmenning.arborg.is\/en\/wp-json\/wp\/v2\/pages\/17453","targetHints":{"allow":["GET"]}}],"collection":[{"href":"https:\/\/fjolmenning.arborg.is\/en\/wp-json\/wp\/v2\/pages"}],"about":[{"href":"https:\/\/fjolmenning.arborg.is\/en\/wp-json\/wp\/v2\/types\/page"}],"author":[{"embeddable":true,"href":"https:\/\/fjolmenning.arborg.is\/en\/wp-json\/wp\/v2\/users\/4"}],"replies":[{"embeddable":true,"href":"https:\/\/fjolmenning.arborg.is\/en\/wp-json\/wp\/v2\/comments?post=17453"}],"version-history":[{"count":9,"href":"https:\/\/fjolmenning.arborg.is\/en\/wp-json\/wp\/v2\/pages\/17453\/revisions"}],"predecessor-version":[{"id":18335,"href":"https:\/\/fjolmenning.arborg.is\/en\/wp-json\/wp\/v2\/pages\/17453\/revisions\/18335"}],"up":[{"embeddable":true,"href":"https:\/\/fjolmenning.arborg.is\/en\/wp-json\/wp\/v2\/pages\/16512"}],"wp:attachment":[{"href":"https:\/\/fjolmenning.arborg.is\/en\/wp-json\/wp\/v2\/media?parent=17453"}],"curies":[{"name":"wp","href":"https:\/\/api.w.org\/{rel}","templated":true}]}}