{"id":17437,"date":"2021-03-18T11:18:40","date_gmt":"2021-03-18T11:18:40","guid":{"rendered":"https:\/\/fjolmenning.arborg.is\/?page_id=17437"},"modified":"2025-07-16T13:49:44","modified_gmt":"2025-07-16T13:49:44","slug":"menntastefna-arborgar","status":"publish","type":"page","link":"https:\/\/fjolmenning.arborg.is\/en\/menntun\/menntastefna-arborgar\/","title":{"rendered":"Education policy in \u00c1rborg"},"content":{"rendered":"<h1>\n\t\t\tEducation policy in \u00c1rborg\t<\/h1>\n\t<p class=\"translation-block\">\u00c1rborg's Education Policy is called <strong>The Road to Wisdom and Well-Being <\/strong>and is intended to be a guiding light for all those who work with children and young people in the municipality towards successful learning and leisure activities.<\/p>\n\t<p>The Education Policy contains one main objective, three guiding principles and five pillars to support and guide how professional school and leisure activities are carried out in the municipality, with the well-being of children and young people in mind.<\/p>\n<p>Further information:\u00a0<a href=\"https:\/\/www.arborg.is\/ibuar\/skolar-og-daggaesla\/menntastefna-til-2030\/educational-policy-until-2030\/\" target=\"_blank\" rel=\"noopener\">https:\/\/www.arborg.is\/ibuar\/skolar-og-daggaesla\/menntastefna-til-2030\/educational-policy-until-2030\/<\/a><\/p>\n<p>&nbsp;<\/p>","protected":false},"excerpt":{"rendered":"<p>Menntastefna \u00c1rborgar Menntastefna \u00c1rborgar ber heiti\u00f0\u00a0Vegur til visku og velfer\u00f0ar\u00a0og er \u00e6tla\u00f0 a\u00f0 vera \u00f6llum \u00feeim sem vinna me\u00f0 b\u00f6rnum og unglingum sveitarf\u00e9lagsins lei\u00f0beinandi lei\u00f0arlj\u00f3s a\u00f0 fars\u00e6lu n\u00e1mi og\u00a0fr\u00edstundastarfi. Menntastefnan inniheldur eitt meginmarki\u00f0, \u00ferj\u00fa lei\u00f0arlj\u00f3s og fimm sto\u00f0ir sem a\u00f0 sty\u00f0ja vi\u00f0 og lei\u00f0beina um \u00fea\u00f0 hvernig faglegt sk\u00f3la- og fr\u00edstundarstarf er framkv\u00e6mt \u00ed sveitarf\u00e9laginu [&hellip;]<\/p>\n","protected":false},"author":4,"featured_media":0,"parent":16510,"menu_order":0,"comment_status":"closed","ping_status":"closed","template":"","meta":{"inline_featured_image":false,"site-sidebar-layout":"no-sidebar","site-content-layout":"page-builder","ast-site-content-layout":"default","site-content-style":"default","site-sidebar-style":"default","ast-global-header-display":"","ast-banner-title-visibility":"","ast-main-header-display":"","ast-hfb-above-header-display":"","ast-hfb-below-header-display":"","ast-hfb-mobile-header-display":"","site-post-title":"disabled","ast-breadcrumbs-content":"","ast-featured-img":"disabled","footer-sml-layout":"","theme-transparent-header-meta":"default","adv-header-id-meta":"","stick-header-meta":"","header-above-stick-meta":"","header-main-stick-meta":"","header-below-stick-meta":"","astra-migrate-meta-layouts":"default","ast-page-background-enabled":"default","ast-page-background-meta":{"desktop":{"background-color":"","background-image":"","background-repeat":"repeat","background-position":"center center","background-size":"auto","background-attachment":"scroll","background-type":"","background-media":"","overlay-type":"","overlay-color":"","overlay-opacity":"","overlay-gradient":""},"tablet":{"background-color":"","background-image":"","background-repeat":"repeat","background-position":"center center","background-size":"auto","background-attachment":"scroll","background-type":"","background-media":"","overlay-type":"","overlay-color":"","overlay-opacity":"","overlay-gradient":""},"mobile":{"background-color":"","background-image":"","background-repeat":"repeat","background-position":"center center","background-size":"auto","background-attachment":"scroll","background-type":"","background-media":"","overlay-type":"","overlay-color":"","overlay-opacity":"","overlay-gradient":""}},"ast-content-background-meta":{"desktop":{"background-color":"var(--ast-global-color-5)","background-image":"","background-repeat":"repeat","background-position":"center center","background-size":"auto","background-attachment":"scroll","background-type":"","background-media":"","overlay-type":"","overlay-color":"","overlay-opacity":"","overlay-gradient":""},"tablet":{"background-color":"var(--ast-global-color-5)","background-image":"","background-repeat":"repeat","background-position":"center center","background-size":"auto","background-attachment":"scroll","background-type":"","background-media":"","overlay-type":"","overlay-color":"","overlay-opacity":"","overlay-gradient":""},"mobile":{"background-color":"var(--ast-global-color-5)","background-image":"","background-repeat":"repeat","background-position":"center center","background-size":"auto","background-attachment":"scroll","background-type":"","background-media":"","overlay-type":"","overlay-color":"","overlay-opacity":"","overlay-gradient":""}},"footnotes":""},"class_list":["post-17437","page","type-page","status-publish","hentry"],"_links":{"self":[{"href":"https:\/\/fjolmenning.arborg.is\/en\/wp-json\/wp\/v2\/pages\/17437","targetHints":{"allow":["GET"]}}],"collection":[{"href":"https:\/\/fjolmenning.arborg.is\/en\/wp-json\/wp\/v2\/pages"}],"about":[{"href":"https:\/\/fjolmenning.arborg.is\/en\/wp-json\/wp\/v2\/types\/page"}],"author":[{"embeddable":true,"href":"https:\/\/fjolmenning.arborg.is\/en\/wp-json\/wp\/v2\/users\/4"}],"replies":[{"embeddable":true,"href":"https:\/\/fjolmenning.arborg.is\/en\/wp-json\/wp\/v2\/comments?post=17437"}],"version-history":[{"count":7,"href":"https:\/\/fjolmenning.arborg.is\/en\/wp-json\/wp\/v2\/pages\/17437\/revisions"}],"predecessor-version":[{"id":18271,"href":"https:\/\/fjolmenning.arborg.is\/en\/wp-json\/wp\/v2\/pages\/17437\/revisions\/18271"}],"up":[{"embeddable":true,"href":"https:\/\/fjolmenning.arborg.is\/en\/wp-json\/wp\/v2\/pages\/16510"}],"wp:attachment":[{"href":"https:\/\/fjolmenning.arborg.is\/en\/wp-json\/wp\/v2\/media?parent=17437"}],"curies":[{"name":"wp","href":"https:\/\/api.w.org\/{rel}","templated":true}]}}