{"id":17434,"date":"2021-03-18T11:17:50","date_gmt":"2021-03-18T11:17:50","guid":{"rendered":"https:\/\/fjolmenning.arborg.is\/?page_id=17434"},"modified":"2025-09-05T11:19:59","modified_gmt":"2025-09-05T11:19:59","slug":"laesisstefna-arborgar","status":"publish","type":"page","link":"https:\/\/fjolmenning.arborg.is\/en\/menntun\/laesisstefna-arborgar\/","title":{"rendered":"Literacy policy in \u00c1rborg"},"content":{"rendered":"<h1>\n\t\t\tLiteracy policy in \u00c1rborg\t<\/h1>\n\t<p class=\"translation-block\">\u00c1rborg's Literacy Policy for 2030 is titled Literacy for Life and Play and is one of the sub-policies of <a class=\"secure\" href=\"https:\/\/www.arborg.is\/ibuar\/skolar-og-daggaesla\/menntastefna-til-2030\/\" target=\"_self\">\u00c1rborg's Educational Policy<\/a>. The policy is based on the current national curricula for preschools and primary schools, the thematic booklet for after-school centers, as well as the Convention on the Rights of the Child and the United Nations Global Goals. The literacy policy is the result of interdisciplinary work by representatives of preschools and primary schools, after-school institutions, and school services. Suggestions were sought from parents regarding the policy.<\/p>\n\t<p>Further information: <a href=\"https:\/\/www.arborg.is\/ibuar\/skolar-og-daggaesla\/laesisstefna-til-2030\/literacy-policy-for-2030\/\">https:\/\/www.arborg.is\/ibuar\/skolar-og-daggaesla\/laesisstefna-til-2030\/literacy-policy-for-2030\/<\/a><\/p>","protected":false},"excerpt":{"rendered":"<p>L\u00e6sisstefna L\u00e6sisstefna \u00c1rborgar til \u00e1rsins 2030 ber heiti\u00f0\u00a0L\u00e6si til l\u00edfs og leiks\u00a0og er ein af undirstefnum\u00a0Menntastefnu \u00c1rborgar. Stefnan byggir \u00e1 gildandi a\u00f0aln\u00e1mskr\u00e1m leik- og grunnsk\u00f3la, \u00feemahefti fr\u00edstundaheimila auk Barnas\u00e1ttm\u00e1la og Heimsmarkmi\u00f0a Sameinu\u00f0u \u00fej\u00f3\u00f0anna. N\u00e1nari uppl\u00fdsingar: https:\/\/www.arborg.is\/ibuar\/skolar-og-daggaesla\/laesisstefna-til-2030\/<\/p>","protected":false},"author":4,"featured_media":0,"parent":16510,"menu_order":0,"comment_status":"closed","ping_status":"closed","template":"","meta":{"inline_featured_image":false,"site-sidebar-layout":"no-sidebar","site-content-layout":"page-builder","ast-site-content-layout":"default","site-content-style":"default","site-sidebar-style":"default","ast-global-header-display":"","ast-banner-title-visibility":"","ast-main-header-display":"","ast-hfb-above-header-display":"","ast-hfb-below-header-display":"","ast-hfb-mobile-header-display":"","site-post-title":"disabled","ast-breadcrumbs-content":"","ast-featured-img":"disabled","footer-sml-layout":"","theme-transparent-header-meta":"default","adv-header-id-meta":"","stick-header-meta":"","header-above-stick-meta":"","header-main-stick-meta":"","header-below-stick-meta":"","astra-migrate-meta-layouts":"default","ast-page-background-enabled":"default","ast-page-background-meta":{"desktop":{"background-color":"","background-image":"","background-repeat":"repeat","background-position":"center center","background-size":"auto","background-attachment":"scroll","background-type":"","background-media":"","overlay-type":"","overlay-color":"","overlay-opacity":"","overlay-gradient":""},"tablet":{"background-color":"","background-image":"","background-repeat":"repeat","background-position":"center center","background-size":"auto","background-attachment":"scroll","background-type":"","background-media":"","overlay-type":"","overlay-color":"","overlay-opacity":"","overlay-gradient":""},"mobile":{"background-color":"","background-image":"","background-repeat":"repeat","background-position":"center center","background-size":"auto","background-attachment":"scroll","background-type":"","background-media":"","overlay-type":"","overlay-color":"","overlay-opacity":"","overlay-gradient":""}},"ast-content-background-meta":{"desktop":{"background-color":"var(--ast-global-color-5)","background-image":"","background-repeat":"repeat","background-position":"center center","background-size":"auto","background-attachment":"scroll","background-type":"","background-media":"","overlay-type":"","overlay-color":"","overlay-opacity":"","overlay-gradient":""},"tablet":{"background-color":"var(--ast-global-color-5)","background-image":"","background-repeat":"repeat","background-position":"center center","background-size":"auto","background-attachment":"scroll","background-type":"","background-media":"","overlay-type":"","overlay-color":"","overlay-opacity":"","overlay-gradient":""},"mobile":{"background-color":"var(--ast-global-color-5)","background-image":"","background-repeat":"repeat","background-position":"center center","background-size":"auto","background-attachment":"scroll","background-type":"","background-media":"","overlay-type":"","overlay-color":"","overlay-opacity":"","overlay-gradient":""}},"footnotes":""},"class_list":["post-17434","page","type-page","status-publish","hentry"],"_links":{"self":[{"href":"https:\/\/fjolmenning.arborg.is\/en\/wp-json\/wp\/v2\/pages\/17434","targetHints":{"allow":["GET"]}}],"collection":[{"href":"https:\/\/fjolmenning.arborg.is\/en\/wp-json\/wp\/v2\/pages"}],"about":[{"href":"https:\/\/fjolmenning.arborg.is\/en\/wp-json\/wp\/v2\/types\/page"}],"author":[{"embeddable":true,"href":"https:\/\/fjolmenning.arborg.is\/en\/wp-json\/wp\/v2\/users\/4"}],"replies":[{"embeddable":true,"href":"https:\/\/fjolmenning.arborg.is\/en\/wp-json\/wp\/v2\/comments?post=17434"}],"version-history":[{"count":6,"href":"https:\/\/fjolmenning.arborg.is\/en\/wp-json\/wp\/v2\/pages\/17434\/revisions"}],"predecessor-version":[{"id":18375,"href":"https:\/\/fjolmenning.arborg.is\/en\/wp-json\/wp\/v2\/pages\/17434\/revisions\/18375"}],"up":[{"embeddable":true,"href":"https:\/\/fjolmenning.arborg.is\/en\/wp-json\/wp\/v2\/pages\/16510"}],"wp:attachment":[{"href":"https:\/\/fjolmenning.arborg.is\/en\/wp-json\/wp\/v2\/media?parent=17434"}],"curies":[{"name":"wp","href":"https:\/\/api.w.org\/{rel}","templated":true}]}}