{"id":17428,"date":"2021-03-18T11:07:12","date_gmt":"2021-03-18T11:07:12","guid":{"rendered":"https:\/\/fjolmenning.arborg.is\/?page_id=17428"},"modified":"2025-07-16T13:36:16","modified_gmt":"2025-07-16T13:36:16","slug":"logfraediradgjof-2","status":"publish","type":"page","link":"https:\/\/fjolmenning.arborg.is\/en\/samfelag\/logfraediradgjof-2\/","title":{"rendered":"Legal counselling"},"content":{"rendered":"<h1>\n\t\t\tLegal counselling\t<\/h1>\n\t<p><strong>The Women's Counseling (Kvennar\u00e1\u00f0gj\u00f6fin)<\/strong><\/p>\n<p>The Women\u2019s Counseling\u2019s (Kvennar\u00e1\u00f0gj\u00f6fin) main goal is to offer counselling and support to women, however the office assists anyone seeking our services, regardless of their sex. The services are free of charge and those who need counselling do not have to reveal their name nor any other personal data.<\/p>\n<p>Further information: <a href=\"https:\/\/www.kvennaradgjofin.is\/\">https:\/\/www.kvennaradgjofin.is\/<\/a><\/p>\n<p>Further information in English: <a href=\"https:\/\/www.kvennaradgjofin.is\/english.html\">https:\/\/www.kvennaradgjofin.is\/english.html<\/a><\/p>","protected":false},"excerpt":{"rendered":"<p>L\u00f6gfr\u00e6\u00f0ir\u00e1\u00f0gj\u00f6f Kvennar\u00e1\u00f0gj\u00f6fin Megintilgangur starfseminnar er a\u00f0 veita konum stu\u00f0ning og r\u00e1\u00f0gj\u00f6f, en Kvennar\u00e1\u00f0gj\u00f6fin er opin \u00f6llum konum og k\u00f6rlum og m\u00e1 hvort sem er koma e\u00f0a hringja. \u00dej\u00f3nustan er endurgjaldlaus og \u00feurfa \u00feeir sem hana s\u00e6kja ekki a\u00f0 gefa upp nafn e\u00f0a a\u00f0rar pers\u00f3nuuppl\u00fdsingar. N\u00e1nari uppl\u00fdsingar: https:\/\/www.kvennaradgjofin.is\/ N\u00e1nari uppl\u00fdsingar \u00e1 ensku: https:\/\/www.kvennaradgjofin.is\/english.html<\/p>","protected":false},"author":4,"featured_media":0,"parent":16506,"menu_order":0,"comment_status":"closed","ping_status":"closed","template":"","meta":{"inline_featured_image":false,"site-sidebar-layout":"no-sidebar","site-content-layout":"page-builder","ast-site-content-layout":"default","site-content-style":"default","site-sidebar-style":"default","ast-global-header-display":"","ast-banner-title-visibility":"","ast-main-header-display":"","ast-hfb-above-header-display":"","ast-hfb-below-header-display":"","ast-hfb-mobile-header-display":"","site-post-title":"disabled","ast-breadcrumbs-content":"","ast-featured-img":"disabled","footer-sml-layout":"","theme-transparent-header-meta":"default","adv-header-id-meta":"","stick-header-meta":"","header-above-stick-meta":"","header-main-stick-meta":"","header-below-stick-meta":"","astra-migrate-meta-layouts":"default","ast-page-background-enabled":"default","ast-page-background-meta":{"desktop":{"background-color":"","background-image":"","background-repeat":"repeat","background-position":"center center","background-size":"auto","background-attachment":"scroll","background-type":"","background-media":"","overlay-type":"","overlay-color":"","overlay-opacity":"","overlay-gradient":""},"tablet":{"background-color":"","background-image":"","background-repeat":"repeat","background-position":"center center","background-size":"auto","background-attachment":"scroll","background-type":"","background-media":"","overlay-type":"","overlay-color":"","overlay-opacity":"","overlay-gradient":""},"mobile":{"background-color":"","background-image":"","background-repeat":"repeat","background-position":"center center","background-size":"auto","background-attachment":"scroll","background-type":"","background-media":"","overlay-type":"","overlay-color":"","overlay-opacity":"","overlay-gradient":""}},"ast-content-background-meta":{"desktop":{"background-color":"var(--ast-global-color-5)","background-image":"","background-repeat":"repeat","background-position":"center center","background-size":"auto","background-attachment":"scroll","background-type":"","background-media":"","overlay-type":"","overlay-color":"","overlay-opacity":"","overlay-gradient":""},"tablet":{"background-color":"var(--ast-global-color-5)","background-image":"","background-repeat":"repeat","background-position":"center center","background-size":"auto","background-attachment":"scroll","background-type":"","background-media":"","overlay-type":"","overlay-color":"","overlay-opacity":"","overlay-gradient":""},"mobile":{"background-color":"var(--ast-global-color-5)","background-image":"","background-repeat":"repeat","background-position":"center center","background-size":"auto","background-attachment":"scroll","background-type":"","background-media":"","overlay-type":"","overlay-color":"","overlay-opacity":"","overlay-gradient":""}},"footnotes":""},"class_list":["post-17428","page","type-page","status-publish","hentry"],"_links":{"self":[{"href":"https:\/\/fjolmenning.arborg.is\/en\/wp-json\/wp\/v2\/pages\/17428","targetHints":{"allow":["GET"]}}],"collection":[{"href":"https:\/\/fjolmenning.arborg.is\/en\/wp-json\/wp\/v2\/pages"}],"about":[{"href":"https:\/\/fjolmenning.arborg.is\/en\/wp-json\/wp\/v2\/types\/page"}],"author":[{"embeddable":true,"href":"https:\/\/fjolmenning.arborg.is\/en\/wp-json\/wp\/v2\/users\/4"}],"replies":[{"embeddable":true,"href":"https:\/\/fjolmenning.arborg.is\/en\/wp-json\/wp\/v2\/comments?post=17428"}],"version-history":[{"count":3,"href":"https:\/\/fjolmenning.arborg.is\/en\/wp-json\/wp\/v2\/pages\/17428\/revisions"}],"predecessor-version":[{"id":18200,"href":"https:\/\/fjolmenning.arborg.is\/en\/wp-json\/wp\/v2\/pages\/17428\/revisions\/18200"}],"up":[{"embeddable":true,"href":"https:\/\/fjolmenning.arborg.is\/en\/wp-json\/wp\/v2\/pages\/16506"}],"wp:attachment":[{"href":"https:\/\/fjolmenning.arborg.is\/en\/wp-json\/wp\/v2\/media?parent=17428"}],"curies":[{"name":"wp","href":"https:\/\/api.w.org\/{rel}","templated":true}]}}