{"id":17264,"date":"2021-01-17T23:23:00","date_gmt":"2021-01-17T23:23:00","guid":{"rendered":"https:\/\/fjolmenning.arborg.is\/?page_id=17264"},"modified":"2025-07-18T09:53:58","modified_gmt":"2025-07-18T09:53:58","slug":"malefni-fatladra","status":"publish","type":"page","link":"https:\/\/fjolmenning.arborg.is\/en\/heilsa\/malefni-fatladra\/","title":{"rendered":"Persons with disabilities"},"content":{"rendered":"<h1>\n\t\t\tPersons with disabilities\t<\/h1>\n\t<p>Various institutions and associations address matters of persons with disabilities of all ages:\u00a0<\/p>\n\t<p><b>VISS<\/b>\u00a0<\/p>\n<p>VISS veitir\u00a0h\u00e6fingu, starfs\u00fej\u00e1lfun og vernda\u00f0a vinnu f\u00f6tlu\u00f0u f\u00f3lki 18 \u00e1ra og eldri sem mi\u00f0ar a\u00f0 \u00fev\u00ed a\u00f0 auka h\u00e6fni \u00feess til starfa og \u00fe\u00e1ttt\u00f6ku \u00ed daglegu l\u00edfi e\u00f0a \u00e1 almennum vinnumarka\u00f0i.\u00a0<\/p>\n<p>Further information: <a href=\"https:\/\/www.facebook.com\/VISS-vinnu-og-h%C3%A6fingarst%C3%B6%C3%B0-429586100547951\/\" target=\"_blank\" rel=\"noopener\">https:\/\/www.facebook.com\/VISS-vinnu-og-h%C3%A6fingarst%C3%B6%C3%B0-429586100547951\/<\/a> <\/p>\n<p><b>\u00deroskahj\u00e1lp<\/b>\u00a0<\/p>\n<p>The objective of the National Association of Intellectual Disabilities (Landssamt\u00f6kin \u00deroskahj\u00e1lp) is to \u201efight for the rights and promote the interests of people with intellectual disabilities\/challenges, as well as other children and adults with disabilities, and to ensure that their rights are fully comparable to those of other citizens\u201c, as stated in the statutes of the organization.\u00a0\u00a0<\/p>\n<p>Further information:\u00a0<a href=\"https:\/\/www.throskahjalp.is\/is\/english\" target=\"_blank\" rel=\"noopener\">https:\/\/www.throskahjalp.is\/is\/english<\/a>\u00a0<\/p>\n<p>Landssamt\u00f6kin hafa gefi\u00f0 \u00fat \u00ferj\u00fa myndb\u00f6nd \u00e1 5 tungum\u00e1lum um r\u00e9ttindi fatla\u00f0ra barna af erlendum uppruna:\u00a0<\/p>\n<p><a href=\"https:\/\/www.youtube.com\/playlist?list=PL5qGz2PIiEtgj9gZnvX8pMBDc3VJfTdQA\" target=\"_blank\" rel=\"noopener\">https:\/\/www.youtube.com\/playlist?list=PL5qGz2PIiEtgj9gZnvX8pMBDc3VJfTdQA<\/a><\/p>\n<p><strong>R\u00e1\u00f0gjafar- og greiningarst\u00f6\u00f0 <\/strong><\/p>\n<p>Hlutverk R\u00e1\u00f0gjafar- og greiningarst\u00f6\u00f0var r\u00edkisins er a\u00f0 tryggja a\u00f0 b\u00f6rn me\u00f0 alvarlegar \u00feroskasker\u00f0ingar\u00a0sem leitt geta til f\u00f6tlunar s\u00ed\u00f0ar \u00e1 \u00e6vinni f\u00e1i greiningu, r\u00e1\u00f0gj\u00f6f og \u00f6nnur \u00farr\u00e6\u00f0i sem b\u00e6ta l\u00edfsg\u00e6\u00f0i \u00feeirra.\u00a0<\/p>\n<p>Further information: <a href=\"https:\/\/www.rgr.is\/\" target=\"_blank\" rel=\"noopener\">https:\/\/www.rgr.is\/<\/a><\/p>\n<p>Videos in Icelandic, English and Polish on the diagnostic process when suspected disorders arise, early intervention and rights and remedies for children with disabilities in Iceland<\/p>\n<p><a href=\"https:\/\/www.youtube.com\/watch?v=t4jHdKlMMe0\" target=\"_blank\" rel=\"noopener\">1. What happens when suspicions of developmental disabilities awakens?<\/a><\/p>\n<p><a href=\"https:\/\/www.youtube.com\/watch?v=jyBYtOaI5aY\" target=\"_blank\" rel=\"noopener\">2. Early intervention and an insight into evidence-based methods recommended for children<\/a><\/p>\n<p><a href=\"https:\/\/www.youtube.com\/watch?v=6KYAKcynH7Y\" target=\"_blank\" rel=\"noopener\">3. Rights and resources for children with disabilities in Iceland\u00a0<\/a><\/p>\n<p><strong>Autism<\/strong><\/p>\n<p>Website with the most important information about autism in Iceland in Icelandic, English and Polish: <a href=\"https:\/\/www.einhverfa.is\/\" target=\"_blank\" rel=\"noopener\">https:\/\/www.einhverfa.is\/<\/a><\/p>","protected":false},"excerpt":{"rendered":"<p>M\u00e1lefni fatla\u00f0ra \u00ddmsar stofnanir og f\u00e9lagasamt\u00f6k vinna a\u00f0 m\u00e1lefnum fatla\u00f0ra \u00e1 \u00f6llum aldri:\u00a0 VISS\u00a0 VISS veitir\u00a0h\u00e6fingu, starfs\u00fej\u00e1lfun og vernda\u00f0a vinnu f\u00f6tlu\u00f0u f\u00f3lki 18 \u00e1ra og eldri sem mi\u00f0ar a\u00f0 \u00fev\u00ed a\u00f0 auka h\u00e6fni \u00feess til starfa og \u00fe\u00e1ttt\u00f6ku \u00ed daglegu l\u00edfi e\u00f0a \u00e1 almennum vinnumarka\u00f0i.\u00a0 N\u00e1nari uppl\u00fdsingar: https:\/\/www.facebook.com\/VISS-vinnu-og-h%C3%A6fingarst%C3%B6%C3%B0-429586100547951\/ \u00deroskahj\u00e1lp\u00a0 Landssamt\u00f6kin \u00deroskahj\u00e1lp vinna a\u00f0 r\u00e9ttinda- og [&hellip;]<\/p>\n","protected":false},"author":4,"featured_media":0,"parent":16512,"menu_order":0,"comment_status":"closed","ping_status":"closed","template":"","meta":{"inline_featured_image":false,"site-sidebar-layout":"no-sidebar","site-content-layout":"page-builder","ast-site-content-layout":"default","site-content-style":"default","site-sidebar-style":"default","ast-global-header-display":"","ast-banner-title-visibility":"","ast-main-header-display":"","ast-hfb-above-header-display":"","ast-hfb-below-header-display":"","ast-hfb-mobile-header-display":"","site-post-title":"disabled","ast-breadcrumbs-content":"","ast-featured-img":"disabled","footer-sml-layout":"","theme-transparent-header-meta":"default","adv-header-id-meta":"","stick-header-meta":"","header-above-stick-meta":"","header-main-stick-meta":"","header-below-stick-meta":"","astra-migrate-meta-layouts":"default","ast-page-background-enabled":"default","ast-page-background-meta":{"desktop":{"background-color":"","background-image":"","background-repeat":"repeat","background-position":"center center","background-size":"auto","background-attachment":"scroll","background-type":"","background-media":"","overlay-type":"","overlay-color":"","overlay-opacity":"","overlay-gradient":""},"tablet":{"background-color":"","background-image":"","background-repeat":"repeat","background-position":"center center","background-size":"auto","background-attachment":"scroll","background-type":"","background-media":"","overlay-type":"","overlay-color":"","overlay-opacity":"","overlay-gradient":""},"mobile":{"background-color":"","background-image":"","background-repeat":"repeat","background-position":"center center","background-size":"auto","background-attachment":"scroll","background-type":"","background-media":"","overlay-type":"","overlay-color":"","overlay-opacity":"","overlay-gradient":""}},"ast-content-background-meta":{"desktop":{"background-color":"var(--ast-global-color-5)","background-image":"","background-repeat":"repeat","background-position":"center center","background-size":"auto","background-attachment":"scroll","background-type":"","background-media":"","overlay-type":"","overlay-color":"","overlay-opacity":"","overlay-gradient":""},"tablet":{"background-color":"var(--ast-global-color-5)","background-image":"","background-repeat":"repeat","background-position":"center center","background-size":"auto","background-attachment":"scroll","background-type":"","background-media":"","overlay-type":"","overlay-color":"","overlay-opacity":"","overlay-gradient":""},"mobile":{"background-color":"var(--ast-global-color-5)","background-image":"","background-repeat":"repeat","background-position":"center center","background-size":"auto","background-attachment":"scroll","background-type":"","background-media":"","overlay-type":"","overlay-color":"","overlay-opacity":"","overlay-gradient":""}},"footnotes":""},"class_list":["post-17264","page","type-page","status-publish","hentry"],"_links":{"self":[{"href":"https:\/\/fjolmenning.arborg.is\/en\/wp-json\/wp\/v2\/pages\/17264","targetHints":{"allow":["GET"]}}],"collection":[{"href":"https:\/\/fjolmenning.arborg.is\/en\/wp-json\/wp\/v2\/pages"}],"about":[{"href":"https:\/\/fjolmenning.arborg.is\/en\/wp-json\/wp\/v2\/types\/page"}],"author":[{"embeddable":true,"href":"https:\/\/fjolmenning.arborg.is\/en\/wp-json\/wp\/v2\/users\/4"}],"replies":[{"embeddable":true,"href":"https:\/\/fjolmenning.arborg.is\/en\/wp-json\/wp\/v2\/comments?post=17264"}],"version-history":[{"count":14,"href":"https:\/\/fjolmenning.arborg.is\/en\/wp-json\/wp\/v2\/pages\/17264\/revisions"}],"predecessor-version":[{"id":18352,"href":"https:\/\/fjolmenning.arborg.is\/en\/wp-json\/wp\/v2\/pages\/17264\/revisions\/18352"}],"up":[{"embeddable":true,"href":"https:\/\/fjolmenning.arborg.is\/en\/wp-json\/wp\/v2\/pages\/16512"}],"wp:attachment":[{"href":"https:\/\/fjolmenning.arborg.is\/en\/wp-json\/wp\/v2\/media?parent=17264"}],"curies":[{"name":"wp","href":"https:\/\/api.w.org\/{rel}","templated":true}]}}