{"id":17219,"date":"2021-01-08T13:01:42","date_gmt":"2021-01-08T13:01:42","guid":{"rendered":"https:\/\/fjolmenning.arborg.is\/?page_id=17219"},"modified":"2025-07-16T13:42:45","modified_gmt":"2025-07-16T13:42:45","slug":"ofbeldi","status":"publish","type":"page","link":"https:\/\/fjolmenning.arborg.is\/en\/samfelag\/ofbeldi\/","title":{"rendered":"Violence"},"content":{"rendered":"<h1>\n\t\t\tViolence\t<\/h1>\n\t<p><strong>Kynbundi\u00f0 ofbeldi<\/strong> er ofbeldi sem vi\u00f0komandi ver\u00f0ur fyrir vegna kyns s\u00edns.\u00a0<\/p>\n<p class=\"translation-block\">Domestic violence (heimilisofbeldi) is a type of violence perpetrated by an individual close, related or intimate to the survivor. The violence can be physical, psychological, sexual, financial and digital.<\/p>\n\t<p>One can get help from:<\/p>\n<p><strong>Sigurh\u00e6\u00f0ir<\/strong><\/p>\n<p>Sigurh\u00e6\u00f0ir are services in Selfoss for women aged 18 and over who are survivors of any form of gender-based violence. Sigurh\u00e6\u00f0ir offer coordinated counselling, support and treatment tailored to individual needs. Individual and group therapy is available, as well as specialised trauma therapy. Sigurh\u00e6\u00f0ir cooperate with police to provide advice and information. Legal advice is also available. Women living in South Iceland and their family members can visit, call and order interviews to receive support, advice and information.<\/p>\n<p>Further information: <a href=\"https:\/\/www.sigurhaedir.is\/\" target=\"_blank\" rel=\"noopener\">https:\/\/www.sigurhaedir.is<\/a><\/p>\n<p><strong>St\u00edgam\u00f3t\u00a0<\/strong><\/p>\n<p>St\u00edgam\u00f3t er r\u00e1\u00f0gjafar- og stu\u00f0ningsmi\u00f0st\u00f6\u00f0 fyrir\u00a0b\u00e6\u00f0i konur og karla sem hafa veri\u00f0 beitt hvers kyns\u00a0kynfer\u00f0isofbeldi.\u00a0<\/p>\n<p>Further information:\u00a0<a href=\"http:\/\/www.stigamot.is\/\" target=\"_blank\" rel=\"noopener\">https:\/\/stigamot.is\/languages\/english\/<\/a>\u00a0<\/p>\n<p><b>Kvennaathvarf (The Women's Shelter)<\/b><b>\u00a0<\/b>\u00a0<\/p>\n<p>Kvennaathvarf (The Women\u2019s Shelter) is an emergency shelter\/safe house for women who cannot live at home due to violence. Women can bring their children with them to stay with us. Violence can take many forms, and the perpetrator is usually a close relative, such as a spouse, parent, sibling, or a child.\nThe Women\u2019s Shelter is also a place where you can book an interview without coming to stay. You can call and get advice and support regarding violence at any time.\u00a0<\/p>\n<p>Further information:\u00a0<a href=\"https:\/\/www.kvennaathvarf.is\/?lang=en\" target=\"_blank\" rel=\"noopener\">https:\/\/www.kvennaathvarf.is\/?lang=en<\/a>\u00a0<\/p>\n<p><b>Samt\u00f6k kvenna af erlendum uppruna \u00e1 \u00cdslandi (W.O.M.E.N.\u00a0<\/b><b>in<\/b><b>\u00a0Iceland)<\/b>\u00a0<\/p>\n<p>The goal of W.O.M.E.N. in Iceland (Samt\u00f6k kvenna af erlendum uppruna \u00e1 \u00cdslandi) is to unite, to express and address the interests and issues of women of foreign origin living in Iceland in order to bring about equality for them as women and as foreigners in all areas of society. https:\/\/womeniniceland.is\/en\/we-are-w-o-m-e-n\/\u00a0\u00a0<\/p>\n<p>Further information:\u00a0<a href=\"https:\/\/womeniniceland.is\/en\/we-are-w-o-m-e-n\/\" target=\"_blank\" rel=\"noopener\">https:\/\/womeniniceland.is\/en\/we-are-w-o-m-e-n\/<\/a>\u00a0<\/p>","protected":false},"excerpt":{"rendered":"<p>Ofbeldi Kynbundi\u00f0 ofbeldi er ofbeldi sem vi\u00f0komandi ver\u00f0ur fyrir vegna kyns s\u00edns.\u00a0 Heimilisofbeldi\u00a0er ofbeldi sem einstaklingur ver\u00f0ur fyrir af h\u00e1lfu einhvers sem er honum n\u00e1kominn, tengdur e\u00f0a skyldur. Ofbeldi\u00f0 getur veri\u00f0 l\u00edkamlegt, andlegt, kynfer\u00f0islegt, fj\u00e1rhagslegt e\u00f0a jafnvel stafr\u00e6nt. H\u00e6gt er a\u00f0 f\u00e1 a\u00f0sto\u00f0 hj\u00e1: Sigurh\u00e6\u00f0ir Sigurh\u00e6\u00f0ir er \u00fej\u00f3nusta \u00e1 Selfossi fyrir konur 18 \u00e1ra og [&hellip;]<\/p>\n","protected":false},"author":4,"featured_media":0,"parent":16506,"menu_order":0,"comment_status":"closed","ping_status":"closed","template":"","meta":{"inline_featured_image":false,"site-sidebar-layout":"no-sidebar","site-content-layout":"page-builder","ast-site-content-layout":"default","site-content-style":"default","site-sidebar-style":"default","ast-global-header-display":"","ast-banner-title-visibility":"","ast-main-header-display":"","ast-hfb-above-header-display":"","ast-hfb-below-header-display":"","ast-hfb-mobile-header-display":"","site-post-title":"disabled","ast-breadcrumbs-content":"","ast-featured-img":"disabled","footer-sml-layout":"","theme-transparent-header-meta":"default","adv-header-id-meta":"","stick-header-meta":"","header-above-stick-meta":"","header-main-stick-meta":"","header-below-stick-meta":"","astra-migrate-meta-layouts":"default","ast-page-background-enabled":"default","ast-page-background-meta":{"desktop":{"background-color":"","background-image":"","background-repeat":"repeat","background-position":"center center","background-size":"auto","background-attachment":"scroll","background-type":"","background-media":"","overlay-type":"","overlay-color":"","overlay-opacity":"","overlay-gradient":""},"tablet":{"background-color":"","background-image":"","background-repeat":"repeat","background-position":"center center","background-size":"auto","background-attachment":"scroll","background-type":"","background-media":"","overlay-type":"","overlay-color":"","overlay-opacity":"","overlay-gradient":""},"mobile":{"background-color":"","background-image":"","background-repeat":"repeat","background-position":"center center","background-size":"auto","background-attachment":"scroll","background-type":"","background-media":"","overlay-type":"","overlay-color":"","overlay-opacity":"","overlay-gradient":""}},"ast-content-background-meta":{"desktop":{"background-color":"var(--ast-global-color-5)","background-image":"","background-repeat":"repeat","background-position":"center center","background-size":"auto","background-attachment":"scroll","background-type":"","background-media":"","overlay-type":"","overlay-color":"","overlay-opacity":"","overlay-gradient":""},"tablet":{"background-color":"var(--ast-global-color-5)","background-image":"","background-repeat":"repeat","background-position":"center center","background-size":"auto","background-attachment":"scroll","background-type":"","background-media":"","overlay-type":"","overlay-color":"","overlay-opacity":"","overlay-gradient":""},"mobile":{"background-color":"var(--ast-global-color-5)","background-image":"","background-repeat":"repeat","background-position":"center center","background-size":"auto","background-attachment":"scroll","background-type":"","background-media":"","overlay-type":"","overlay-color":"","overlay-opacity":"","overlay-gradient":""}},"footnotes":""},"class_list":["post-17219","page","type-page","status-publish","hentry"],"_links":{"self":[{"href":"https:\/\/fjolmenning.arborg.is\/en\/wp-json\/wp\/v2\/pages\/17219","targetHints":{"allow":["GET"]}}],"collection":[{"href":"https:\/\/fjolmenning.arborg.is\/en\/wp-json\/wp\/v2\/pages"}],"about":[{"href":"https:\/\/fjolmenning.arborg.is\/en\/wp-json\/wp\/v2\/types\/page"}],"author":[{"embeddable":true,"href":"https:\/\/fjolmenning.arborg.is\/en\/wp-json\/wp\/v2\/users\/4"}],"replies":[{"embeddable":true,"href":"https:\/\/fjolmenning.arborg.is\/en\/wp-json\/wp\/v2\/comments?post=17219"}],"version-history":[{"count":9,"href":"https:\/\/fjolmenning.arborg.is\/en\/wp-json\/wp\/v2\/pages\/17219\/revisions"}],"predecessor-version":[{"id":18263,"href":"https:\/\/fjolmenning.arborg.is\/en\/wp-json\/wp\/v2\/pages\/17219\/revisions\/18263"}],"up":[{"embeddable":true,"href":"https:\/\/fjolmenning.arborg.is\/en\/wp-json\/wp\/v2\/pages\/16506"}],"wp:attachment":[{"href":"https:\/\/fjolmenning.arborg.is\/en\/wp-json\/wp\/v2\/media?parent=17219"}],"curies":[{"name":"wp","href":"https:\/\/api.w.org\/{rel}","templated":true}]}}