{"id":17195,"date":"2021-01-08T12:25:17","date_gmt":"2021-01-08T12:25:17","guid":{"rendered":"https:\/\/fjolmenning.arborg.is\/?page_id=17195"},"modified":"2025-07-16T11:49:58","modified_gmt":"2025-07-16T11:49:58","slug":"eldri-borgarar","status":"publish","type":"page","link":"https:\/\/fjolmenning.arborg.is\/en\/ibuar\/eldri-borgarar\/","title":{"rendered":"Senior citizens"},"content":{"rendered":"<h1>\n\t\t\tSenior citizens\t<\/h1>\n\t<p>The municipality puts emphasis on providing diverse and individual services for senior citizens, both within the household as well as in other facilities. The service offered by the municipality strives to enable senior citizens to live at home as long as possible and maintain their quality of life.<\/p>\n\t<p>For further information, go to the \u00c1rborg Municipality website: <a href=\"https:\/\/www.arborg.is\/ibuar\/felagsthjonusta\/fullordinsteymi\/#eldriborgarar\" target=\"_blank\" rel=\"noopener\">https:\/\/www.arborg.is\/ibuar\/felagsthjonusta\/fullordinsteymi\/#eldriborgarar<\/a><\/p>","protected":false},"excerpt":{"rendered":"<p>Eldri borgarar Sveitarf\u00e9lagi\u00f0 leggur \u00e1herslu \u00e1 a\u00f0 veita fj\u00f6lbreytta og einstaklingsmi\u00f0a\u00f0a \u00fej\u00f3nustu fyrir eldri borgara, b\u00e6\u00f0i innan heimila jafnt sem utan \u00feeirra. \u00dej\u00f3nustan mi\u00f0ar a\u00f0 \u00fev\u00ed a\u00f0 eldri borgarar geti b\u00fai\u00f0 eins lengi og unnt er \u00ed heimah\u00fasum vi\u00f0 sem e\u00f0lilegast heimilisl\u00edf. N\u00e1nari uppl\u00fdsingar \u00e1 vefs\u00ed\u00f0u \u00c1rborgar: https:\/\/www.arborg.is\/ibuar\/felagsthjonusta\/fullordinsteymi\/#eldriborgarar<\/p>","protected":false},"author":4,"featured_media":0,"parent":16503,"menu_order":0,"comment_status":"closed","ping_status":"closed","template":"","meta":{"inline_featured_image":false,"site-sidebar-layout":"no-sidebar","site-content-layout":"page-builder","ast-site-content-layout":"default","site-content-style":"default","site-sidebar-style":"default","ast-global-header-display":"","ast-banner-title-visibility":"","ast-main-header-display":"","ast-hfb-above-header-display":"","ast-hfb-below-header-display":"","ast-hfb-mobile-header-display":"","site-post-title":"disabled","ast-breadcrumbs-content":"","ast-featured-img":"disabled","footer-sml-layout":"","theme-transparent-header-meta":"default","adv-header-id-meta":"","stick-header-meta":"","header-above-stick-meta":"","header-main-stick-meta":"","header-below-stick-meta":"","astra-migrate-meta-layouts":"default","ast-page-background-enabled":"default","ast-page-background-meta":{"desktop":{"background-color":"","background-image":"","background-repeat":"repeat","background-position":"center center","background-size":"auto","background-attachment":"scroll","background-type":"","background-media":"","overlay-type":"","overlay-color":"","overlay-opacity":"","overlay-gradient":""},"tablet":{"background-color":"","background-image":"","background-repeat":"repeat","background-position":"center center","background-size":"auto","background-attachment":"scroll","background-type":"","background-media":"","overlay-type":"","overlay-color":"","overlay-opacity":"","overlay-gradient":""},"mobile":{"background-color":"","background-image":"","background-repeat":"repeat","background-position":"center center","background-size":"auto","background-attachment":"scroll","background-type":"","background-media":"","overlay-type":"","overlay-color":"","overlay-opacity":"","overlay-gradient":""}},"ast-content-background-meta":{"desktop":{"background-color":"var(--ast-global-color-5)","background-image":"","background-repeat":"repeat","background-position":"center center","background-size":"auto","background-attachment":"scroll","background-type":"","background-media":"","overlay-type":"","overlay-color":"","overlay-opacity":"","overlay-gradient":""},"tablet":{"background-color":"var(--ast-global-color-5)","background-image":"","background-repeat":"repeat","background-position":"center center","background-size":"auto","background-attachment":"scroll","background-type":"","background-media":"","overlay-type":"","overlay-color":"","overlay-opacity":"","overlay-gradient":""},"mobile":{"background-color":"var(--ast-global-color-5)","background-image":"","background-repeat":"repeat","background-position":"center center","background-size":"auto","background-attachment":"scroll","background-type":"","background-media":"","overlay-type":"","overlay-color":"","overlay-opacity":"","overlay-gradient":""}},"footnotes":""},"class_list":["post-17195","page","type-page","status-publish","hentry"],"_links":{"self":[{"href":"https:\/\/fjolmenning.arborg.is\/en\/wp-json\/wp\/v2\/pages\/17195","targetHints":{"allow":["GET"]}}],"collection":[{"href":"https:\/\/fjolmenning.arborg.is\/en\/wp-json\/wp\/v2\/pages"}],"about":[{"href":"https:\/\/fjolmenning.arborg.is\/en\/wp-json\/wp\/v2\/types\/page"}],"author":[{"embeddable":true,"href":"https:\/\/fjolmenning.arborg.is\/en\/wp-json\/wp\/v2\/users\/4"}],"replies":[{"embeddable":true,"href":"https:\/\/fjolmenning.arborg.is\/en\/wp-json\/wp\/v2\/comments?post=17195"}],"version-history":[{"count":4,"href":"https:\/\/fjolmenning.arborg.is\/en\/wp-json\/wp\/v2\/pages\/17195\/revisions"}],"predecessor-version":[{"id":18226,"href":"https:\/\/fjolmenning.arborg.is\/en\/wp-json\/wp\/v2\/pages\/17195\/revisions\/18226"}],"up":[{"embeddable":true,"href":"https:\/\/fjolmenning.arborg.is\/en\/wp-json\/wp\/v2\/pages\/16503"}],"wp:attachment":[{"href":"https:\/\/fjolmenning.arborg.is\/en\/wp-json\/wp\/v2\/media?parent=17195"}],"curies":[{"name":"wp","href":"https:\/\/api.w.org\/{rel}","templated":true}]}}