{"id":17163,"date":"2020-12-15T15:07:02","date_gmt":"2020-12-15T15:07:02","guid":{"rendered":"https:\/\/fjolmenning.arborg.is\/?page_id=17163"},"modified":"2025-07-16T11:52:13","modified_gmt":"2025-07-16T11:52:13","slug":"tomstundir","status":"publish","type":"page","link":"https:\/\/fjolmenning.arborg.is\/en\/ibuar\/tomstundir\/","title":{"rendered":"Recreation and social activities"},"content":{"rendered":"<h1>\n\t\t\tRecreation and social activities\t<\/h1>\n\t<p>\u00c1rborg area offers a wide range of leisure and social activities for all age groups. Whether it is participation in rescue teams, choirs, music associations or civic organizations, there is plenty to choose.<\/p>\n\t<p>For further information, go to the \u00c1rborg Municipality website: <a href=\"https:\/\/www.arborg.is\/mannlif\/menning\/felagastarfsemi\/#nnurfelagasamtok\" target=\"_blank\" rel=\"noopener\">https:\/\/www.arborg.is\/mannlif\/menning\/felagastarfsemi\/#nnurfelagasamtok<\/a><\/p>\n<p><strong><em>Str\u00f3kur<\/em><\/strong><\/p>\n<p>Str\u00f3kur is an activity and rehabilitation centre for individuals with mental disorders\/socially isolated. Str\u00f3kur is open to all residents in the South Iceland aged 18 to 70 years that aim at rehabilitation and active participation in the society. Participation is free of charge, but it is expected that everyone contributes their personal input to the activities. The focus is on individual support.<\/p>\n<p>Further information: <a href=\"https:\/\/strokur.is\/\" target=\"_blank\" rel=\"noopener\">https:\/\/strokur.is\/<\/a><\/p>\n<p><em><strong>Selurinn<\/strong><\/em><\/p>\n<p>Selurinn is an educational and recreational association for individuals with disabilities, 16 years and older, serving the southern quarter.<\/p>\n<p>Further information: <a href=\"https:\/\/fristundamidstod.arborg.is\/fristundaklubbar\/selurinn\/almennar-upplysingar\" target=\"_blank\" rel=\"noopener\">https:\/\/fristundamidstod.arborg.is\/fristundaklubbar\/selurinn\/almennar-upplysingar<\/a><\/p>","protected":false},"excerpt":{"rendered":"<p>T\u00f3mstundir og f\u00e9lagastarfsemi \u00cd Sveitarf\u00e9laginu \u00c1rborg er a\u00f0 finna fj\u00f6lbreytt f\u00e9lagastarf fyrir alla aldursh\u00f3pa. Hvort sem \u00fea\u00f0 eru bj\u00f6rgunarst\u00f6rf, s\u00f6ngur, t\u00f3nlist e\u00f0a \u00f6nnur f\u00e9lagastarfsemi \u00fe\u00e1 er um n\u00f3g a\u00f0 velja. N\u00e1nari uppl\u00fdsingar \u00e1 vefs\u00ed\u00f0u \u00c1rborgar: https:\/\/www.arborg.is\/mannlif\/menning\/felagastarfsemi\/#nnurfelagasamtok Str\u00f3kur Str\u00f3kur virknimi\u00f0st\u00f6\u00f0 er athvarf og endurh\u00e6fingar\u00farr\u00e6\u00f0i fyrir f\u00f3lk me\u00f0 ge\u00f0raskanir\/f\u00e9lagslega einangrun. Str\u00f3kur er opinn \u00f6llum \u00edb\u00faum \u00e1 Su\u00f0urlandi [&hellip;]<\/p>\n","protected":false},"author":4,"featured_media":0,"parent":16503,"menu_order":0,"comment_status":"closed","ping_status":"closed","template":"","meta":{"inline_featured_image":false,"site-sidebar-layout":"no-sidebar","site-content-layout":"page-builder","ast-site-content-layout":"default","site-content-style":"default","site-sidebar-style":"default","ast-global-header-display":"","ast-banner-title-visibility":"","ast-main-header-display":"","ast-hfb-above-header-display":"","ast-hfb-below-header-display":"","ast-hfb-mobile-header-display":"","site-post-title":"disabled","ast-breadcrumbs-content":"","ast-featured-img":"disabled","footer-sml-layout":"","theme-transparent-header-meta":"default","adv-header-id-meta":"","stick-header-meta":"","header-above-stick-meta":"","header-main-stick-meta":"","header-below-stick-meta":"","astra-migrate-meta-layouts":"default","ast-page-background-enabled":"default","ast-page-background-meta":{"desktop":{"background-color":"","background-image":"","background-repeat":"repeat","background-position":"center center","background-size":"auto","background-attachment":"scroll","background-type":"","background-media":"","overlay-type":"","overlay-color":"","overlay-opacity":"","overlay-gradient":""},"tablet":{"background-color":"","background-image":"","background-repeat":"repeat","background-position":"center center","background-size":"auto","background-attachment":"scroll","background-type":"","background-media":"","overlay-type":"","overlay-color":"","overlay-opacity":"","overlay-gradient":""},"mobile":{"background-color":"","background-image":"","background-repeat":"repeat","background-position":"center center","background-size":"auto","background-attachment":"scroll","background-type":"","background-media":"","overlay-type":"","overlay-color":"","overlay-opacity":"","overlay-gradient":""}},"ast-content-background-meta":{"desktop":{"background-color":"var(--ast-global-color-5)","background-image":"","background-repeat":"repeat","background-position":"center center","background-size":"auto","background-attachment":"scroll","background-type":"","background-media":"","overlay-type":"","overlay-color":"","overlay-opacity":"","overlay-gradient":""},"tablet":{"background-color":"var(--ast-global-color-5)","background-image":"","background-repeat":"repeat","background-position":"center center","background-size":"auto","background-attachment":"scroll","background-type":"","background-media":"","overlay-type":"","overlay-color":"","overlay-opacity":"","overlay-gradient":""},"mobile":{"background-color":"var(--ast-global-color-5)","background-image":"","background-repeat":"repeat","background-position":"center center","background-size":"auto","background-attachment":"scroll","background-type":"","background-media":"","overlay-type":"","overlay-color":"","overlay-opacity":"","overlay-gradient":""}},"footnotes":""},"class_list":["post-17163","page","type-page","status-publish","hentry"],"_links":{"self":[{"href":"https:\/\/fjolmenning.arborg.is\/en\/wp-json\/wp\/v2\/pages\/17163","targetHints":{"allow":["GET"]}}],"collection":[{"href":"https:\/\/fjolmenning.arborg.is\/en\/wp-json\/wp\/v2\/pages"}],"about":[{"href":"https:\/\/fjolmenning.arborg.is\/en\/wp-json\/wp\/v2\/types\/page"}],"author":[{"embeddable":true,"href":"https:\/\/fjolmenning.arborg.is\/en\/wp-json\/wp\/v2\/users\/4"}],"replies":[{"embeddable":true,"href":"https:\/\/fjolmenning.arborg.is\/en\/wp-json\/wp\/v2\/comments?post=17163"}],"version-history":[{"count":7,"href":"https:\/\/fjolmenning.arborg.is\/en\/wp-json\/wp\/v2\/pages\/17163\/revisions"}],"predecessor-version":[{"id":18234,"href":"https:\/\/fjolmenning.arborg.is\/en\/wp-json\/wp\/v2\/pages\/17163\/revisions\/18234"}],"up":[{"embeddable":true,"href":"https:\/\/fjolmenning.arborg.is\/en\/wp-json\/wp\/v2\/pages\/16503"}],"wp:attachment":[{"href":"https:\/\/fjolmenning.arborg.is\/en\/wp-json\/wp\/v2\/media?parent=17163"}],"curies":[{"name":"wp","href":"https:\/\/api.w.org\/{rel}","templated":true}]}}