{"id":17161,"date":"2020-12-15T15:06:34","date_gmt":"2020-12-15T15:06:34","guid":{"rendered":"https:\/\/fjolmenning.arborg.is\/?page_id=17161"},"modified":"2025-07-16T11:48:49","modified_gmt":"2025-07-16T11:48:49","slug":"fjarhagsadstod","status":"publish","type":"page","link":"https:\/\/fjolmenning.arborg.is\/en\/ibuar\/fjarhagsadstod\/","title":{"rendered":"Financial assistance"},"content":{"rendered":"<h1>\n\t\t\tFinancial assistance  \t<\/h1>\n\t<p>Every individual is obliged to provide for oneself, spouse, and children under the age of 18. The Family Department of \u00c1rborg Municipality provides financial assistance to individuals and families who cannot provide for themselves and their families without assistance, in accordance with the Municipalities' Social Services Act, No. 40\/1991 and the Financial Assistance Regulations of the \u00c1rborg Municipality. Financial assistance is provided in relation to other countermeasures of social services.\u00a0<\/p>\n\t<p><b>Right to financial assistance<\/b>\u00a0<\/p>\n<p>Individuals with a legal household in \u00c1rborg Municipality who have income equal to or below the threshold can apply for financial assistance. Revenue limits are based on the amount of financial assistance. Couples who are in a registered cohabitation in the National Registry have the same right to financial assistance as married couples.\u00a0<\/p>\n<p>Ums\u00e6kjanda ber a\u00f0 kanna til \u00ferautar r\u00e9tt til annarra grei\u00f0slna \u00e1\u00f0ur en s\u00f3tt er um fj\u00e1rhagsa\u00f0sto\u00f0, \u00fear me\u00f0 tali\u00f0 fr\u00e1 almannatryggingum, atvinnuleysistryggingum,\u00a0Menntasj\u00f3\u00f0i n\u00e1msmanna,\u202ff\u00e6\u00f0ingarorlofssj\u00f3\u00f0i,\u202fl\u00edfeyrissj\u00f3\u00f0um og sj\u00fakrasj\u00f3\u00f0um st\u00e9ttarf\u00e9laga.\u202fUms\u00e6kjandi \u00fearf a\u00f0 tilkynna um breytingar \u00e1 tekjum og fj\u00f6lskyldua\u00f0st\u00e6\u00f0um en sl\u00edkar breytingar geta haft \u00e1hrif \u00e1 r\u00e9tt til fj\u00e1rhagsa\u00f0sto\u00f0ar. Fj\u00e1rhagsa\u00f0sto\u00f0 sem er veitt \u00e1 grundvelli rangra e\u00f0a villandi uppl\u00fdsinga er\u00a0endurkr\u00e6f.\u202fHeimildir eru til styrkja e\u00f0a l\u00e1ns vegna s\u00e9rstakra a\u00f0st\u00e6\u00f0na.\u00a0<\/p>\n<p><b>Reduction of financial assistance<\/b>\u00a0<\/p>\n<p>Hafi ums\u00e6kjandi um fj\u00e1rhagsa\u00f0sto\u00f0 hafna\u00f0 atvinnu e\u00f0a sagt starfi s\u00ednu lausu \u00e1n vi\u00f0hl\u00edtandi sk\u00fdringa er heimilt a\u00f0 grei\u00f0a honum\u00a0h\u00e1lfa grunnupph\u00e6\u00f0 til framf\u00e6rslu \u00feann m\u00e1nu\u00f0 sem ums\u00e6kjandi hafnar vinnu og m\u00e1nu\u00f0inn \u00fear \u00e1 eftir.\u202fSama \u00e1 vi\u00f0 um atvinnulausan ums\u00e6kjanda sem ekki s\u00fdnir fram \u00e1 sta\u00f0festa skr\u00e1ningu s\u00edna fr\u00e1 Vinnum\u00e1lastofnun.\u202f\u00de\u00e1 sker\u00f0ist me\u00f0 sama h\u00e6tti r\u00e9ttur ums\u00e6kjanda sem h\u00e6tt hefur \u00fe\u00e1ttt\u00f6ku \u00ed \u00e1taksverkefni, endurh\u00e6fingu og einstaklingsmi\u00f0a\u00f0ri \u00e1\u00e6tlun hj\u00e1 r\u00e1\u00f0gjafa, nema veigamiklar \u00e1st\u00e6\u00f0ur sem fram koma vi\u00f0 mat \u00e1 a\u00f0st\u00e6\u00f0um ums\u00e6kjanda m\u00e6li gegn \u00fev\u00ed.\u202f\u00a0<\/p>\n<p>Further information: <a href=\"https:\/\/www.arborg.is\/ibuar\/felagsthjonusta\/fullordinsteymi\/#fjarhagsasto\" target=\"_blank\" rel=\"noopener\">https:\/\/www.arborg.is\/ibuar\/felagsthjonusta\/fullordinsteymi\/#fjarhagsasto<\/a><\/p>","protected":false},"excerpt":{"rendered":"<p>Fj\u00e1rhagsa\u00f0sto\u00f0 Hverjum manni er skylt a\u00f0 framf\u00e6ra sj\u00e1lfan sig, maka sinn og b\u00f6rn yngri en 18 \u00e1ra.\u202fFj\u00f6lskyldusvi\u00f0 \u00c1rborgar veitir fj\u00e1rhagsa\u00f0sto\u00f0 til framf\u00e6rslu einstaklinga og fj\u00f6lskyldna sem ekki geta s\u00e9\u00f0 s\u00e9r og s\u00ednum farbor\u00f0a \u00e1n a\u00f0sto\u00f0ar, samkv\u00e6mt l\u00f6gum um f\u00e9lags\u00fej\u00f3nustu sveitarf\u00e9laga nr. 40\/1991 og reglum um fj\u00e1rhagsa\u00f0sto\u00f0 \u00ed \u00c1rborg. Fj\u00e1rhagsa\u00f0sto\u00f0 er veitt \u00ed e\u00f0lilegum tengslum vi\u00f0 [&hellip;]<\/p>\n","protected":false},"author":4,"featured_media":0,"parent":16503,"menu_order":0,"comment_status":"closed","ping_status":"closed","template":"","meta":{"inline_featured_image":false,"site-sidebar-layout":"no-sidebar","site-content-layout":"page-builder","ast-site-content-layout":"default","site-content-style":"default","site-sidebar-style":"default","ast-global-header-display":"","ast-banner-title-visibility":"","ast-main-header-display":"","ast-hfb-above-header-display":"","ast-hfb-below-header-display":"","ast-hfb-mobile-header-display":"","site-post-title":"disabled","ast-breadcrumbs-content":"","ast-featured-img":"disabled","footer-sml-layout":"","theme-transparent-header-meta":"default","adv-header-id-meta":"","stick-header-meta":"","header-above-stick-meta":"","header-main-stick-meta":"","header-below-stick-meta":"","astra-migrate-meta-layouts":"default","ast-page-background-enabled":"default","ast-page-background-meta":{"desktop":{"background-color":"","background-image":"","background-repeat":"repeat","background-position":"center center","background-size":"auto","background-attachment":"scroll","background-type":"","background-media":"","overlay-type":"","overlay-color":"","overlay-opacity":"","overlay-gradient":""},"tablet":{"background-color":"","background-image":"","background-repeat":"repeat","background-position":"center center","background-size":"auto","background-attachment":"scroll","background-type":"","background-media":"","overlay-type":"","overlay-color":"","overlay-opacity":"","overlay-gradient":""},"mobile":{"background-color":"","background-image":"","background-repeat":"repeat","background-position":"center center","background-size":"auto","background-attachment":"scroll","background-type":"","background-media":"","overlay-type":"","overlay-color":"","overlay-opacity":"","overlay-gradient":""}},"ast-content-background-meta":{"desktop":{"background-color":"var(--ast-global-color-5)","background-image":"","background-repeat":"repeat","background-position":"center center","background-size":"auto","background-attachment":"scroll","background-type":"","background-media":"","overlay-type":"","overlay-color":"","overlay-opacity":"","overlay-gradient":""},"tablet":{"background-color":"var(--ast-global-color-5)","background-image":"","background-repeat":"repeat","background-position":"center center","background-size":"auto","background-attachment":"scroll","background-type":"","background-media":"","overlay-type":"","overlay-color":"","overlay-opacity":"","overlay-gradient":""},"mobile":{"background-color":"var(--ast-global-color-5)","background-image":"","background-repeat":"repeat","background-position":"center center","background-size":"auto","background-attachment":"scroll","background-type":"","background-media":"","overlay-type":"","overlay-color":"","overlay-opacity":"","overlay-gradient":""}},"footnotes":""},"class_list":["post-17161","page","type-page","status-publish","hentry"],"_links":{"self":[{"href":"https:\/\/fjolmenning.arborg.is\/en\/wp-json\/wp\/v2\/pages\/17161","targetHints":{"allow":["GET"]}}],"collection":[{"href":"https:\/\/fjolmenning.arborg.is\/en\/wp-json\/wp\/v2\/pages"}],"about":[{"href":"https:\/\/fjolmenning.arborg.is\/en\/wp-json\/wp\/v2\/types\/page"}],"author":[{"embeddable":true,"href":"https:\/\/fjolmenning.arborg.is\/en\/wp-json\/wp\/v2\/users\/4"}],"replies":[{"embeddable":true,"href":"https:\/\/fjolmenning.arborg.is\/en\/wp-json\/wp\/v2\/comments?post=17161"}],"version-history":[{"count":15,"href":"https:\/\/fjolmenning.arborg.is\/en\/wp-json\/wp\/v2\/pages\/17161\/revisions"}],"predecessor-version":[{"id":18220,"href":"https:\/\/fjolmenning.arborg.is\/en\/wp-json\/wp\/v2\/pages\/17161\/revisions\/18220"}],"up":[{"embeddable":true,"href":"https:\/\/fjolmenning.arborg.is\/en\/wp-json\/wp\/v2\/pages\/16503"}],"wp:attachment":[{"href":"https:\/\/fjolmenning.arborg.is\/en\/wp-json\/wp\/v2\/media?parent=17161"}],"curies":[{"name":"wp","href":"https:\/\/api.w.org\/{rel}","templated":true}]}}