{"id":17096,"date":"2020-12-10T22:23:29","date_gmt":"2020-12-10T22:23:29","guid":{"rendered":"https:\/\/fjolmenning.arborg.is\/?page_id=17096"},"modified":"2025-07-16T14:46:20","modified_gmt":"2025-07-16T14:46:20","slug":"bolusetningar","status":"publish","type":"page","link":"https:\/\/fjolmenning.arborg.is\/en\/heilsa\/bolusetningar\/","title":{"rendered":"Vaccination"},"content":{"rendered":"<h1>\n\t\t\tVaccination\t<\/h1>\n\t<p>Vaccination has been available in Iceland for many decades and the participation is high, especially when it comes to childhood vaccination.<\/p>\n\t<p><strong>Adult vaccination<\/strong><\/p>\n<p>Adults and tourists pay the cost of vaccination themselves.\u00a0<\/p>\n<p>Further information: \u00a0<a href=\"https:\/\/island.is\/bolusetningar\" target=\"_blank\" rel=\"noopener\">https:\/\/island.is\/bolusetningar<\/a><\/p>\n<p>&nbsp;<\/p>\n<p><strong>Vaccination of children<\/strong><\/p>\n<p>The vaccination of children who have a legal household in Iceland is cost-free.<\/p>\n<p>Further information:\u00a0<a href=\"https:\/\/island.is\/bolusetningar-barna\" target=\"_blank\" rel=\"noopener\">https:\/\/island.is\/bolusetningar-barna<\/a><\/p>\n<p>Further information in English:\u00a0<a href=\"https:\/\/assets.ctfassets.net\/8k0h54kbe6bj\/4dZeAPJQbGqLvgfqG8JvEV\/65e8e09d2f0968cf62feca9b98f24183\/Enska_14.08.2023.pdf\" target=\"_blank\" rel=\"noopener\">https:\/\/assets.ctfassets.net\/8k0h54kbe6bj\/4dZeAPJQbGqLvgfqG8JvEV\/65e8e09d2f0968cf62feca9b98f24183\/Enska_14.08.2023.pdf<\/a><\/p>","protected":false},"excerpt":{"rendered":"<p>B\u00f3lusetningar B\u00f3lusetningar hafa veri\u00f0 almennar h\u00e9r \u00e1 landi \u00ed marga \u00e1ratugi og \u00fe\u00e1tttaka \u00ed \u00feeim er mikil, einkum \u00ed b\u00f3lusetningu barna. B\u00f3lusetningar fullor\u00f0inna Fullor\u00f0nir og fer\u00f0amenn grei\u00f0a sj\u00e1lfir kostna\u00f0 vi\u00f0 b\u00f3lusetningar.\u00a0 N\u00e1nari uppl\u00fdsingar: \u00a0https:\/\/island.is\/bolusetningar &nbsp; B\u00f3lusetningar barna B\u00f3lusetningar barna sem eiga l\u00f6gheimili \u00e1 \u00cdslandi eru forr\u00e1\u00f0am\u00f6nnum \u00feeirra a\u00f0 kostna\u00f0arlausu. N\u00e1nari uppl\u00fdsingar:\u00a0https:\/\/island.is\/bolusetningar-barna N\u00e1nari uppl\u00fdsingar \u00e1 ensku:\u00a0https:\/\/assets.ctfassets.net\/8k0h54kbe6bj\/4dZeAPJQbGqLvgfqG8JvEV\/65e8e09d2f0968cf62feca9b98f24183\/Enska_14.08.2023.pdf<\/p>","protected":false},"author":5,"featured_media":0,"parent":16512,"menu_order":0,"comment_status":"closed","ping_status":"closed","template":"","meta":{"inline_featured_image":false,"site-sidebar-layout":"no-sidebar","site-content-layout":"page-builder","ast-site-content-layout":"default","site-content-style":"default","site-sidebar-style":"default","ast-global-header-display":"","ast-banner-title-visibility":"","ast-main-header-display":"","ast-hfb-above-header-display":"","ast-hfb-below-header-display":"","ast-hfb-mobile-header-display":"","site-post-title":"disabled","ast-breadcrumbs-content":"","ast-featured-img":"disabled","footer-sml-layout":"","theme-transparent-header-meta":"default","adv-header-id-meta":"","stick-header-meta":"","header-above-stick-meta":"","header-main-stick-meta":"","header-below-stick-meta":"","astra-migrate-meta-layouts":"default","ast-page-background-enabled":"default","ast-page-background-meta":{"desktop":{"background-color":"","background-image":"","background-repeat":"repeat","background-position":"center center","background-size":"auto","background-attachment":"scroll","background-type":"","background-media":"","overlay-type":"","overlay-color":"","overlay-opacity":"","overlay-gradient":""},"tablet":{"background-color":"","background-image":"","background-repeat":"repeat","background-position":"center center","background-size":"auto","background-attachment":"scroll","background-type":"","background-media":"","overlay-type":"","overlay-color":"","overlay-opacity":"","overlay-gradient":""},"mobile":{"background-color":"","background-image":"","background-repeat":"repeat","background-position":"center center","background-size":"auto","background-attachment":"scroll","background-type":"","background-media":"","overlay-type":"","overlay-color":"","overlay-opacity":"","overlay-gradient":""}},"ast-content-background-meta":{"desktop":{"background-color":"var(--ast-global-color-5)","background-image":"","background-repeat":"repeat","background-position":"center center","background-size":"auto","background-attachment":"scroll","background-type":"","background-media":"","overlay-type":"","overlay-color":"","overlay-opacity":"","overlay-gradient":""},"tablet":{"background-color":"var(--ast-global-color-5)","background-image":"","background-repeat":"repeat","background-position":"center center","background-size":"auto","background-attachment":"scroll","background-type":"","background-media":"","overlay-type":"","overlay-color":"","overlay-opacity":"","overlay-gradient":""},"mobile":{"background-color":"var(--ast-global-color-5)","background-image":"","background-repeat":"repeat","background-position":"center center","background-size":"auto","background-attachment":"scroll","background-type":"","background-media":"","overlay-type":"","overlay-color":"","overlay-opacity":"","overlay-gradient":""}},"footnotes":""},"class_list":["post-17096","page","type-page","status-publish","hentry"],"_links":{"self":[{"href":"https:\/\/fjolmenning.arborg.is\/en\/wp-json\/wp\/v2\/pages\/17096","targetHints":{"allow":["GET"]}}],"collection":[{"href":"https:\/\/fjolmenning.arborg.is\/en\/wp-json\/wp\/v2\/pages"}],"about":[{"href":"https:\/\/fjolmenning.arborg.is\/en\/wp-json\/wp\/v2\/types\/page"}],"author":[{"embeddable":true,"href":"https:\/\/fjolmenning.arborg.is\/en\/wp-json\/wp\/v2\/users\/5"}],"replies":[{"embeddable":true,"href":"https:\/\/fjolmenning.arborg.is\/en\/wp-json\/wp\/v2\/comments?post=17096"}],"version-history":[{"count":12,"href":"https:\/\/fjolmenning.arborg.is\/en\/wp-json\/wp\/v2\/pages\/17096\/revisions"}],"predecessor-version":[{"id":18327,"href":"https:\/\/fjolmenning.arborg.is\/en\/wp-json\/wp\/v2\/pages\/17096\/revisions\/18327"}],"up":[{"embeddable":true,"href":"https:\/\/fjolmenning.arborg.is\/en\/wp-json\/wp\/v2\/pages\/16512"}],"wp:attachment":[{"href":"https:\/\/fjolmenning.arborg.is\/en\/wp-json\/wp\/v2\/media?parent=17096"}],"curies":[{"name":"wp","href":"https:\/\/api.w.org\/{rel}","templated":true}]}}