{"id":16986,"date":"2020-11-12T13:45:08","date_gmt":"2020-11-12T13:45:08","guid":{"rendered":"https:\/\/fjolmenning.arborg.is\/?page_id=16986"},"modified":"2024-01-24T14:03:21","modified_gmt":"2024-01-24T14:03:21","slug":"hafa-samband","status":"publish","type":"page","link":"https:\/\/fjolmenning.arborg.is\/en\/hafa-samband\/","title":{"rendered":"Contact us"},"content":{"rendered":"<h4>Aneta Stanis\u0142awa Figlarska<\/h4>\nKennslur\u00e1\u00f0gjafi \u00ed fj\u00f6lmenningu<br \/>\n<a href=\"mailto:asf@arborg.is\">asf@arborg.is<\/a>\n<p><a href=\"tel:+3544801974\">480 1974<\/a> | <a href=\"tel:+3548461098\">846 1098<\/a><\/p>\n<h4>Anna Katarzyna Wo\u017aniczka<\/h4>\nVerkefnastj\u00f3ri \u00ed m\u00e1lefnum fl\u00f3ttamanna<br \/>\n<a href=\"mailto:anna.katarzyna@arborg.is\">anna.katarzyna@arborg.is<\/a><br \/>\n<a href=\"tel:+3544801900\">480 1900<\/a>","protected":false},"excerpt":{"rendered":"<p>Aneta Stanis\u0142awa Figlarska Kennslur\u00e1\u00f0gjafi \u00ed fj\u00f6lmenningu asf@arborg.is 480 1974 | 846 1098 Anna Katarzyna Wo\u017aniczka Verkefnastj\u00f3ri \u00ed m\u00e1lefnum fl\u00f3ttamanna anna.katarzyna@arborg.is 480 1900<\/p>","protected":false},"author":4,"featured_media":0,"parent":0,"menu_order":0,"comment_status":"closed","ping_status":"closed","template":"","meta":{"inline_featured_image":false,"site-sidebar-layout":"no-sidebar","site-content-layout":"page-builder","ast-site-content-layout":"default","site-content-style":"default","site-sidebar-style":"default","ast-global-header-display":"","ast-banner-title-visibility":"","ast-main-header-display":"","ast-hfb-above-header-display":"","ast-hfb-below-header-display":"","ast-hfb-mobile-header-display":"","site-post-title":"disabled","ast-breadcrumbs-content":"","ast-featured-img":"disabled","footer-sml-layout":"","theme-transparent-header-meta":"default","adv-header-id-meta":"","stick-header-meta":"","header-above-stick-meta":"","header-main-stick-meta":"","header-below-stick-meta":"","astra-migrate-meta-layouts":"default","ast-page-background-enabled":"default","ast-page-background-meta":{"desktop":{"background-color":"","background-image":"","background-repeat":"repeat","background-position":"center center","background-size":"auto","background-attachment":"scroll","background-type":"","background-media":"","overlay-type":"","overlay-color":"","overlay-opacity":"","overlay-gradient":""},"tablet":{"background-color":"","background-image":"","background-repeat":"repeat","background-position":"center center","background-size":"auto","background-attachment":"scroll","background-type":"","background-media":"","overlay-type":"","overlay-color":"","overlay-opacity":"","overlay-gradient":""},"mobile":{"background-color":"","background-image":"","background-repeat":"repeat","background-position":"center center","background-size":"auto","background-attachment":"scroll","background-type":"","background-media":"","overlay-type":"","overlay-color":"","overlay-opacity":"","overlay-gradient":""}},"ast-content-background-meta":{"desktop":{"background-color":"var(--ast-global-color-5)","background-image":"","background-repeat":"repeat","background-position":"center center","background-size":"auto","background-attachment":"scroll","background-type":"","background-media":"","overlay-type":"","overlay-color":"","overlay-opacity":"","overlay-gradient":""},"tablet":{"background-color":"var(--ast-global-color-5)","background-image":"","background-repeat":"repeat","background-position":"center center","background-size":"auto","background-attachment":"scroll","background-type":"","background-media":"","overlay-type":"","overlay-color":"","overlay-opacity":"","overlay-gradient":""},"mobile":{"background-color":"var(--ast-global-color-5)","background-image":"","background-repeat":"repeat","background-position":"center center","background-size":"auto","background-attachment":"scroll","background-type":"","background-media":"","overlay-type":"","overlay-color":"","overlay-opacity":"","overlay-gradient":""}},"footnotes":""},"class_list":["post-16986","page","type-page","status-publish","hentry"],"_links":{"self":[{"href":"https:\/\/fjolmenning.arborg.is\/en\/wp-json\/wp\/v2\/pages\/16986","targetHints":{"allow":["GET"]}}],"collection":[{"href":"https:\/\/fjolmenning.arborg.is\/en\/wp-json\/wp\/v2\/pages"}],"about":[{"href":"https:\/\/fjolmenning.arborg.is\/en\/wp-json\/wp\/v2\/types\/page"}],"author":[{"embeddable":true,"href":"https:\/\/fjolmenning.arborg.is\/en\/wp-json\/wp\/v2\/users\/4"}],"replies":[{"embeddable":true,"href":"https:\/\/fjolmenning.arborg.is\/en\/wp-json\/wp\/v2\/comments?post=16986"}],"version-history":[{"count":8,"href":"https:\/\/fjolmenning.arborg.is\/en\/wp-json\/wp\/v2\/pages\/16986\/revisions"}],"predecessor-version":[{"id":18009,"href":"https:\/\/fjolmenning.arborg.is\/en\/wp-json\/wp\/v2\/pages\/16986\/revisions\/18009"}],"wp:attachment":[{"href":"https:\/\/fjolmenning.arborg.is\/en\/wp-json\/wp\/v2\/media?parent=16986"}],"curies":[{"name":"wp","href":"https:\/\/api.w.org\/{rel}","templated":true}]}}