{"id":16977,"date":"2020-11-12T13:33:20","date_gmt":"2020-11-12T13:33:20","guid":{"rendered":"https:\/\/fjolmenning.arborg.is\/?page_id=16977"},"modified":"2024-11-21T14:17:51","modified_gmt":"2024-11-21T14:17:51","slug":"eydublod","status":"publish","type":"page","link":"https:\/\/fjolmenning.arborg.is\/en\/heilsa\/tannlaeknathjonusta\/eydublod\/","title":{"rendered":"Application forms"},"content":{"rendered":"<h1>\n\t\tApplication forms\n\t<\/h1>\n\t<p>Online versions of applications are available on: <strong><a href=\"https:\/\/fjolmenning.arborg.is\/en\/ibuar\/min-arborg\/\">https:\/\/fjolmenning.arborg.is\/ibuar\/min-arborg\/<\/a><\/strong>.<\/p>\n<p>Printed versions of application forms to fill out can be accessed at the Front Desk of the Town Hall, Austurvegur 2, Selfoss.<\/p>","protected":false},"excerpt":{"rendered":"<p>Ey\u00f0ubl\u00f6\u00f0 Rafr\u00e6n ey\u00f0ubl\u00f6\u00f0 m\u00e1 finna \u00e1 https:\/\/fjolmenning.arborg.is\/ibuar\/min-arborg\/. Prentv\u00e6nar \u00fatg\u00e1fur af ums\u00f3knum m\u00e1 n\u00e1lgast \u00ed \u00dej\u00f3nustuver R\u00e1\u00f0h\u00fas\u00edns, Austurvegi 2, Selfossi.<\/p>","protected":false},"author":4,"featured_media":0,"parent":16877,"menu_order":0,"comment_status":"closed","ping_status":"closed","template":"","meta":{"inline_featured_image":false,"site-sidebar-layout":"no-sidebar","site-content-layout":"page-builder","ast-site-content-layout":"default","site-content-style":"default","site-sidebar-style":"default","ast-global-header-display":"","ast-banner-title-visibility":"","ast-main-header-display":"","ast-hfb-above-header-display":"","ast-hfb-below-header-display":"","ast-hfb-mobile-header-display":"","site-post-title":"disabled","ast-breadcrumbs-content":"","ast-featured-img":"disabled","footer-sml-layout":"","theme-transparent-header-meta":"default","adv-header-id-meta":"","stick-header-meta":"","header-above-stick-meta":"","header-main-stick-meta":"","header-below-stick-meta":"","astra-migrate-meta-layouts":"default","ast-page-background-enabled":"default","ast-page-background-meta":{"desktop":{"background-color":"","background-image":"","background-repeat":"repeat","background-position":"center center","background-size":"auto","background-attachment":"scroll","background-type":"","background-media":"","overlay-type":"","overlay-color":"","overlay-opacity":"","overlay-gradient":""},"tablet":{"background-color":"","background-image":"","background-repeat":"repeat","background-position":"center center","background-size":"auto","background-attachment":"scroll","background-type":"","background-media":"","overlay-type":"","overlay-color":"","overlay-opacity":"","overlay-gradient":""},"mobile":{"background-color":"","background-image":"","background-repeat":"repeat","background-position":"center center","background-size":"auto","background-attachment":"scroll","background-type":"","background-media":"","overlay-type":"","overlay-color":"","overlay-opacity":"","overlay-gradient":""}},"ast-content-background-meta":{"desktop":{"background-color":"var(--ast-global-color-5)","background-image":"","background-repeat":"repeat","background-position":"center center","background-size":"auto","background-attachment":"scroll","background-type":"","background-media":"","overlay-type":"","overlay-color":"","overlay-opacity":"","overlay-gradient":""},"tablet":{"background-color":"var(--ast-global-color-5)","background-image":"","background-repeat":"repeat","background-position":"center center","background-size":"auto","background-attachment":"scroll","background-type":"","background-media":"","overlay-type":"","overlay-color":"","overlay-opacity":"","overlay-gradient":""},"mobile":{"background-color":"var(--ast-global-color-5)","background-image":"","background-repeat":"repeat","background-position":"center center","background-size":"auto","background-attachment":"scroll","background-type":"","background-media":"","overlay-type":"","overlay-color":"","overlay-opacity":"","overlay-gradient":""}},"footnotes":""},"class_list":["post-16977","page","type-page","status-publish","hentry"],"_links":{"self":[{"href":"https:\/\/fjolmenning.arborg.is\/en\/wp-json\/wp\/v2\/pages\/16977","targetHints":{"allow":["GET"]}}],"collection":[{"href":"https:\/\/fjolmenning.arborg.is\/en\/wp-json\/wp\/v2\/pages"}],"about":[{"href":"https:\/\/fjolmenning.arborg.is\/en\/wp-json\/wp\/v2\/types\/page"}],"author":[{"embeddable":true,"href":"https:\/\/fjolmenning.arborg.is\/en\/wp-json\/wp\/v2\/users\/4"}],"replies":[{"embeddable":true,"href":"https:\/\/fjolmenning.arborg.is\/en\/wp-json\/wp\/v2\/comments?post=16977"}],"version-history":[{"count":18,"href":"https:\/\/fjolmenning.arborg.is\/en\/wp-json\/wp\/v2\/pages\/16977\/revisions"}],"predecessor-version":[{"id":18101,"href":"https:\/\/fjolmenning.arborg.is\/en\/wp-json\/wp\/v2\/pages\/16977\/revisions\/18101"}],"up":[{"embeddable":true,"href":"https:\/\/fjolmenning.arborg.is\/en\/wp-json\/wp\/v2\/pages\/16877"}],"wp:attachment":[{"href":"https:\/\/fjolmenning.arborg.is\/en\/wp-json\/wp\/v2\/media?parent=16977"}],"curies":[{"name":"wp","href":"https:\/\/api.w.org\/{rel}","templated":true}]}}